{"id":336179,"date":"2022-11-27T22:07:01","date_gmt":"2024-04-19T14:18:54","guid":{"rendered":"https:\/\/www.moskito.cz\/produkt\/nozyczki-wielofunkcyjne-sog-parashears-czarne\/"},"modified":"2025-05-07T11:13:11","modified_gmt":"2025-05-07T10:13:11","slug":"nozyczki-wielofunkcyjne-sog-parashears-czarne","status":"publish","type":"product","link":"https:\/\/www.moskito.cz\/pl\/produkt\/nozyczki-wielofunkcyjne-sog-parashears-czarne\/","title":{"rendered":"No\u017cyczki wielofunkcyjne SOG PARASHEARS CZARNE"},"content":{"rendered":"<p>No\u017cyczki wielofunkcyjne <strong>SOG<\/strong> PARASHEARS CZARNE.<\/p>\n<p>ParaShears, wielofunkcyjne narz\u0119dzie zaprojektowane specjalnie dla os\u00f3b udzielaj\u0105cych pierwszej pomocy, jest dostarczane z zestawem narz\u0119dzi dostosowanym do konkretnej misji, kt\u00f3ry zawiera 11 element\u00f3w, w tym no\u017cyczki, przecinak do ta\u015bm, rozbijacz do szk\u0142a, klucz tlenowy i p\u0119sety. Wykorzystuj\u0105c opatentowan\u0105 przez SOG technologi\u0119 Compound Leverage, ParaShears s\u0105 w stanie ci\u0105\u0107 materia\u0142 \u0142atwiej i szybciej ni\u017c r\u00f3wnowa\u017cne no\u017cyce. Wydajne i niezawodne ParaShears to wielofunkcyjne narz\u0119dzie przeznaczone do szybkiej i precyzyjnej pracy w najbardziej stresuj\u0105cych warunkach w zastosowaniach medycznych.<\/p>\n<p>No\u017cyczki wielofunkcyjne gotowe do u\u017cycia w sytuacjach awaryjnych<br \/>\nWielofunkcyjne narz\u0119dzie zawieraj\u0105ce 11 narz\u0119dzi dla ratownik\u00f3w medycznych i ratownik\u00f3w. Wykonane ze stali nierdzewnej z r\u0119koje\u015bci\u0105 GRN. Wa\u017cy 4,8 uncji i jest wykonany z materia\u0142\u00f3w nadaj\u0105cych si\u0119 do autoklawowania.<\/p>\n<p>EFEKT D\u0179WIGNIOWY ZWI\u0104ZKU SOG<br \/>\nOpatentowana przez SOG technologia Compound Leverage wykorzystuje wiele punkt\u00f3w obrotu, kt\u00f3re generuj\u0105 wi\u0119kszy ud\u017awig r\u0105czki w stosunku do ruchu szczypiec. Rezultatem jest przewaga d\u017awigni, kt\u00f3ra pozwala na p\u0142ynniejsze i \u0142atwiejsze ci\u0119cie.<\/p>\n<p>11 NARZ\u0118DZIE<br \/>\nZawiera linijk\u0119 kciukow\u0105, linijk\u0119 MM, no\u017cyczki, przecinak do \u017cy\u0142ki, zbijak do szk\u0142a, p\u0119sety, krzy\u017cak nr 1, otwieracz do butelek, \u015bredni\u0105 p\u0142ask\u0105 g\u0142\u00f3wk\u0119, szyd\u0142o, przecinak do liny i klucz O2.<\/p>\n<p>ROZMIAR CA\u0141KOWITY: 185 mm<br \/>\nMATERIA\u0141 UCHWYTU: Stal nierdzewna i GRN<br \/>\nD\u0141UGO\u015a\u0106 OSTRZA: 46 mm<br \/>\nCzarny kolor<br \/>\nWAGA: 136 g<br \/>\nSTAL: 3Cr13<br \/>\nD\u0141UGO\u015a\u0106 UCHWYTU: 130 mm<br \/>\nTYP BEZPIECZNIKA: Mechanizm sk\u0142adany<br \/>\nGRUBO\u015a\u0106 OSTRZA: 2,5 mm<br \/>\nMATERIA\u0141 OBUDOWY: Nylon<\/p>\n<p><iframe title=\"Parashears\" width=\"800\" height=\"450\" src=\"https:\/\/www.youtube.com\/embed\/DOcOGQdJ56c?feature=oembed\" frameborder=\"0\" allow=\"accelerometer; autoplay; clipboard-write; encrypted-media; gyroscope; picture-in-picture; web-share\" referrerpolicy=\"strict-origin-when-cross-origin\" allowfullscreen><\/iframe><\/p>\n<p>&nbsp;<\/p>\n","protected":false},"excerpt":{"rendered":"<p>ParaShears to wielofunkcyjne no\u017cyczki medyczne przeznaczone do szybkiej i precyzyjnej pracy w najbardziej stresuj\u0105cych warunkach. Zawieraj\u0105 11 narz\u0119dzi, kt\u00f3re ukryte s\u0105 w uchwytach.<\/p>\n","protected":false},"featured_media":336180,"comment_status":"open","ping_status":"closed","template":"","meta":[],"pwb-brand":[3606],"product_brand":[],"product_cat":[3341],"product_tag":[3671],"class_list":{"0":"post-336179","1":"product","2":"type-product","3":"status-publish","4":"has-post-thumbnail","6":"pwb-brand-sog-pl","7":"product_cat-multi-tool-pl","8":"product_tag-b2b-pl","10":"first","11":"instock","12":"taxable","13":"shipping-taxable","14":"purchasable","15":"product-type-simple"},"brands":[{"id":3606,"name":"SOG","slug":"sog-pl"}],"_links":{"self":[{"href":"https:\/\/www.moskito.cz\/pl\/wp-json\/wp\/v2\/product\/336179","targetHints":{"allow":["GET"]}}],"collection":[{"href":"https:\/\/www.moskito.cz\/pl\/wp-json\/wp\/v2\/product"}],"about":[{"href":"https:\/\/www.moskito.cz\/pl\/wp-json\/wp\/v2\/types\/product"}],"replies":[{"embeddable":true,"href":"https:\/\/www.moskito.cz\/pl\/wp-json\/wp\/v2\/comments?post=336179"}],"wp:featuredmedia":[{"embeddable":true,"href":"https:\/\/www.moskito.cz\/pl\/wp-json\/wp\/v2\/media\/336180"}],"wp:attachment":[{"href":"https:\/\/www.moskito.cz\/pl\/wp-json\/wp\/v2\/media?parent=336179"}],"wp:term":[{"taxonomy":"pwb-brand","embeddable":true,"href":"https:\/\/www.moskito.cz\/pl\/wp-json\/wp\/v2\/pwb-brand?post=336179"},{"taxonomy":"product_brand","embeddable":true,"href":"https:\/\/www.moskito.cz\/pl\/wp-json\/wp\/v2\/product_brand?post=336179"},{"taxonomy":"product_cat","embeddable":true,"href":"https:\/\/www.moskito.cz\/pl\/wp-json\/wp\/v2\/product_cat?post=336179"},{"taxonomy":"product_tag","embeddable":true,"href":"https:\/\/www.moskito.cz\/pl\/wp-json\/wp\/v2\/product_tag?post=336179"}],"curies":[{"name":"wp","href":"https:\/\/api.w.org\/{rel}","templated":true}]}}