{"id":336209,"date":"2023-07-04T16:47:10","date_gmt":"2023-07-04T15:47:10","guid":{"rendered":"https:\/\/www.moskito.cz\/produkt\/noz-skladany-spyderco-tasman-salt-2-c106pbk2\/"},"modified":"2025-05-07T11:13:12","modified_gmt":"2025-05-07T10:13:12","slug":"noz-skladany-spyderco-tasman-salt-2-c106pbk2","status":"publish","type":"product","link":"https:\/\/www.moskito.cz\/pl\/produkt\/noz-skladany-spyderco-tasman-salt-2-c106pbk2\/","title":{"rendered":"N\u00f3\u017c sk\u0142adany Spyderco Tasman Salt 2 C106PBK2"},"content":{"rendered":"<p>N\u00f3\u017c sk\u0142adany <strong>Spyderco<\/strong> Tasman Salt 2 C106PBK2<\/p>\n<p>Hawkbills to wyj\u0105tkowo funkcjonalne narz\u0119dzia tn\u0105ce, poniewa\u017c \u201echwytaj\u0105\u201d ci\u0119ty materia\u0142, wci\u0105gaj\u0105c go do wkl\u0119s\u0142ej kraw\u0119dzi i wytwarzaj\u0105c siln\u0105, skupion\u0105 si\u0142\u0119 ci\u0119cia. Oryginalna s\u00f3l Tasman \u0142\u0105czy\u0142a agresywn\u0105 dynamik\u0119 ci\u0119cia z ultraodpornymi na korozj\u0119 w\u0142a\u015bciwo\u015bciami stali H-1 na bazie azotu, tworz\u0105c niemal idealne narz\u0119dzie do ci\u0119cia siatek, \u017cy\u0142ek i innych materia\u0142\u00f3w w\u0142\u00f3knistych. Tasman 2 robi kolejny du\u017cy krok naprz\u00f3d dzi\u0119ki ulepszonej konstrukcji uchwytu opartej na bestsellerowej Delica 4. Formowany wtryskowo z wytrzyma\u0142ego, \u017c\u00f3\u0142tego lub czarnego FRN, chwyt Tasman 2 charakteryzuje si\u0119 ulepszon\u0105 ergonomi\u0105, antypo\u015blizgowym dwukierunkowym wzorem teksturowanym i czteropozycyjnym tytanowym klipsem kieszeniowym. W r\u0119koje\u015bci nadal znajduje si\u0119 solidny tylny mechanizm blokuj\u0105cy, kt\u00f3ry bezpiecznie blokuje u\u017cywane ostrze PlainEdge lub SpyderEdge.<\/p>\n<p>Na pocz\u0105tku 2023 r. firma Spyderco og\u0142osi\u0142a ci\u0105g\u0142\u0105 zmian\u0119 w swojej serii Salt. Seria Salt, pierwotnie produkowana ze stali nierdzewnej H1, jest obecnie modernizowana do stali nierdzewnej H2, kt\u00f3ra zapewnia zwi\u0119kszon\u0105 odporno\u015b\u0107 na korozj\u0119. Oryginalna wersja H1 mo\u017ce by\u0107 nadal dostarczana.<br \/>\nDane techniczne<\/p>\n<p>D\u0142ugo\u015b\u0107 ostrza: 7 cm<br \/>\nD\u0142ugo\u015b\u0107 po zamkni\u0119ciu: <span id=\"cwos\" class=\"qv3Wpe\">10,62<\/span> cm<br \/>\nD\u0142ugo\u015b\u0107 ca\u0142kowita: <span id=\"cwos\" class=\"qv3Wpe\">17,62<\/span> cm<br \/>\nGrubo\u015b\u0107 ostrza: 0,24 cm<br \/>\nMateria\u0142 ostrza: Stal odporna na korozj\u0119 H1\/H2*<br \/>\nStyl ostrza: Hawkbill<br \/>\nSzlifowanie ostrzy: puste<br \/>\nObr\u00f3bka powierzchni ostrza: satyna<br \/>\nKraw\u0119d\u017a ostrza: g\u0142adka<br \/>\nMateria\u0142 r\u0119koje\u015bci: FRN<br \/>\nKolor uchwytu: czarny<br \/>\nMechanizm blokuj\u0105cy: Lockback<br \/>\nKieszonkowy klips: tytan (sk\u0142adanie w g\u00f3r\u0119\/w d\u00f3\u0142, noszenie po lewej\/prawej stronie)<br \/>\nNumer modelu: C106SBK2<br \/>\nNazwa modelu: Tasman Salt 2 Black<br \/>\nWaga: 2,1 uncji<br \/>\nWykonane w Japonii<\/p>\n<p>&nbsp;<\/p>\n","protected":false},"excerpt":{"rendered":"<p><strong>Hawkbills to wyj\u0105tkowo funkcjonalne narz\u0119dzia tn\u0105ce, poniewa\u017c \u201echwytaj\u0105\u201d ci\u0119ty materia\u0142, wci\u0105gaj\u0105c go do wkl\u0119s\u0142ej kraw\u0119dzi i wytwarzaj\u0105c siln\u0105, skupion\u0105 si\u0142\u0119 ci\u0119cia.<\/strong><\/p>\n","protected":false},"featured_media":336210,"comment_status":"open","ping_status":"closed","template":"","meta":[],"pwb-brand":[3432],"product_brand":[],"product_cat":[3307,3296],"product_tag":[3671],"class_list":{"0":"post-336209","1":"product","2":"type-product","3":"status-publish","4":"has-post-thumbnail","6":"pwb-brand-spyderco-pl","7":"product_cat-zamykanie-nozy","8":"product_cat-noze-pl","9":"product_tag-b2b-pl","11":"first","12":"instock","13":"taxable","14":"shipping-taxable","15":"purchasable","16":"product-type-simple"},"brands":[{"id":3432,"name":"Spyderco","slug":"spyderco-pl"}],"_links":{"self":[{"href":"https:\/\/www.moskito.cz\/pl\/wp-json\/wp\/v2\/product\/336209","targetHints":{"allow":["GET"]}}],"collection":[{"href":"https:\/\/www.moskito.cz\/pl\/wp-json\/wp\/v2\/product"}],"about":[{"href":"https:\/\/www.moskito.cz\/pl\/wp-json\/wp\/v2\/types\/product"}],"replies":[{"embeddable":true,"href":"https:\/\/www.moskito.cz\/pl\/wp-json\/wp\/v2\/comments?post=336209"}],"wp:featuredmedia":[{"embeddable":true,"href":"https:\/\/www.moskito.cz\/pl\/wp-json\/wp\/v2\/media\/336210"}],"wp:attachment":[{"href":"https:\/\/www.moskito.cz\/pl\/wp-json\/wp\/v2\/media?parent=336209"}],"wp:term":[{"taxonomy":"pwb-brand","embeddable":true,"href":"https:\/\/www.moskito.cz\/pl\/wp-json\/wp\/v2\/pwb-brand?post=336209"},{"taxonomy":"product_brand","embeddable":true,"href":"https:\/\/www.moskito.cz\/pl\/wp-json\/wp\/v2\/product_brand?post=336209"},{"taxonomy":"product_cat","embeddable":true,"href":"https:\/\/www.moskito.cz\/pl\/wp-json\/wp\/v2\/product_cat?post=336209"},{"taxonomy":"product_tag","embeddable":true,"href":"https:\/\/www.moskito.cz\/pl\/wp-json\/wp\/v2\/product_tag?post=336209"}],"curies":[{"name":"wp","href":"https:\/\/api.w.org\/{rel}","templated":true}]}}