{"id":336284,"date":"2020-12-02T21:14:04","date_gmt":"2024-04-22T08:45:35","guid":{"rendered":"https:\/\/www.moskito.cz\/produkt\/noz-skladany-sportowy-joker\/"},"modified":"2025-07-11T07:53:05","modified_gmt":"2025-07-11T06:53:05","slug":"noz-skladany-sportowy-joker","status":"publish","type":"product","link":"https:\/\/www.moskito.cz\/pl\/produkt\/noz-skladany-sportowy-joker\/","title":{"rendered":"N\u00f3\u017c sk\u0142adany sportowy Joker"},"content":{"rendered":"<p>N\u00f3\u017c sk\u0142adany sportowy <strong>Joker<\/strong> .<br \/>\nNo\u017ce Joker pochodz\u0105 z hiszpa\u0144skiego miasta Albacete, kt\u00f3re s\u0142ynie z tradycyjnej produkcji no\u017cy i sztylet\u00f3w.<\/p>\n<p>Ostrze: stal molibdenowo-wanadowa<br \/>\nR\u0119koje\u015b\u0107: kr\u0119cona brzoza i granadilla<br \/>\nOstrze ma \u015brednic\u0119 8 cm i wa\u017cy 75 gr<\/p>\n<p><strong>Joker<\/strong> &#8211; Jeste\u015bmy znan\u0105 na ca\u0142ym \u015bwiecie hiszpa\u0144sk\u0105 firm\u0105 z miasta Albacete, znan\u0105 na ca\u0142ym \u015bwiecie ze swojego doskona\u0142ego rzemios\u0142a i mistrzowskich no\u017cy.<\/p>\n<p>Joker starannie wykonuje ka\u017cdy ze swoich element\u00f3w r\u0119cznie.<\/p>\n<p>Od momentu za\u0142o\u017cenia w 1987 roku Joker w ka\u017cdym swoim produkcie zawsze stara\u0142 si\u0119 \u0142\u0105czy\u0107 tradycyjne rzemios\u0142o z najnowocze\u015bniejsz\u0105 technologi\u0105.<\/p>\n<p>Joker kontynuuje dumn\u0105 tradycj\u0119 hiszpa\u0144skich producent\u00f3w moz, oferuj\u0105c jedne z najlepszych ostrzy i posiadaj\u0105cy jeden z najwi\u0119kszych asortyment\u00f3w na \u015bwiecie.<\/p>\n","protected":false},"excerpt":{"rendered":"<p>No\u017ce <strong>Joker<\/strong> pochodz\u0105 z hiszpa\u0144skiego miasta Albacete, kt\u00f3re s\u0142ynie z tradycyjnej produkcji no\u017cy i sztylet\u00f3w.<br \/>\n<strong>Zaprojektowane i wykonane w Hiszpanii (Albacete)<\/strong><\/p>\n","protected":false},"featured_media":192401,"comment_status":"open","ping_status":"closed","template":"","meta":[],"pwb-brand":[3393],"product_brand":[],"product_cat":[3296,3307],"product_tag":[],"class_list":{"0":"post-336284","1":"product","2":"type-product","3":"status-publish","4":"has-post-thumbnail","6":"pwb-brand-zartownis","7":"product_cat-noze-pl","8":"product_cat-zamykanie-nozy","10":"first","11":"instock","12":"taxable","13":"shipping-taxable","14":"purchasable","15":"product-type-simple"},"brands":[{"id":3393,"name":"\u017bartowni\u015b","slug":"zartownis"}],"_links":{"self":[{"href":"https:\/\/www.moskito.cz\/pl\/wp-json\/wp\/v2\/product\/336284","targetHints":{"allow":["GET"]}}],"collection":[{"href":"https:\/\/www.moskito.cz\/pl\/wp-json\/wp\/v2\/product"}],"about":[{"href":"https:\/\/www.moskito.cz\/pl\/wp-json\/wp\/v2\/types\/product"}],"replies":[{"embeddable":true,"href":"https:\/\/www.moskito.cz\/pl\/wp-json\/wp\/v2\/comments?post=336284"}],"wp:featuredmedia":[{"embeddable":true,"href":"https:\/\/www.moskito.cz\/pl\/wp-json\/wp\/v2\/media\/192401"}],"wp:attachment":[{"href":"https:\/\/www.moskito.cz\/pl\/wp-json\/wp\/v2\/media?parent=336284"}],"wp:term":[{"taxonomy":"pwb-brand","embeddable":true,"href":"https:\/\/www.moskito.cz\/pl\/wp-json\/wp\/v2\/pwb-brand?post=336284"},{"taxonomy":"product_brand","embeddable":true,"href":"https:\/\/www.moskito.cz\/pl\/wp-json\/wp\/v2\/product_brand?post=336284"},{"taxonomy":"product_cat","embeddable":true,"href":"https:\/\/www.moskito.cz\/pl\/wp-json\/wp\/v2\/product_cat?post=336284"},{"taxonomy":"product_tag","embeddable":true,"href":"https:\/\/www.moskito.cz\/pl\/wp-json\/wp\/v2\/product_tag?post=336284"}],"curies":[{"name":"wp","href":"https:\/\/api.w.org\/{rel}","templated":true}]}}