{"id":336292,"date":"2022-10-22T20:56:17","date_gmt":"2024-04-22T08:49:00","guid":{"rendered":"https:\/\/www.moskito.cz\/produkt\/noz-strzelecki-heretic-knives-wraith-auto-black-dlc-h000-4a-t\/"},"modified":"2025-05-07T11:13:15","modified_gmt":"2025-05-07T10:13:15","slug":"noz-strzelecki-heretic-knives-wraith-auto-black-dlc-h000-4a-t","status":"publish","type":"product","link":"https:\/\/www.moskito.cz\/pl\/produkt\/noz-strzelecki-heretic-knives-wraith-auto-black-dlc-h000-4a-t\/","title":{"rendered":"N\u00f3\u017c strzelecki Heretic Knives Wraith Auto Black DLC H000-4A-T"},"content":{"rendered":"<p>N\u00f3\u017c strzelecki <strong>Heretic Knives<\/strong> Wraith Auto Black DLC H000-4A-T<\/p>\n<p>Wraith Auto to bardzo wszechstronny n\u00f3\u017c ze zintegrowan\u0105 jednocz\u0119\u015bciow\u0105 obudow\u0105 g\u0142\u00f3wn\u0105 i oddzielnym wspornikiem, w kt\u00f3rym mie\u015bci si\u0119 mechanizm automatyczny. To pracowity n\u00f3\u017c, kt\u00f3ry wytrzyma wiele cios\u00f3w, ale jednocze\u015bnie wygl\u0105da stylowo.<\/p>\n<p>Ten Wraith Auto to wersja taktyczna z czarnym ostrzem typu drop point pokrytym pow\u0142ok\u0105 DLC z czarn\u0105 aluminiow\u0105 r\u0119koje\u015bci\u0105 i marmurkowym w\u0142\u00f3knem w\u0119glowym.<\/p>\n<p>Materia\u0142 ostrza: Elmax<br \/>\nStyl ostrza: Drop Point<br \/>\nD\u0142ugo\u015b\u0107 ostrza: 9 cm<br \/>\nD\u0142ugo\u015b\u0107 ca\u0142kowita: 22 cm<br \/>\nMateria\u0142 r\u0119koje\u015bci: aluminium anodyzowane na czarno i marmurkowy uchwyt CF<br \/>\nSystem blokady: przycisk\/blokada wg\u0142\u0119bna<br \/>\nWaga: 5,07 uncji<br \/>\nKlips kieszonkowy: Prawa r\u0119ka. Przechyl w d\u00f3\u0142<br \/>\nKraj pochodzenia: USA<\/p>\n","protected":false},"excerpt":{"rendered":"<p>Wszystkie nasze no\u017ce s\u0105 produkowane w USA i tak pozostanie. Kupuj\u0105c jeden z naszych no\u017cy, mo\u017cesz mie\u0107 pewno\u015b\u0107, \u017ce Twoje narz\u0119dzie jest wspierane przez ameryka\u0144sk\u0105 firm\u0119. Nasze no\u017ce s\u0105 produkowane w ma\u0142ych partiach, aby mie\u0107 pewno\u015b\u0107, \u017ce otrzymasz n\u00f3\u017c wysokiej jako\u015bci, kt\u00f3ry przyci\u0105gnie uwag\u0119, kt\u00f3rej nie przyci\u0105gaj\u0105 inne no\u017ce produkowane masowo!<\/p>\n","protected":false},"featured_media":336293,"comment_status":"open","ping_status":"closed","template":"","meta":[],"pwb-brand":[3664],"product_brand":[],"product_cat":[3296,3344],"product_tag":[],"class_list":{"0":"post-336292","1":"product","2":"type-product","3":"status-publish","4":"has-post-thumbnail","6":"pwb-brand-heretyckie-noze","7":"product_cat-noze-pl","8":"product_cat-noze-strzeleckie","10":"first","11":"outofstock","12":"taxable","13":"shipping-taxable","14":"purchasable","15":"product-type-simple"},"brands":[{"id":3664,"name":"Heretyckie no\u017ce","slug":"heretyckie-noze"}],"_links":{"self":[{"href":"https:\/\/www.moskito.cz\/pl\/wp-json\/wp\/v2\/product\/336292","targetHints":{"allow":["GET"]}}],"collection":[{"href":"https:\/\/www.moskito.cz\/pl\/wp-json\/wp\/v2\/product"}],"about":[{"href":"https:\/\/www.moskito.cz\/pl\/wp-json\/wp\/v2\/types\/product"}],"replies":[{"embeddable":true,"href":"https:\/\/www.moskito.cz\/pl\/wp-json\/wp\/v2\/comments?post=336292"}],"wp:featuredmedia":[{"embeddable":true,"href":"https:\/\/www.moskito.cz\/pl\/wp-json\/wp\/v2\/media\/336293"}],"wp:attachment":[{"href":"https:\/\/www.moskito.cz\/pl\/wp-json\/wp\/v2\/media?parent=336292"}],"wp:term":[{"taxonomy":"pwb-brand","embeddable":true,"href":"https:\/\/www.moskito.cz\/pl\/wp-json\/wp\/v2\/pwb-brand?post=336292"},{"taxonomy":"product_brand","embeddable":true,"href":"https:\/\/www.moskito.cz\/pl\/wp-json\/wp\/v2\/product_brand?post=336292"},{"taxonomy":"product_cat","embeddable":true,"href":"https:\/\/www.moskito.cz\/pl\/wp-json\/wp\/v2\/product_cat?post=336292"},{"taxonomy":"product_tag","embeddable":true,"href":"https:\/\/www.moskito.cz\/pl\/wp-json\/wp\/v2\/product_tag?post=336292"}],"curies":[{"name":"wp","href":"https:\/\/api.w.org\/{rel}","templated":true}]}}