{"id":336359,"date":"2021-09-22T09:35:12","date_gmt":"2024-04-22T13:15:42","guid":{"rendered":"https:\/\/www.moskito.cz\/produkt\/noz-skladany-sog-trident-at-czarno-czerwony-tanto\/"},"modified":"2025-05-07T11:13:16","modified_gmt":"2025-05-07T10:13:16","slug":"noz-skladany-sog-trident-at-czarno-czerwony-tanto","status":"publish","type":"product","link":"https:\/\/www.moskito.cz\/pl\/produkt\/noz-skladany-sog-trident-at-czarno-czerwony-tanto\/","title":{"rendered":"N\u00f3\u017c sk\u0142adany SOG Trident AT Czarno-czerwony Tanto"},"content":{"rendered":"<p>N\u00f3\u017c sk\u0142adany <strong>SOG<\/strong> Trident AT Czarno-czerwony Tanto.<\/p>\n<p>Zaprojektowany dla profesjonalnych u\u017cytkownik\u00f3w, Trident AT oferuje szybkie otwieranie wspomagane dzi\u0119ki innowacyjnemu dwustronnemu zamkowi AT-XR <strong>firmy SOG<\/strong> , a tak\u017ce zintegrowanemu obcinakowi \u017cy\u0142ki i zbijakowi szk\u0142a. Trident AT jest \u0142atwy do przenoszenia, dzi\u0119ki wysokowydajnemu ostrzu ze stali nierdzewnej D2 poddanej obr\u00f3bce kriogenicznej. Jego pot\u0119\u017cny mechanizm blokuj\u0105cy AT-XR ma r\u00f3wnie\u017c wbudowane zabezpieczenie blokuj\u0105ce ostrze i system bezpiecze\u0144stwa montowany na kr\u0119gos\u0142upie. Kolejne osi\u0105gni\u0119cie w tej dziedzinie \u2013 sprawdzony Trident.<br \/>\nPRZEZNACZENIE PROJEKTOWANIA<br \/>\nKa\u017cdy element Trident AT zosta\u0142 opracowany z my\u015bl\u0105 o sytuacjach ekstremalnych lub awaryjnych \u2013 w tym szybkie otwieranie ostrza, przecinak do \u017cy\u0142ki i t\u0142uczek do szk\u0142a \u2013 a wszystko to p\u0142ynnie zintegrowane z bardzo przyczepn\u0105 tekstur\u0105 i trwa\u0142ym uchwytem.<\/p>\n<p>&nbsp;<\/p>\n<p>BLOKADA AT-XR<\/p>\n<p>Opatentowany zamek XR firmy SOG z technologi\u0105 wspomagan\u0105 (AT) zapewnia szybkie otwieranie jedn\u0105 r\u0119k\u0105 i pewny zamek po otwarciu. Niezawodny i mocny, wytrzymuj\u0105cy si\u0142\u0119 1500 funt\u00f3w, zamek AT-XR zapewnia maksymalne wbudowane bezpiecze\u0144stwo blokowania ostrza podczas otwierania, zapewniaj\u0105c, \u017ce otworzy si\u0119 ono tylko wtedy, gdy jest to zamierzone.<\/p>\n<p>BEZPIECZE\u0143STWO 2.0<\/p>\n<p>SOG wsp\u00f3\u0142pracowa\u0142o z u\u017cytkownikami w celu opracowania dwukierunkowego bezpiecze\u0144stwa, kt\u00f3re jest r\u00f3wnie \u0142atwe, jak i szybkie. Zaprojektowany tak, aby by\u0142 intuicyjny i wykorzystywa\u0142 naturalne ruchy d\u0142oni, co oznacza, \u017ce \u200b\u200bnie musisz \u0142ama\u0107 chwytu, aby go obs\u0142ugiwa\u0107. Po otwarciu blokuje si\u0119 na miejscu niczym ogranicznik kciuka. Wszystko, czym powinno by\u0107 bezpiecze\u0144stwo.<\/p>\n<p>Ostrze ze stali CRYO D2<\/p>\n<p>Uniwersalna stal narz\u0119dziowa o wysokiej zawarto\u015bci w\u0119gla, poddawana kriogenicznej obr\u00f3bce cieplnej zgodnie z unikalnymi specyfikacjami SOG. D2 zapewnia idealne po\u0142\u0105czenie zachowania kraw\u0119dzi i trwa\u0142o\u015bci przy d\u0142ugotrwa\u0142ym u\u017cytkowaniu i \u0142atwej konserwacji.<\/p>\n<p>D\u0142ugo\u015b\u0107 ca\u0142kowita: 22,5 cm<br \/>\nD\u0142ugo\u015b\u0107 ostrza: 9 cm<br \/>\nWaga: 5,15 uncji<br \/>\nTyp ostrza ze stali: Cryo D2<br \/>\nMateria\u0142 r\u0119koje\u015bci: GRN<br \/>\nKolor uchwytu: czarny<br \/>\nKolor pod\u015bwietlenia: czerwony<br \/>\nCechy: p\u0119tla na \u0142a\u0144cuszek, przecinak, element do t\u0142uczenia szk\u0142a<br \/>\nWyko\u0144czenie: azotek tytanu<br \/>\nMechanizm blokuj\u0105cy: AT-XR<br \/>\nBezpiecze\u0144stwo: Bezpiecze\u0144stwo dwukierunkowe<br \/>\nMechanizm otwierania: Wspomagany ko\u0142ek kciukowy<\/p>\n<p>Nasza historia zaczyna si\u0119 w Wietnamie, gdzie cz\u0142onkowie \u015bci\u015ble tajnych ameryka\u0144skich si\u0142 specjalnych \u2013 znanych jako MACV \u2013 <strong>SOG<\/strong> \u2013 podczas tajnych misji zabierali do d\u017cungli wyj\u0105tkowy tajny n\u00f3\u017c. Kilka lat p\u00f3\u017aniej, w 1986 roku, n\u00f3\u017c ten zainspirowa\u0142 m\u0142odego projektanta Spencera Frazera do za\u0142o\u017cenia no\u017cy specjalnych SOG . Jego misja: odtworzenie oryginalnego no\u017ca SOG Bowie i z\u0142o\u017cenie ho\u0142du jednostce operacji specjalnych, kt\u00f3ra go stworzy\u0142a. To, co zacz\u0119\u0142o si\u0119 jako pojedynczy model pami\u0105tkowy, szybko przekszta\u0142ci\u0142o si\u0119 w ca\u0142\u0105 lini\u0119 innowacyjnych narz\u0119dzi \u2013 sprawdzonych przez ameryka\u0144skie si\u0142y specjalne, a nawet nagrodzonych jako ulubiony n\u00f3\u017c Navy SEAL. Dzi\u015b no\u017ce SOG \u015bmia\u0142o mo\u017cna nosi\u0107 w najbardziej wymagaj\u0105cych sytuacjach. Wykute z tradycji, zatwardzia\u0142e w polu, z\u0142o\u017cone dla Ciebie.<\/p>\n<p>Niezale\u017cnie od tego, czy chronisz innych, prowadzisz epick\u0105 wypraw\u0119 my\u015bliwsk\u0105, stawiasz czo\u0142a codziennym wyzwaniom \u017cycia, czy te\u017c stawiasz czo\u0142a najbardziej ekstremalnym warunkom, jakie kiedykolwiek stworzy\u0142e\u015b, pokonaj SOG.<\/p>\n<p>Zaprojektowany dla profesjonalnych u\u017cytkownik\u00f3w, Trident AT charakteryzuje si\u0119 szybkim wspomaganym otwieraniem dzi\u0119ki innowacyjnemu obur\u0119cznemu blokadzie AT-XR firmy SOG, a tak\u017ce zintegrowanemu obcinakowi \u017cy\u0142ki i zbijakowi szk\u0142a. Trident AT jest \u0142atwy do przenoszenia, z wysoce funkcjonalnym ostrzem ze stali nierdzewnej D2 o \u015brednicy 3,75 cala, poddanej obr\u00f3bce kriogenicznej. Jego pot\u0119\u017cny mechanizm blokuj\u0105cy AT-XR posiada r\u00f3wnie\u017c wbudowane zabezpieczenie blokuj\u0105ce ostrze i system zabezpieczaj\u0105cy montowany na grzbiecie. Kolejna ewolucja sprawdzonego w praktyce Tridentu.<\/p>\n<p>Ca\u0142kowita d\u0142ugo\u015b\u0107<br \/>\n9,03&#8243;<br \/>\nD\u0142ugo\u015b\u0107 zamkni\u0119ta<br \/>\n5,33&#8243;<br \/>\nD\u0142ugo\u015b\u0107 ostrza<br \/>\n3,7&#8243;<br \/>\nWaga<br \/>\n5,15 uncji<br \/>\nTyp ostrza ze stali<br \/>\nCryo D2<br \/>\nGrubo\u015b\u0107 ostrza<br \/>\n0,12&#8243;<br \/>\nMateria\u0142 uchwytu<br \/>\nGRN<br \/>\nKolor uchwytu<br \/>\nCzarny<br \/>\nKolor akcentuj\u0105cy<br \/>\nwyd<br \/>\nCechy<br \/>\nP\u0119tla do smyczy, przecinak do linek, element do t\u0142uczenia szk\u0142a<br \/>\nSko\u0144czy\u0107<br \/>\nazotek tytanu<br \/>\nZamykaj\u0105cy mechanizm<br \/>\nAT-XR<br \/>\nBezpiecze\u0144stwo<br \/>\nObur\u0119czny fotelik montowany na kr\u0119gos\u0142upie<br \/>\nMechanizm otwieraj\u0105cy<br \/>\nWspomagany ko\u0142ek kciuka<br \/>\nKraj pochodzenia<br \/>\nTajwan<br \/>\nTyp kraw\u0119dzi<br \/>\nProsty<\/p>\n","protected":false},"excerpt":{"rendered":"<div class=\"elementor-element elementor-element-bbb542b elementor-widget elementor-widget-woocommerce-product-short-description\" data-id=\"bbb542b\" data-element_type=\"widget\" data-widget_type=\"woocommerce-product-short-description.default\">\n<div class=\"elementor-widget-container\">\n<div class=\"woocommerce-product-details__short-description\">\n<div class=\"elementor-element elementor-element-bbb542b elementor-widget elementor-widget-woocommerce-product-short-description\" data-id=\"bbb542b\" data-element_type=\"widget\" data-widget_type=\"woocommerce-product-short-description.default\">\n<div class=\"elementor-widget-container\">\n<div class=\"woocommerce-product-details__short-description\">\n<p>Niezale\u017cnie od tego, czy chronisz innych, prowadzisz epick\u0105 wypraw\u0119 my\u015bliwsk\u0105, stawiasz czo\u0142a codziennym wyzwaniom \u017cycia, czy te\u017c stawiasz czo\u0142a najbardziej ekstremalnym warunkom, jakie kiedykolwiek stworzy\u0142e\u015b, pokonaj <strong>SOG<\/strong> .<\/p>\n<p><strong>Na wszystkie no\u017ce SOG udzielamy do\u017cywotniej gwarancji!<\/strong><\/p>\n<\/div>\n<\/div>\n<\/div>\n<\/div>\n<\/div>\n<\/div>\n","protected":false},"featured_media":336360,"comment_status":"open","ping_status":"closed","template":"","meta":[],"pwb-brand":[3606],"product_brand":[],"product_cat":[3296,3307],"product_tag":[3671],"class_list":{"0":"post-336359","1":"product","2":"type-product","3":"status-publish","4":"has-post-thumbnail","6":"pwb-brand-sog-pl","7":"product_cat-noze-pl","8":"product_cat-zamykanie-nozy","9":"product_tag-b2b-pl","11":"first","12":"outofstock","13":"taxable","14":"shipping-taxable","15":"purchasable","16":"product-type-simple"},"brands":[{"id":3606,"name":"SOG","slug":"sog-pl"}],"_links":{"self":[{"href":"https:\/\/www.moskito.cz\/pl\/wp-json\/wp\/v2\/product\/336359","targetHints":{"allow":["GET"]}}],"collection":[{"href":"https:\/\/www.moskito.cz\/pl\/wp-json\/wp\/v2\/product"}],"about":[{"href":"https:\/\/www.moskito.cz\/pl\/wp-json\/wp\/v2\/types\/product"}],"replies":[{"embeddable":true,"href":"https:\/\/www.moskito.cz\/pl\/wp-json\/wp\/v2\/comments?post=336359"}],"wp:featuredmedia":[{"embeddable":true,"href":"https:\/\/www.moskito.cz\/pl\/wp-json\/wp\/v2\/media\/336360"}],"wp:attachment":[{"href":"https:\/\/www.moskito.cz\/pl\/wp-json\/wp\/v2\/media?parent=336359"}],"wp:term":[{"taxonomy":"pwb-brand","embeddable":true,"href":"https:\/\/www.moskito.cz\/pl\/wp-json\/wp\/v2\/pwb-brand?post=336359"},{"taxonomy":"product_brand","embeddable":true,"href":"https:\/\/www.moskito.cz\/pl\/wp-json\/wp\/v2\/product_brand?post=336359"},{"taxonomy":"product_cat","embeddable":true,"href":"https:\/\/www.moskito.cz\/pl\/wp-json\/wp\/v2\/product_cat?post=336359"},{"taxonomy":"product_tag","embeddable":true,"href":"https:\/\/www.moskito.cz\/pl\/wp-json\/wp\/v2\/product_tag?post=336359"}],"curies":[{"name":"wp","href":"https:\/\/api.w.org\/{rel}","templated":true}]}}