{"id":336378,"date":"2021-10-18T21:24:53","date_gmt":"2024-04-22T14:40:11","guid":{"rendered":"https:\/\/www.moskito.cz\/?post_type=product&#038;p=336378"},"modified":"2025-05-07T11:13:17","modified_gmt":"2025-05-07T10:13:17","slug":"szczypce-wielofunkcyjne-sog-poweraccess-deluxe","status":"publish","type":"product","link":"https:\/\/www.moskito.cz\/pl\/produkt\/szczypce-wielofunkcyjne-sog-poweraccess-deluxe\/","title":{"rendered":"Szczypce wielofunkcyjne SOG POWERACCESS DELUXE"},"content":{"rendered":"<p>Nasza historia zaczyna si\u0119 w Wietnamie, gdzie cz\u0142onkowie \u015bci\u015ble tajnych ameryka\u0144skich si\u0142 specjalnych \u2013 znanych jako MACV \u2013 <strong>SOG<\/strong> \u2013 podczas tajnych misji zabierali do d\u017cungli wyj\u0105tkowy tajny n\u00f3\u017c. Kilka lat p\u00f3\u017aniej, w 1986 roku, n\u00f3\u017c ten zainspirowa\u0142 m\u0142odego projektanta Spencera Frazera do za\u0142o\u017cenia no\u017cy specjalnych <strong>SOG<\/strong> . Jego misja: odtworzenie oryginalnego no\u017ca <strong>SOG<\/strong> Bowie i z\u0142o\u017cenie ho\u0142du jednostce operacji specjalnych, kt\u00f3ra go stworzy\u0142a. To, co zacz\u0119\u0142o si\u0119 jako pojedynczy model pami\u0105tkowy, szybko przekszta\u0142ci\u0142o si\u0119 w ca\u0142\u0105 lini\u0119 innowacyjnych narz\u0119dzi \u2013 sprawdzonych przez ameryka\u0144skie si\u0142y specjalne, a nawet nagrodzonych jako ulubiony n\u00f3\u017c Navy SEAL. Dzi\u015b no\u017ce SOG \u015bmia\u0142o mo\u017cna nosi\u0107 w najbardziej wymagaj\u0105cych sytuacjach. Wykute z tradycji, zatwardzia\u0142e w polu, z\u0142o\u017cone dla Ciebie.<\/p>\n<p>Niezale\u017cnie od tego, czy chronisz innych, prowadzisz epick\u0105 wypraw\u0119 my\u015bliwsk\u0105, stawiasz czo\u0142a codziennym wyzwaniom \u017cycia, czy te\u017c stawiasz czo\u0142a najbardziej ekstremalnym warunkom, jakie kiedykolwiek stworzy\u0142e\u015b, pokonaj <strong>SOG<\/strong> .<\/p>\n<p>Szczypce wielofunkcyjne <strong>SOG<\/strong> POWERACCESS DELUXE.<\/p>\n<p>PowerAccess Deluxe zawiera najwi\u0119cej narz\u0119dzi ze wszystkich dotychczasowych produkt\u00f3w SOG (21). Deluxe posiada d\u017awigni\u0119 SOG zapewniaj\u0105c\u0105 maksymaln\u0105 si\u0142\u0119 chwytu. Jest umieszczony w nylonowej obudowie z 12-cz\u0119\u015bciowym zestawem sze\u015bciok\u0105tnym.<\/p>\n<p><strong>Musi mie\u0107 wiele narz\u0119dzi<\/strong><br \/>\nOto ma\u0142a wskaz\u00f3wka: je\u015bli wybierasz si\u0119 na studia lub wychodzisz sam, wielofunkcyjne narz\u0119dzie, takie jak PowerAccess Deluxe, z pewno\u015bci\u0105 si\u0119 przyda.<\/p>\n<p><strong>Zawiera 21 instrument\u00f3w, najwi\u0119cej spo\u015br\u00f3d wszystkich multi SOG<\/strong><br \/>\nZawiera g\u0142\u00f3wki szczypiec typu Compound Leverage zapewniaj\u0105ce p\u0142ynne otwieranie i zamykanie oraz zwi\u0119kszon\u0105 si\u0142\u0119 chwytu. W wytrzyma\u0142ym zestawie PowerAccess Deluxe ze stali nierdzewnej znajduje si\u0119 \u0142\u0105cznie 21 narz\u0119dzi, w tym dwa no\u017ce uniwersalne, otwieracz do puszek i butelek, pi\u0142a do drewna, dwa \u015brubokr\u0119ty p\u0142askie, \u015brubokr\u0119t krzy\u017cakowy i \u015brubokr\u0119t 1\/4&#8243; z sze\u015bciok\u0105tem bit ustawiony.<\/p>\n<p><strong>21 NARZ\u0118DZIA<\/strong><br \/>\nZawiera dwa no\u017ce, otwieracz do puszek i butelek, pi\u0142\u0119 do drewna, dwa p\u0142askie \u015brubokr\u0119ty, \u015brubokr\u0119t do bi\u017cuterii i \u015brubokr\u0119t 1\/4&#8243; z zestawem sze\u015bciok\u0105tnym.<\/p>\n<p><strong>D\u0179WIGNIA Z\u0141O\u017bONA<\/strong><br \/>\nOpatentowana przez firm\u0119 SOG technologia Compound Leverage wykorzystuje wiele punkt\u00f3w obrotu, kt\u00f3re generuj\u0105 wi\u0119kszy ruch w uchwycie w stosunku do ruchu szczypiec. Rezultatem jest przewaga d\u017awigni, kt\u00f3ra jest w przybli\u017ceniu dwukrotnie wi\u0119ksza ni\u017c w przypadku konwencjonalnego narz\u0119dzia wielofunkcyjnego, dzi\u0119ki czemu ka\u017cde ci\u0119cie jest p\u0142ynniejsze i \u0142atwiejsze.<\/p>\n<p><strong>KONSTRUKCJA ZE STALI NIERDZEWNEJ 5CR15MOV<\/strong><br \/>\nWszechstronne stale nierdzewne o w\u0142a\u015bciwo\u015bciach podobnych do najlepszych metali serii 440, zapewniaj\u0105ce dobr\u0105 zdolno\u015b\u0107 ostrzenia, dobre trzymanie kraw\u0119dzi i wysok\u0105 odporno\u015b\u0107 na korozj\u0119.<\/p>\n<p>WAGA PRODUKTU: 8,70 uncji<br \/>\nTYP OSTRZA STALI: Stal nierdzewna<br \/>\nUKO\u0143CZONE: Mycie kamienia<br \/>\nILO\u015a\u0106 NARZ\u0118DZI: 21<br \/>\nTYP OSTRZA STALI: Stal nierdzewna<br \/>\nPLIK 3-STRONNY<br \/>\nREZYDENCJA<br \/>\nOTWIERACZ DO BUTELEK<br \/>\nOTWIERACZ<br \/>\nW PE\u0141NI Z\u0104BOWANE Ostrze<br \/>\nPRZECINARKA DO TWARDEGO DRUTU<br \/>\nWKR\u0118TAK P\u0141ASKI \u015aREDNI<br \/>\nSZCZYPCE IG\u0141OWE<br \/>\nWKR\u0118TAK PHILIPS<br \/>\nK\u0104TOMIERZ<br \/>\nLINIJKA<br \/>\n12-CZ\u0118\u015aCIOWY ZESTAW BIT\u00d3W SZE\u015aCIOK\u0104TNYCH<\/p>\n<p>PowerAccess Deluxe zawiera najwi\u0119cej narz\u0119dzi ze wszystkich dotychczasowych produkt\u00f3w SOG (21). Deluxe posiada d\u017awigni\u0119 ze zwi\u0105zku SOG zapewniaj\u0105c\u0105 maksymaln\u0105 si\u0142\u0119 chwytu. Umieszczony w nylonowej os\u0142onie z 12-cz\u0119\u015bciowym zestawem bit\u00f3w sze\u015bciok\u0105tnych.<\/p>\n<p>Musi mie\u0107 narz\u0119dzie wielofunkcyjne<br \/>\nOto ma\u0142a wskaz\u00f3wka: je\u015bli wybierasz si\u0119 na studia lub podr\u00f3\u017cujesz samotnie, narz\u0119dzie wielofunkcyjne, takie jak PowerAccess Deluxe, niew\u0105tpliwie si\u0119 przyda.<\/p>\n<p>Zawiera 21 narz\u0119dzi, najwi\u0119cej ze wszystkich narz\u0119dzi wielofunkcyjnych SOG<br \/>\nZawiera g\u0142\u00f3wki szczypiec typu Compound Leverage zapewniaj\u0105ce p\u0142ynne otwieranie i zamykanie oraz zwi\u0119kszon\u0105 si\u0142\u0119 chwytu. Wytrzyma\u0142y PowerAccess Deluxe ze stali nierdzewnej zawiera \u0142\u0105cznie 21 narz\u0119dzi, w tym dwa ostrza no\u017ca, otwieracz do puszek i butelek, pi\u0142\u0119 do drewna, dwa p\u0142askie \u015brubokr\u0119ty, \u015brubokr\u0119t krzy\u017cakowy i \u015brubokr\u0119t 1\/4&#8243; z zestawem bit\u00f3w sze\u015bciok\u0105tnych.<\/p>\n<p>21 NARZ\u0118DZIA<br \/>\nZawiera dwa ostrza no\u017ca, otwieracz do puszek i butelek, pi\u0142\u0119 do drewna, dwa p\u0142askie \u015brubokr\u0119ty, \u015brubokr\u0119t do bi\u017cuterii i \u015brubokr\u0119t 1\/4&#8243; z zestawem bit\u00f3w sze\u015bciok\u0105tnych.<\/p>\n<p>D\u0179WIGNIA Z\u0141O\u017bONA<br \/>\nOpatentowana technologia Compound Leverage firmy SOG dzia\u0142a poprzez wykorzystanie wielu punkt\u00f3w obrotu, kt\u00f3re generuj\u0105 wi\u0119kszy skok r\u0105czki w stosunku do ruchu szczypiec. Rezultatem jest d\u017awignia o mocy oko\u0142o dwukrotnie wi\u0119kszej ni\u017c w przypadku konwencjonalnego narz\u0119dzia wielofunkcyjnego, dzi\u0119ki czemu ka\u017cde ci\u0119cie jest p\u0142ynniejsze i \u0142atwiejsze.<\/p>\n<p>KONSTRUKCJA ZE STALI NIERDZEWNEJ 5CR15MOV<br \/>\nWszechstronne stale nierdzewne o w\u0142a\u015bciwo\u015bciach podobnych do najlepszych metali serii 440, zapewniaj\u0105ce dobr\u0105 zdolno\u015b\u0107 ostrzenia, dobre zachowanie kraw\u0119dzi i wysok\u0105 odporno\u015b\u0107 na korozj\u0119.<\/p>\n<p>WAGA PRODUKTU<br \/>\n8,70 uncji<br \/>\nUPC<br \/>\n729857008037<br \/>\nTYP ostrzy ze stali<br \/>\nStal nierdzewna<br \/>\nKRAJ POCHODZENIA<br \/>\nChiny<br \/>\nSKO\u0143CZY\u0106<br \/>\nMy\u0107 kamie\u0144<br \/>\nLICZBA NARZ\u0118DZI<br \/>\n21<br \/>\nTYP ostrzy ze stali<br \/>\nStal nierdzewna<br \/>\nNAP\u0118D 1\/4&#8243;.<br \/>\nTak<br \/>\nPLIK 3-STRONNY<br \/>\nTak<br \/>\nSZYD\u0141O<br \/>\nTak<br \/>\nOTWIERACZ DO BUTELEK<br \/>\nTak<br \/>\nOTWIERACZ DO PUSZEK<br \/>\nTak<br \/>\nW PE\u0141NI Z\u0104BOWANE Ostrze<br \/>\nTak<br \/>\nCHWYTAK<br \/>\nTak<br \/>\nPRZECINARKA DO TWARDEGO DRUTU<br \/>\nTak<br \/>\n\u015aREDNI WKR\u0118T P\u0141ASKI<br \/>\nTak<br \/>\nszczypce ig\u0142owe<br \/>\nTak<br \/>\nWKR\u0118TAK PHILIPS<br \/>\nTak<br \/>\nK\u0104TOMIERZ<br \/>\nTak<br \/>\nLINIJKA<br \/>\nTak<br \/>\n12-CZ\u0118\u015aCIOWY ZESTAW BIT\u00d3W SZE\u015aCIOK\u0104TNYCH<br \/>\nTak<\/p>\n<p>&nbsp;<\/p>\n<p>&nbsp;<\/p>\n<p>&nbsp;<\/p>\n","protected":false},"excerpt":{"rendered":"<p>Niezale\u017cnie od tego, czy chronisz innych, prowadzisz epick\u0105 wypraw\u0119 my\u015bliwsk\u0105, stawiasz czo\u0142a codziennym wyzwaniom \u017cycia, czy te\u017c stawiasz czo\u0142a najbardziej ekstremalnym warunkom, jakie kiedykolwiek stworzy\u0142e\u015b, pokonaj <strong>SOG<\/strong> .<\/p>\n<p><strong>Na wszystkie no\u017ce SOG udzielamy do\u017cywotniej gwarancji!<\/strong><\/p>\n","protected":false},"featured_media":336383,"comment_status":"open","ping_status":"closed","template":"","meta":[],"pwb-brand":[3606],"product_brand":[],"product_cat":[3341],"product_tag":[3671],"class_list":{"0":"post-336378","1":"product","2":"type-product","3":"status-publish","4":"has-post-thumbnail","6":"pwb-brand-sog-pl","7":"product_cat-multi-tool-pl","8":"product_tag-b2b-pl","10":"first","11":"instock","12":"taxable","13":"shipping-taxable","14":"purchasable","15":"product-type-simple"},"brands":[{"id":3606,"name":"SOG","slug":"sog-pl"}],"_links":{"self":[{"href":"https:\/\/www.moskito.cz\/pl\/wp-json\/wp\/v2\/product\/336378","targetHints":{"allow":["GET"]}}],"collection":[{"href":"https:\/\/www.moskito.cz\/pl\/wp-json\/wp\/v2\/product"}],"about":[{"href":"https:\/\/www.moskito.cz\/pl\/wp-json\/wp\/v2\/types\/product"}],"replies":[{"embeddable":true,"href":"https:\/\/www.moskito.cz\/pl\/wp-json\/wp\/v2\/comments?post=336378"}],"wp:featuredmedia":[{"embeddable":true,"href":"https:\/\/www.moskito.cz\/pl\/wp-json\/wp\/v2\/media\/336383"}],"wp:attachment":[{"href":"https:\/\/www.moskito.cz\/pl\/wp-json\/wp\/v2\/media?parent=336378"}],"wp:term":[{"taxonomy":"pwb-brand","embeddable":true,"href":"https:\/\/www.moskito.cz\/pl\/wp-json\/wp\/v2\/pwb-brand?post=336378"},{"taxonomy":"product_brand","embeddable":true,"href":"https:\/\/www.moskito.cz\/pl\/wp-json\/wp\/v2\/product_brand?post=336378"},{"taxonomy":"product_cat","embeddable":true,"href":"https:\/\/www.moskito.cz\/pl\/wp-json\/wp\/v2\/product_cat?post=336378"},{"taxonomy":"product_tag","embeddable":true,"href":"https:\/\/www.moskito.cz\/pl\/wp-json\/wp\/v2\/product_tag?post=336378"}],"curies":[{"name":"wp","href":"https:\/\/api.w.org\/{rel}","templated":true}]}}