{"id":336451,"date":"2022-04-26T20:53:17","date_gmt":"2024-04-22T14:48:35","guid":{"rendered":"https:\/\/www.moskito.cz\/produkt\/szczypce-wielofunkcyjne-sog-powerlock-czarne-nozyczki-nylonowe-pojemnik\/"},"modified":"2025-05-07T11:13:19","modified_gmt":"2025-05-07T10:13:19","slug":"szczypce-wielofunkcyjne-sog-powerlock-czarne-nozyczki-nylonowe-pojemnik","status":"publish","type":"product","link":"https:\/\/www.moskito.cz\/pl\/produkt\/szczypce-wielofunkcyjne-sog-powerlock-czarne-nozyczki-nylonowe-pojemnik\/","title":{"rendered":"Szczypce wielofunkcyjne SOG POWERLOCK CZARNE NO\u017bYCZKI NYLONOWE POJEMNIK"},"content":{"rendered":"<p>Wielofunkcyjne szczypce <strong>SOG<\/strong> POWERLOCK CZARNE NO\u017bYCZKI NYLONOWE POJEMNIK.<\/p>\n<p>Dzi\u0119ki sprawdzonemu podwoziu PowerLock, SOG jest jedyn\u0105 firm\u0105, kt\u00f3ra stosuje technologi\u0119 Compound Leverage do EOD (utylizacji materia\u0142\u00f3w wybuchowych). U\u0142atwia to zaciskanie pokryw strumieniowych i linii wyburzeniowej przy mniejszym nacisku d\u0142oni. Kolejn\u0105 unikaln\u0105 cech\u0105 SOG jest umieszczenie urz\u0105dzenia zaciskaj\u0105cego w uchwycie&#8230; a nie w szcz\u0119ce szczypiec, jak w przypadku wszystkich innych konstrukcji. Ma to na celu zminimalizowanie dodatkowych uszkodze\u0144 maszyny do zaciskania i pozwala operatorowi w pe\u0142ni wykorzysta\u0107 nieprzerwan\u0105 powierzchni\u0119 szczypiec. Dodatkowo nie dochodzi do os\u0142abienia szczypiec, co cz\u0119sto powoduje \u0142amanie si\u0119 ko\u0144c\u00f3wek szczypiec. Urz\u0105dzenia do zaciskania wytwarzaj\u0105 pozbawione zacisk\u00f3w zaciski o du\u017cej wytrzyma\u0142o\u015bci na rozci\u0105ganie, kt\u00f3re spe\u0142niaj\u0105 wymagania rz\u0105dowych specyfikacji bezpiecznik\u00f3w. W zestawie znajduje si\u0119 r\u00f3wnie\u017c przecinak do twardego drutu. Wszystko zatwierdzone przez GSA.<\/p>\n<p>Ekskluzywna d\u017awignia ze zwi\u0105zku SOG<br \/>\nJedna z najbardziej przydatnych innowacji w \u015bwiecie narz\u0119dzi wielofunkcyjnych. Dzi\u0119ki temu otwieranie i chwytanie jest znacznie p\u0142ynniejsze, \u0142atwiejsze i skuteczniejsze.<\/p>\n<p>\u017bo\u0142nierze u\u017cywaj\u0105 PowerLock w niekt\u00f3rych z najniebezpieczniejszych miejsc na Ziemi<br \/>\nUjm\u0119 to tak: radzi sobie ca\u0142kiem nie\u017ale z codziennymi obowi\u0105zkami w domu czy w pracy.<\/p>\n<p>18 narz\u0119dzi na wyci\u0105gni\u0119cie r\u0119ki<br \/>\nZawiera chwytak, n\u00f3\u017c do twardego drutu, zaciskark\u0119 do drutu, zaciskark\u0119 do dysz, 2-z\u0119bow\u0105 pi\u0142\u0119 do drewna, cz\u0119\u015bciowo z\u0105bkowane ostrze, pilnik 3-stronny, du\u017cy \u015brubokr\u0119t, \u015brubokr\u0119t krzy\u017cakowy, nap\u0119d 1\/4\u201d, szyd\u0142o, otwieracz do puszek, ma\u0142y \u015brubokr\u0119t, otwieracz do butelek , \u015bredni \u015brubokr\u0119t, no\u017cyczki i linijki.<\/p>\n<p>420 NIERDZEWNE<br \/>\nStal nierdzewna 420 zapewnia odporno\u015b\u0107 na korozj\u0119 oraz zwi\u0119kszon\u0105 wytrzyma\u0142o\u015b\u0107 i twardo\u015b\u0107.<\/p>\n<p>D\u0179WIGNIA Z\u0141O\u017bONA<br \/>\nOpatentowana przez SOG technologia Compound Leverage wykorzystuje wiele punkt\u00f3w obrotu, kt\u00f3re generuj\u0105 wi\u0119kszy ud\u017awig r\u0105czki w stosunku do ruchu szczypiec. Rezultatem jest d\u017awignia o mocy oko\u0142o dwukrotnie wi\u0119kszej ni\u017c w przypadku zwyk\u0142ego narz\u0119dzia wielofunkcyjnego, dzi\u0119ki czemu ka\u017cde ci\u0119cie jest p\u0142ynniejsze i \u0142atwiejsze.<\/p>\n<p>URZ\u0104DZENIE ZACISKAJ\u0104CE EOD<br \/>\nUmieszczone wewn\u0105trz r\u0119koje\u015bci minimalizuj\u0105 dodatkowe uszkodzenia urz\u0105dzenia zaciskaj\u0105cego i umo\u017cliwiaj\u0105 pe\u0142ne wykorzystanie nieprzerwanej powierzchni szczypiec. Sprz\u0119t do zaciskania zacisk\u00f3w wytwarza zaciski bez zaciskania o du\u017cej wytrzyma\u0142o\u015bci na wyci\u0105ganie, kt\u00f3re spe\u0142niaj\u0105 wymagania rz\u0105dowych specyfikacji bezpiecznik\u00f3w.<\/p>\n<p>PARAMETRY PRODUKTU:<br \/>\nGRUBO\u015a\u0106 OSTRZA: 2 mm<br \/>\nD\u0141UGO\u015a\u0106 OSTRZA: 7 cm<br \/>\nSTAL: stal nierdzewna 420<br \/>\nWAGA: 27,2 g<br \/>\nMATERIA\u0141 UCHWYTU: Stal nierdzewna 420<br \/>\nROZMIAR CA\u0141KOWITY: 17,8 cm<br \/>\nMATERIA\u0141 OBUDOWY: Tkanina syntetyczna<br \/>\nD\u0141UGO\u015a\u0106 UCHWYTU: 11,7 cm<br \/>\nCzarny kolor<br \/>\nTYP BEZPIECZNIKA: Mechanizm sk\u0142adany<\/p>\n<p>&nbsp;<\/p>\n","protected":false},"excerpt":{"rendered":"<p>Niezale\u017cnie od tego, czy chronisz innych, prowadzisz epick\u0105 wypraw\u0119 my\u015bliwsk\u0105, stawiasz czo\u0142a codziennym wyzwaniom \u017cycia, czy te\u017c stawiasz czo\u0142a najbardziej ekstremalnym warunkom, jakie kiedykolwiek stworzy\u0142e\u015b, pokonaj <strong>SOG<\/strong> .<\/p>\n<p><strong>Na wszystkie no\u017ce SOG udzielamy do\u017cywotniej gwarancji!<\/strong><\/p>\n","protected":false},"featured_media":336452,"comment_status":"open","ping_status":"closed","template":"","meta":[],"pwb-brand":[3606],"product_brand":[],"product_cat":[3341],"product_tag":[3671],"class_list":{"0":"post-336451","1":"product","2":"type-product","3":"status-publish","4":"has-post-thumbnail","6":"pwb-brand-sog-pl","7":"product_cat-multi-tool-pl","8":"product_tag-b2b-pl","10":"first","11":"instock","12":"taxable","13":"shipping-taxable","14":"purchasable","15":"product-type-simple"},"brands":[{"id":3606,"name":"SOG","slug":"sog-pl"}],"_links":{"self":[{"href":"https:\/\/www.moskito.cz\/pl\/wp-json\/wp\/v2\/product\/336451","targetHints":{"allow":["GET"]}}],"collection":[{"href":"https:\/\/www.moskito.cz\/pl\/wp-json\/wp\/v2\/product"}],"about":[{"href":"https:\/\/www.moskito.cz\/pl\/wp-json\/wp\/v2\/types\/product"}],"replies":[{"embeddable":true,"href":"https:\/\/www.moskito.cz\/pl\/wp-json\/wp\/v2\/comments?post=336451"}],"wp:featuredmedia":[{"embeddable":true,"href":"https:\/\/www.moskito.cz\/pl\/wp-json\/wp\/v2\/media\/336452"}],"wp:attachment":[{"href":"https:\/\/www.moskito.cz\/pl\/wp-json\/wp\/v2\/media?parent=336451"}],"wp:term":[{"taxonomy":"pwb-brand","embeddable":true,"href":"https:\/\/www.moskito.cz\/pl\/wp-json\/wp\/v2\/pwb-brand?post=336451"},{"taxonomy":"product_brand","embeddable":true,"href":"https:\/\/www.moskito.cz\/pl\/wp-json\/wp\/v2\/product_brand?post=336451"},{"taxonomy":"product_cat","embeddable":true,"href":"https:\/\/www.moskito.cz\/pl\/wp-json\/wp\/v2\/product_cat?post=336451"},{"taxonomy":"product_tag","embeddable":true,"href":"https:\/\/www.moskito.cz\/pl\/wp-json\/wp\/v2\/product_tag?post=336451"}],"curies":[{"name":"wp","href":"https:\/\/api.w.org\/{rel}","templated":true}]}}