{"id":336486,"date":"2021-10-16T20:04:31","date_gmt":"2021-10-16T19:04:31","guid":{"rendered":"https:\/\/www.moskito.cz\/produkt\/wielofunkcyjne-szczypce-sog-powerassist-black-nylon-pouch\/"},"modified":"2024-04-22T15:52:34","modified_gmt":"2024-04-22T14:52:34","slug":"wielofunkcyjne-szczypce-sog-powerassist-black-nylon-pouch","status":"publish","type":"product","link":"https:\/\/www.moskito.cz\/pl\/produkt\/wielofunkcyjne-szczypce-sog-powerassist-black-nylon-pouch\/","title":{"rendered":"Wielofunkcyjne szczypce SOG POWERASSIST BLACK NYLON POUCH"},"content":{"rendered":"<p>Nasza historia zaczyna si\u0119 w Wietnamie, gdzie cz\u0142onkowie \u015bci\u015ble tajnych ameryka\u0144skich si\u0142 specjalnych \u2013 znanych jako MACV \u2013 <strong>SOG<\/strong> \u2013 podczas tajnych misji zabierali do d\u017cungli wyj\u0105tkowy tajny n\u00f3\u017c. Kilka lat p\u00f3\u017aniej, w 1986 roku, n\u00f3\u017c ten zainspirowa\u0142 m\u0142odego projektanta Spencera Frazera do za\u0142o\u017cenia no\u017cy specjalnych <strong>SOG<\/strong> . Jego misja: odtworzenie oryginalnego no\u017ca <strong>SOG<\/strong> Bowie i z\u0142o\u017cenie ho\u0142du jednostce operacji specjalnych, kt\u00f3ra go stworzy\u0142a. To, co zacz\u0119\u0142o si\u0119 jako pojedynczy model pami\u0105tkowy, szybko przekszta\u0142ci\u0142o si\u0119 w ca\u0142\u0105 lini\u0119 innowacyjnych narz\u0119dzi \u2013 sprawdzonych przez ameryka\u0144skie si\u0142y specjalne, a nawet nagrodzonych jako ulubiony n\u00f3\u017c Navy SEAL. Dzi\u015b no\u017ce SOG \u015bmia\u0142o mo\u017cna nosi\u0107 w najbardziej wymagaj\u0105cych sytuacjach. Wykute z tradycji, zatwardzia\u0142e w polu, z\u0142o\u017cone dla Ciebie.<\/p>\n<p>Niezale\u017cnie od tego, czy chronisz innych, prowadzisz epick\u0105 wypraw\u0119 my\u015bliwsk\u0105, stawiasz czo\u0142a codziennym wyzwaniom \u017cycia, czy te\u017c stawiasz czo\u0142a najbardziej ekstremalnym warunkom, jakie kiedykolwiek stworzy\u0142e\u015b, pokonaj <strong>SOG<\/strong> .<\/p>\n<p>Wielofunkcyjne szczypce <strong>SOG<\/strong> POWERASSIST BLACK NYLON POUCH.<\/p>\n<p>PowerAssist przenosi narz\u0119dzia wielofunkcyjne na nowy poziom. Jest to pierwsza na \u015bwiecie plac\u00f3wka, w kt\u00f3rej przechowywany jest nie jeden, a dwa no\u017ce przy wykorzystaniu technologii wspomaganego SOG. Rozpocznij otwieranie g\u0142\u00f3wnych no\u017cy, gdy g\u0142\u00f3wne narz\u0119dzie jest zamkni\u0119te, a SAT przejmie kontrol\u0119 i doko\u0144czy otwieranie. Gdy nie s\u0105 u\u017cywane, no\u017ce te s\u0105 blokowane za pomoc\u0105 bocznego zwalniacza. Otw\u00f3rz narz\u0119dzie i poznaj precyzj\u0119 mo\u017cliwo\u015bci wytrzyma\u0142ych szczypiec i du\u017cych przecinarek do drutu. G\u0142adkie powierzchnie r\u0119koje\u015bci zapewniaj\u0105 wygod\u0119 nawet podczas najbardziej wymagaj\u0105cych prac. Posiada r\u00f3wnie\u017c os\u0142ony przek\u0142adni Compound Leverage, trwa\u0142\u0105 konstrukcj\u0119, frez w kszta\u0142cie litery V, wbudowane kszta\u0142towniki i matowe czarne wyko\u0144czenie zapewniaj\u0105ce niski wsp\u00f3\u0142czynnik odbicia \u015bwiat\u0142a.<\/p>\n<p>Zawsze miej przy sobie PowerAssist<br \/>\nJe\u015bli wybierasz si\u0119 nad jezioro na relaksuj\u0105cy weekend patrolowy, dodanie PowerAssist do pakietu niezb\u0119dnych rzeczy mo\u017ce si\u0119 op\u0142aci\u0107, je\u015bli nagle b\u0119dziesz musia\u0142 co\u015b naprawi\u0107.<\/p>\n<p>Najnowocze\u015bniejsze narz\u0119dzie wielofunkcyjne SOG &#8211; 16 narz\u0119dzi!<br \/>\nZawiera szczypce, chwytak, przecinak do twardego drutu, rozdrabniacz do drutu, szczypce z ostrzem strumieniowym, ostrze o prostych kraw\u0119dziach, ostrze w pe\u0142ni z\u0105bkowane, pilnik 3-stronny, du\u017cy \u015brubokr\u0119t, \u015brubokr\u0119t krzy\u017cakowy, otwieracz do puszek, ma\u0142y \u015brubokr\u0119t, otwieracz do butelek, \u015bredni \u015brubokr\u0119t, przecinak v i w\u0142adcy.<\/p>\n<p>STAL NIERDZEWNA 420 POWLEKANA TLENKIEM<br \/>\nZapewnia dobr\u0105 przyczepno\u015b\u0107 kraw\u0119dzi i odporno\u015b\u0107 na \u015bcieranie.<\/p>\n<p>D\u0179WIGNIA Z\u0141O\u017bONA<br \/>\nP\u0142ynne otwieranie i zamykanie ze zwi\u0119kszon\u0105 si\u0142\u0105 chwytu.<\/p>\n<p>TECHNOLOGIA WSPIERANA PRZEZ SOG<br \/>\nSAT w mgnieniu oka \u0142\u0105czy ze sob\u0105 dwa no\u017ce. Pierwsze tego typu narz\u0119dzie wielofunkcyjne z t\u0105 funkcj\u0105.<\/p>\n<p>D\u0141UGO\u015a\u0106 CA\u0141KOWITA: 17,5 cm<br \/>\nD\u0141UGO\u015a\u0106 PO ZAMKNI\u0118CIU: 11,5 cm<br \/>\nWAGA PRODUKTU: 9,60 uncji<br \/>\nWYKO\u0143CZENIA: Czarny tlenek<br \/>\nILO\u015a\u0106 NARZ\u0118DZI: 16<br \/>\nKoperta: nylon balistyczny<br \/>\nTYP OSTRZA STALOWEGO: 420<br \/>\nMATERIA\u0141 UCHWYTU: stal nierdzewna 420<br \/>\nTWARDO\u015a\u0106: RC 51-53<br \/>\nWSPOMAGANE OTWARCIE: Tak<\/p>\n<p>PowerAssist przenosi narz\u0119dzia wielofunkcyjne na nowy poziom. Jest to pierwsze na \u015bwiecie ostrze, w kt\u00f3rym mie\u015bci si\u0119 nie tylko jedno, ale dwa ostrza z technologi\u0105 SOG Assisted Technology. Rozpocznij otwieranie g\u0142\u00f3wnych ostrzy, kt\u00f3re s\u0105 dost\u0119pne, gdy g\u0142\u00f3wne narz\u0119dzie jest zamkni\u0119te, a SAT przejmuje kontrol\u0119 nad ca\u0142kowitym otwarciem. Gdy nie s\u0105 u\u017cywane, ostrza te zamykaj\u0105 si\u0119 za pomoc\u0105 naszego zg\u0142oszonego do opatentowania bocznego zwalniacza. Otw\u00f3rz narz\u0119dzie i poznaj precyzj\u0119 wytrzyma\u0142ych szczypiec i du\u017cych przecinak\u00f3w do drutu. G\u0142adkie powierzchnie uchwyt\u00f3w zapewniaj\u0105 wygod\u0119 nawet podczas najci\u0119\u017cszych prac. Zawiera r\u00f3wnie\u017c os\u0142ony przek\u0142adni Compound Leverage, wytrzyma\u0142\u0105 konstrukcj\u0119, przecinak w kszta\u0142cie litery V, wbudowane zaciskarki i matowe czarne wyko\u0144czenie zapewniaj\u0105ce niski wsp\u00f3\u0142czynnik odbicia.<\/p>\n<p>Zawsze no\u015b ze sob\u0105 PowerAssist<br \/>\nJe\u015bli wybierasz si\u0119 do domku nad jeziorem na relaksuj\u0105cy weekend podczas patrolu, dodanie urz\u0105dzenia PowerAssist do pakietu niezb\u0119dnych rzeczy mo\u017ce si\u0119 op\u0142aci\u0107, gdy nagle b\u0119dziesz musia\u0142 co\u015b naprawi\u0107.<\/p>\n<p>Najbardziej funkcjonalne narz\u0119dzie wielofunkcyjne SOG &#8211; 16 narz\u0119dzi!<br \/>\nZawiera szczypce, chwytak, przecinak do twardego drutu, zaciskark\u0119 do drutu, zaciskark\u0119 do nasadek strza\u0142owych, ostrze o prostej kraw\u0119dzi, ostrze w pe\u0142ni z\u0105bkowane, pilnik 3-stronny, du\u017cy \u015brubokr\u0119t, \u015brubokr\u0119t krzy\u017cakowy, otwieracz do puszek, ma\u0142y \u015brubokr\u0119t, otwieracz do butelek, \u015bredni \u015brubokr\u0119t, v- n\u00f3\u017c i linijki<\/p>\n<p>CA\u0141KOWITA D\u0141UGO\u015a\u0106<br \/>\n7&#8243;<br \/>\nD\u0141UGO\u015a\u0106 ZAMKNI\u0118TA<br \/>\n4,60&#8243;<br \/>\nWAGA PRODUKTU<br \/>\n9,60 uncji<br \/>\nUPC<br \/>\n7-29857-99400-2<br \/>\nDATA PRZEDSPRZEDA\u017bY<br \/>\nNA<br \/>\nJEST W PRZEDSPRZEDA\u017bY<br \/>\nNA<br \/>\nPRODUKT WYCOFANY<br \/>\nNA<br \/>\nRODZAJ PRODUKTU<br \/>\nNarz\u0119dzie wielofunkcyjne<br \/>\nSKO\u0143CZY\u0106<br \/>\nCzarny tlenek<br \/>\nLICZBA NARZ\u0118DZI<br \/>\n16<br \/>\nOTW\u00d3R NA SMYCZ<br \/>\nTak<br \/>\nOPAKOWANIE<br \/>\nUnibox &#8211; gotowy do wy\u015bwietlania<br \/>\nMATERIA\u0141 POW\u0141OKI<br \/>\nNylon balistyczny<br \/>\nTYP ostrzy ze stali<br \/>\n420<br \/>\nMATERIA\u0141 UCHWYTU<br \/>\nStal nierdzewna 420<br \/>\nTWARDO\u015a\u0106<br \/>\nRc. 51-53<br \/>\nBLOKUJ OSTRZA<br \/>\nTak<br \/>\nNARZ\u0118DZIA BLOKUJ\u0104CE<br \/>\nTak<br \/>\nWSPOMAGANE OTWARCIE<br \/>\nTak<\/p>\n<p>&nbsp;<\/p>\n","protected":false},"excerpt":{"rendered":"<p>Niezale\u017cnie od tego, czy chronisz innych, prowadzisz epick\u0105 wypraw\u0119 my\u015bliwsk\u0105, stawiasz czo\u0142a codziennym wyzwaniom \u017cycia, czy te\u017c stawiasz czo\u0142a najbardziej ekstremalnym warunkom, jakie kiedykolwiek stworzy\u0142e\u015b, pokonaj <strong>SOG<\/strong> .<\/p>\n<p><strong>Na wszystkie no\u017ce SOG udzielamy do\u017cywotniej gwarancji!<\/strong><\/p>\n","protected":false},"featured_media":336487,"comment_status":"open","ping_status":"closed","template":"","meta":[],"pwb-brand":[3606],"product_brand":[],"product_cat":[3341],"product_tag":[3671],"class_list":{"0":"post-336486","1":"product","2":"type-product","3":"status-publish","4":"has-post-thumbnail","6":"pwb-brand-sog-pl","7":"product_cat-multi-tool-pl","8":"product_tag-b2b-pl","10":"first","11":"instock","12":"taxable","13":"shipping-taxable","14":"purchasable","15":"product-type-simple"},"brands":[{"id":3606,"name":"SOG","slug":"sog-pl"}],"_links":{"self":[{"href":"https:\/\/www.moskito.cz\/pl\/wp-json\/wp\/v2\/product\/336486","targetHints":{"allow":["GET"]}}],"collection":[{"href":"https:\/\/www.moskito.cz\/pl\/wp-json\/wp\/v2\/product"}],"about":[{"href":"https:\/\/www.moskito.cz\/pl\/wp-json\/wp\/v2\/types\/product"}],"replies":[{"embeddable":true,"href":"https:\/\/www.moskito.cz\/pl\/wp-json\/wp\/v2\/comments?post=336486"}],"wp:featuredmedia":[{"embeddable":true,"href":"https:\/\/www.moskito.cz\/pl\/wp-json\/wp\/v2\/media\/336487"}],"wp:attachment":[{"href":"https:\/\/www.moskito.cz\/pl\/wp-json\/wp\/v2\/media?parent=336486"}],"wp:term":[{"taxonomy":"pwb-brand","embeddable":true,"href":"https:\/\/www.moskito.cz\/pl\/wp-json\/wp\/v2\/pwb-brand?post=336486"},{"taxonomy":"product_brand","embeddable":true,"href":"https:\/\/www.moskito.cz\/pl\/wp-json\/wp\/v2\/product_brand?post=336486"},{"taxonomy":"product_cat","embeddable":true,"href":"https:\/\/www.moskito.cz\/pl\/wp-json\/wp\/v2\/product_cat?post=336486"},{"taxonomy":"product_tag","embeddable":true,"href":"https:\/\/www.moskito.cz\/pl\/wp-json\/wp\/v2\/product_tag?post=336486"}],"curies":[{"name":"wp","href":"https:\/\/api.w.org\/{rel}","templated":true}]}}