{"id":336502,"date":"2022-01-06T22:58:13","date_gmt":"2024-04-22T14:56:15","guid":{"rendered":"https:\/\/www.moskito.cz\/produkt\/topor-sog-survival-hawk-czarny\/"},"modified":"2025-05-07T11:13:19","modified_gmt":"2025-05-07T10:13:19","slug":"topor-sog-survival-hawk-czarny","status":"publish","type":"product","link":"https:\/\/www.moskito.cz\/pl\/produkt\/topor-sog-survival-hawk-czarny\/","title":{"rendered":"Top\u00f3r SOG SURVIVAL HAWK &#8211; CZARNY"},"content":{"rendered":"<p>Trudno si\u0119 pomyli\u0107, maj\u0105c przy sobie lekki, szybki i bogaty w funkcje tomahawk. Wyposa\u017cony w odblaskow\u0105 r\u0119koje\u015b\u0107 owini\u0119t\u0105 paracordem, \u017celazocerowy pr\u0119t zap\u0142onowy w r\u0119koje\u015bci, \u015bci\u0105gacz do gwo\u017adzi, m\u0142otek i ostre, wielofunkcyjne ostrze, Survival Hawk jest gotowy do u\u017cycia, gdziekolwiek si\u0119 udasz. In\u017cynieryjne korzenie Survival Hawk wywodz\u0105 si\u0119 ze sprawdzonych konstrukcji, kt\u00f3re zosta\u0142y wielokrotnie przetestowane w realnym \u015bwiecie. Gdziekolwiek si\u0119 udasz, jest to idealny tomahawk, na kt\u00f3rym mo\u017cesz polega\u0107.<\/p>\n<p>Top\u00f3r <strong>SOG<\/strong> SURVIVAL HAWK &#8211; CZARNY<\/p>\n<p>D\u0141UGO\u015a\u0106 CA\u0141KOWITA: 30 cm<br \/>\nWAGA PRODUKTU: 19,50 uncji<br \/>\nD\u0141UGO\u015a\u0106 OSTRZA: 7,5 cm<br \/>\nTWARDO\u015a\u0106: Rc. 47-49<br \/>\nTYP OSTRZA STALOWEGO<br \/>\nMATERIA\u0141 UCHWYTU: Nylon wzmocniony szk\u0142em<br \/>\nKOLOR UCHWYTU: Czarny<br \/>\nETUI W ZESTAWIE: Tak<br \/>\nKOLOR ARKUSZY: Czarny<br \/>\nMATERIA\u0141 ARKUSZY: Nylon balistyczny<\/p>\n<div class=\"measured-item spec-item\" data-uom=\"dimension\"><\/div>\n<div class=\"spec-item\"><\/div>\n","protected":false},"excerpt":{"rendered":"<p><strong>IDEALNY NA MY\u015aLIWO\u015a\u0106 I KEMPING<\/strong><\/p>\n<p>Niezale\u017cnie od tego, czy chronisz innych, prowadzisz epick\u0105 wypraw\u0119 my\u015bliwsk\u0105, stawiasz czo\u0142a codziennym wyzwaniom \u017cycia, czy te\u017c stawiasz czo\u0142a najbardziej ekstremalnym warunkom, jakie kiedykolwiek stworzy\u0142e\u015b, pokonaj SOG.<\/p>\n<p><strong>Na wszystkie no\u017ce SOG udzielamy do\u017cywotniej gwarancji!<\/strong><\/p>\n","protected":false},"featured_media":336503,"comment_status":"open","ping_status":"closed","template":"","meta":[],"pwb-brand":[3606],"product_brand":[],"product_cat":[3284],"product_tag":[3671],"class_list":{"0":"post-336502","1":"product","2":"type-product","3":"status-publish","4":"has-post-thumbnail","6":"pwb-brand-sog-pl","7":"product_cat-osie","8":"product_tag-b2b-pl","10":"first","11":"instock","12":"taxable","13":"shipping-taxable","14":"purchasable","15":"product-type-simple"},"brands":[{"id":3606,"name":"SOG","slug":"sog-pl"}],"_links":{"self":[{"href":"https:\/\/www.moskito.cz\/pl\/wp-json\/wp\/v2\/product\/336502","targetHints":{"allow":["GET"]}}],"collection":[{"href":"https:\/\/www.moskito.cz\/pl\/wp-json\/wp\/v2\/product"}],"about":[{"href":"https:\/\/www.moskito.cz\/pl\/wp-json\/wp\/v2\/types\/product"}],"replies":[{"embeddable":true,"href":"https:\/\/www.moskito.cz\/pl\/wp-json\/wp\/v2\/comments?post=336502"}],"wp:featuredmedia":[{"embeddable":true,"href":"https:\/\/www.moskito.cz\/pl\/wp-json\/wp\/v2\/media\/336503"}],"wp:attachment":[{"href":"https:\/\/www.moskito.cz\/pl\/wp-json\/wp\/v2\/media?parent=336502"}],"wp:term":[{"taxonomy":"pwb-brand","embeddable":true,"href":"https:\/\/www.moskito.cz\/pl\/wp-json\/wp\/v2\/pwb-brand?post=336502"},{"taxonomy":"product_brand","embeddable":true,"href":"https:\/\/www.moskito.cz\/pl\/wp-json\/wp\/v2\/product_brand?post=336502"},{"taxonomy":"product_cat","embeddable":true,"href":"https:\/\/www.moskito.cz\/pl\/wp-json\/wp\/v2\/product_cat?post=336502"},{"taxonomy":"product_tag","embeddable":true,"href":"https:\/\/www.moskito.cz\/pl\/wp-json\/wp\/v2\/product_tag?post=336502"}],"curies":[{"name":"wp","href":"https:\/\/api.w.org\/{rel}","templated":true}]}}