{"id":336552,"date":"2022-01-07T21:58:58","date_gmt":"2024-04-22T14:59:53","guid":{"rendered":"https:\/\/www.moskito.cz\/produkt\/topor-sog-voodoo-hawk-mini-satyna\/"},"modified":"2025-05-07T11:13:20","modified_gmt":"2025-05-07T10:13:20","slug":"topor-sog-voodoo-hawk-mini-satyna","status":"publish","type":"product","link":"https:\/\/www.moskito.cz\/pl\/produkt\/topor-sog-voodoo-hawk-mini-satyna\/","title":{"rendered":"Top\u00f3r SOG VOODOO HAWK MINI &#8211; SATYNA"},"content":{"rendered":"<p>Oryginalny SOG Voodoo Hawk zosta\u0142 zaprojektowany jako po\u0142\u0105czenie naszego taktycznego Tomahawka i FastHawka. Ten Voodoo Hawk Mini jest mniejszy i l\u017cejszy, a jednocze\u015bnie zawiera te same komponenty; przed\u0142u\u017cona g\u0142owica tn\u0105ca, kolec przebijaj\u0105cy, kompaktowy uchwyt z nylonu wzmocnionego w\u0142\u00f3knem szklanym i metalowa g\u0142owica. Voodoo Hawk Mini ma wszystko, co ma Voodoo Hawk, ale w mniejszej, bardziej kompaktowej formie, idealnej dla os\u00f3b podr\u00f3\u017cuj\u0105cych na \u015bwie\u017cym powietrzu, takich jak turysty, piesi, my\u015bliwi i \u017ceglarze. Wytrzyma\u0142y nylonowy uchwyt wzmocniony w\u0142\u00f3knem szklanym wytrzyma uderzenie, pozostaj\u0105c jednocze\u015bnie mocnym. \u015awietne narz\u0119dzie do wszystkiego, co mo\u017cesz w niego rzuci\u0107. Zawiera nylonowy futera\u0142 do przenoszenia.<\/p>\n<p>Top\u00f3r <strong>SOG<\/strong> VOODOO HAWK MINI &#8211; SATYNA<\/p>\n<p>D\u0141UGO\u015a\u0106 CA\u0141KOWITA: 31 cm<br \/>\nWAGA PRODUKTU: 23,10 uncji<br \/>\nD\u0141UGO\u015a\u0106 OSTRZA: 7 cm<br \/>\nWYKO\u0143CZENIA: Satynowe<br \/>\nTWARDO\u015a\u0106: Rc. 46-52<br \/>\nTYP STALI OSTRZA: 3Cr13MoV<br \/>\nTYP KRAW\u0118DZI: Prosta<br \/>\nMATERIA\u0141 UCHWYTU: Nylon wzmocniony szk\u0142em<br \/>\nKOLOR UCHWYTU: Czarny<br \/>\nETUI W ZESTAWIE: Tak<br \/>\nKOLOR ARKUSZY: Czarny<br \/>\nMATERIA\u0141 ARKUSZY: Nylon balistyczny<\/p>\n","protected":false},"excerpt":{"rendered":"<p><strong>IDEALNY NA MY\u015aLIWO\u015a\u0106 I KEMPING<\/strong><\/p>\n<p>Niezale\u017cnie od tego, czy chronisz innych, prowadzisz epick\u0105 wypraw\u0119 my\u015bliwsk\u0105, stawiasz czo\u0142a codziennym wyzwaniom \u017cycia, czy te\u017c stawiasz czo\u0142a najbardziej ekstremalnym warunkom, jakie kiedykolwiek stworzy\u0142e\u015b, pokonaj SOG.<\/p>\n<p><strong>Na wszystkie no\u017ce SOG udzielamy do\u017cywotniej gwarancji!<\/strong><\/p>\n","protected":false},"featured_media":336553,"comment_status":"open","ping_status":"closed","template":"","meta":[],"pwb-brand":[3606],"product_brand":[],"product_cat":[3284],"product_tag":[3671],"class_list":{"0":"post-336552","1":"product","2":"type-product","3":"status-publish","4":"has-post-thumbnail","6":"pwb-brand-sog-pl","7":"product_cat-osie","8":"product_tag-b2b-pl","10":"first","11":"outofstock","12":"taxable","13":"shipping-taxable","14":"purchasable","15":"product-type-simple"},"brands":[{"id":3606,"name":"SOG","slug":"sog-pl"}],"_links":{"self":[{"href":"https:\/\/www.moskito.cz\/pl\/wp-json\/wp\/v2\/product\/336552","targetHints":{"allow":["GET"]}}],"collection":[{"href":"https:\/\/www.moskito.cz\/pl\/wp-json\/wp\/v2\/product"}],"about":[{"href":"https:\/\/www.moskito.cz\/pl\/wp-json\/wp\/v2\/types\/product"}],"replies":[{"embeddable":true,"href":"https:\/\/www.moskito.cz\/pl\/wp-json\/wp\/v2\/comments?post=336552"}],"wp:featuredmedia":[{"embeddable":true,"href":"https:\/\/www.moskito.cz\/pl\/wp-json\/wp\/v2\/media\/336553"}],"wp:attachment":[{"href":"https:\/\/www.moskito.cz\/pl\/wp-json\/wp\/v2\/media?parent=336552"}],"wp:term":[{"taxonomy":"pwb-brand","embeddable":true,"href":"https:\/\/www.moskito.cz\/pl\/wp-json\/wp\/v2\/pwb-brand?post=336552"},{"taxonomy":"product_brand","embeddable":true,"href":"https:\/\/www.moskito.cz\/pl\/wp-json\/wp\/v2\/product_brand?post=336552"},{"taxonomy":"product_cat","embeddable":true,"href":"https:\/\/www.moskito.cz\/pl\/wp-json\/wp\/v2\/product_cat?post=336552"},{"taxonomy":"product_tag","embeddable":true,"href":"https:\/\/www.moskito.cz\/pl\/wp-json\/wp\/v2\/product_tag?post=336552"}],"curies":[{"name":"wp","href":"https:\/\/api.w.org\/{rel}","templated":true}]}}