{"id":336647,"date":"2023-11-19T20:36:29","date_gmt":"2023-11-19T19:36:29","guid":{"rendered":"https:\/\/www.moskito.cz\/produkt\/noz-skladany-spyderco-manix-2-xl-c95gpbbk2\/"},"modified":"2025-05-07T11:13:22","modified_gmt":"2025-05-07T10:13:22","slug":"noz-skladany-spyderco-manix-2-xl-c95gpbbk2","status":"publish","type":"product","link":"https:\/\/www.moskito.cz\/pl\/produkt\/noz-skladany-spyderco-manix-2-xl-c95gpbbk2\/","title":{"rendered":"N\u00f3\u017c sk\u0142adany Spyderco Manix 2 XL C95GPBBK2"},"content":{"rendered":"<p>N\u00f3\u017c sk\u0142adany <strong>Spyderco<\/strong> Manix 2 XL C95GPBBK2<\/p>\n<p>Je\u015bli jeste\u015b fanem du\u017cych no\u017cy, <strong>Manix 2 XL<\/strong> jest no\u017cem dla Ciebie. Ma te same cechy co Manix 2, ale w bardzo du\u017cym formacie, idealnym dla du\u017cych d\u0142oni i du\u017cych ci\u0119\u0107. Ostrze CPM S30V ma w pe\u0142ni p\u0142aski szlif, co zapewnia idealn\u0105 syntez\u0119 wytrzyma\u0142o\u015bci i geometrii ostrza. Ten <strong>Manix 2 XL<\/strong> ma nieodblaskowe wyko\u0144czenie ostrza w kolorze diamentu (DLC) z dopasowanym czarnym osprz\u0119tem i klipsem ze szkieletowymi wstawkami. Obydwa posiadaj\u0105 czarn\u0105 polimerow\u0105 klatk\u0119 w mechanizmie blokuj\u0105cym z \u0142o\u017cyskiem kulkowym.<\/p>\n<p>Funkcjonowa\u0107:<br \/>\nR\u0119czno\u015b\u0107\/lateralizacja: prawa\/lewa<br \/>\nMechanizm blokuj\u0105cy: Zamek z \u0142o\u017cyskiem kulkowym<br \/>\nJimping: Spine i Choil<br \/>\nOtw\u00f3r na smycz: Tak<br \/>\nOstrze ze stali: CPM-S30V<br \/>\nMateria\u0142 r\u0119koje\u015bci: czarny G-10<br \/>\nSzlifowanie ostrza: Szlifowanie p\u0142askie<br \/>\nKonfiguracja kraw\u0119dzi: g\u0142adka<br \/>\nDane techniczne:<br \/>\nZamkni\u0119te: 12,9 cm<br \/>\nRazem: 22,7 cm<br \/>\nOstrze: 9,8 cm<br \/>\nKonfiguracja kraw\u0119dzi: g\u0142adka<br \/>\nGrubo\u015b\u0107 ostrza: 0,32 cm<br \/>\nStal: CPM S30V<br \/>\nWaga: 147 g<br \/>\nSzlifowanie: Ca\u0142kowicie p\u0142askie<br \/>\nKlip: Odwr\u00f3\u0107 \/ Dwustronny<br \/>\nWykonane w USA<\/p>\n","protected":false},"excerpt":{"rendered":"<p><strong>Je\u015bli jeste\u015b fanem du\u017cych no\u017cy, Manix 2 XL jest no\u017cem dla Ciebie.<\/strong><\/p>\n<p><strong>Bezp\u0142atny transport.<\/strong><\/p>\n","protected":false},"featured_media":336649,"comment_status":"open","ping_status":"closed","template":"","meta":[],"pwb-brand":[3432],"product_brand":[],"product_cat":[3307,3296],"product_tag":[3671],"class_list":{"0":"post-336647","1":"product","2":"type-product","3":"status-publish","4":"has-post-thumbnail","6":"pwb-brand-spyderco-pl","7":"product_cat-zamykanie-nozy","8":"product_cat-noze-pl","9":"product_tag-b2b-pl","11":"first","12":"instock","13":"taxable","14":"shipping-taxable","15":"purchasable","16":"product-type-simple"},"brands":[{"id":3432,"name":"Spyderco","slug":"spyderco-pl"}],"_links":{"self":[{"href":"https:\/\/www.moskito.cz\/pl\/wp-json\/wp\/v2\/product\/336647","targetHints":{"allow":["GET"]}}],"collection":[{"href":"https:\/\/www.moskito.cz\/pl\/wp-json\/wp\/v2\/product"}],"about":[{"href":"https:\/\/www.moskito.cz\/pl\/wp-json\/wp\/v2\/types\/product"}],"replies":[{"embeddable":true,"href":"https:\/\/www.moskito.cz\/pl\/wp-json\/wp\/v2\/comments?post=336647"}],"wp:featuredmedia":[{"embeddable":true,"href":"https:\/\/www.moskito.cz\/pl\/wp-json\/wp\/v2\/media\/336649"}],"wp:attachment":[{"href":"https:\/\/www.moskito.cz\/pl\/wp-json\/wp\/v2\/media?parent=336647"}],"wp:term":[{"taxonomy":"pwb-brand","embeddable":true,"href":"https:\/\/www.moskito.cz\/pl\/wp-json\/wp\/v2\/pwb-brand?post=336647"},{"taxonomy":"product_brand","embeddable":true,"href":"https:\/\/www.moskito.cz\/pl\/wp-json\/wp\/v2\/product_brand?post=336647"},{"taxonomy":"product_cat","embeddable":true,"href":"https:\/\/www.moskito.cz\/pl\/wp-json\/wp\/v2\/product_cat?post=336647"},{"taxonomy":"product_tag","embeddable":true,"href":"https:\/\/www.moskito.cz\/pl\/wp-json\/wp\/v2\/product_tag?post=336647"}],"curies":[{"name":"wp","href":"https:\/\/api.w.org\/{rel}","templated":true}]}}