{"id":336681,"date":"2022-01-05T22:13:45","date_gmt":"2024-04-23T09:13:13","guid":{"rendered":"https:\/\/www.moskito.cz\/produkt\/jastrzebie-do-rzucania-sog-3-pak-powloka-nylonowa\/"},"modified":"2025-05-07T11:13:23","modified_gmt":"2025-05-07T10:13:23","slug":"jastrzebie-do-rzucania-sog-3-pak-powloka-nylonowa","status":"publish","type":"product","link":"https:\/\/www.moskito.cz\/pl\/produkt\/jastrzebie-do-rzucania-sog-3-pak-powloka-nylonowa\/","title":{"rendered":"Jastrz\u0119bie do rzucania SOG &#8211; 3 PAK, POW\u0141OKA NYLONOWA"},"content":{"rendered":"<p>Przenie\u015b rzucanie do celu na wy\u017cszy poziom dzi\u0119ki zestawowi Throwing Hawk Set, trzypakowi jednocz\u0119\u015bciowych stalowych jastrz\u0119bi z uchwytami owini\u0119tymi paracordem, przeznaczonymi do rzucania do celu. Zmierz si\u0119 z przyjaci\u00f3\u0142mi o dominacj\u0119 na podw\u00f3rku. Te stylizowane jastrz\u0119bie do rzucania pozwalaj\u0105 nie tylko lata\u0107 w powietrzu, ale s\u0105 tak\u017ce praktyczne. S\u0105 chronione tward\u0105 czarn\u0105 pow\u0142ok\u0105 SOG i s\u0105 wyj\u0105tkowo odporne na zarysowania. Ich r\u00f3wnowaga, aerodynamika i proporcje czyni\u0105 je \u015bwietnymi jastrz\u0119biami do rzucania. Z tych samych powod\u00f3w tworz\u0105 r\u00f3wnie\u017c \u015bwietne narz\u0119dzia terenowe do tworzenia kopii zapasowych. R\u0105czki owini\u0119te s\u0105 paracordem lub mo\u017cna u\u017cywa\u0107 bez niego i masz trzy tomahawki w cenie jednego! Zawiera nylonowy futera\u0142 do bezpiecznego przenoszenia wszystkich trzech.<\/p>\n<p>Jastrz\u0119bie do rzucania <strong>SOG<\/strong> &#8211; 3 PAK, POW\u0141OKA NYLONOWA<\/p>\n<p>D\u0141UGO\u015a\u0106 CA\u0141KOWITA: 27 cm<br \/>\nWAGA PRODUKTU: 25,40 uncji<br \/>\nD\u0141UGO\u015a\u0106 OSTRZA: 4,5 cm<br \/>\nTWARDO\u015a\u0106: Rc. 50-56<br \/>\nTYP STALI OSTRZA: 3Cr13MoV<br \/>\nMATERIA\u0141 UCHWYTU: Nylon wzmocniony szk\u0142em<br \/>\nKOLOR UCHWYTU: Czarny<br \/>\nETUI W ZESTAWIE: Tak<br \/>\nKOLOR ARKUSZY: Czarny<br \/>\nMATERIA\u0141 ARKUSZY: Nylon balistyczny<\/p>\n","protected":false},"excerpt":{"rendered":"<p><strong>IDEALNY NA MY\u015aLIWO\u015a\u0106 I KEMPING<\/strong><\/p>\n<p>Niezale\u017cnie od tego, czy chronisz innych, prowadzisz epick\u0105 wypraw\u0119 my\u015bliwsk\u0105, stawiasz czo\u0142a codziennym wyzwaniom \u017cycia, czy te\u017c stawiasz czo\u0142a najbardziej ekstremalnym warunkom, jakie kiedykolwiek stworzy\u0142e\u015b, pokonaj <strong>SOG<\/strong> .<\/p>\n<p><strong>Na wszystkie no\u017ce SOG udzielamy do\u017cywotniej gwarancji!<\/strong><\/p>\n","protected":false},"featured_media":336682,"comment_status":"open","ping_status":"closed","template":"","meta":[],"pwb-brand":[],"product_brand":[],"product_cat":[3284],"product_tag":[3671],"class_list":{"0":"post-336681","1":"product","2":"type-product","3":"status-publish","4":"has-post-thumbnail","6":"product_cat-osie","7":"product_tag-b2b-pl","9":"first","10":"outofstock","11":"taxable","12":"shipping-taxable","13":"purchasable","14":"product-type-simple"},"brands":[],"_links":{"self":[{"href":"https:\/\/www.moskito.cz\/pl\/wp-json\/wp\/v2\/product\/336681","targetHints":{"allow":["GET"]}}],"collection":[{"href":"https:\/\/www.moskito.cz\/pl\/wp-json\/wp\/v2\/product"}],"about":[{"href":"https:\/\/www.moskito.cz\/pl\/wp-json\/wp\/v2\/types\/product"}],"replies":[{"embeddable":true,"href":"https:\/\/www.moskito.cz\/pl\/wp-json\/wp\/v2\/comments?post=336681"}],"wp:featuredmedia":[{"embeddable":true,"href":"https:\/\/www.moskito.cz\/pl\/wp-json\/wp\/v2\/media\/336682"}],"wp:attachment":[{"href":"https:\/\/www.moskito.cz\/pl\/wp-json\/wp\/v2\/media?parent=336681"}],"wp:term":[{"taxonomy":"pwb-brand","embeddable":true,"href":"https:\/\/www.moskito.cz\/pl\/wp-json\/wp\/v2\/pwb-brand?post=336681"},{"taxonomy":"product_brand","embeddable":true,"href":"https:\/\/www.moskito.cz\/pl\/wp-json\/wp\/v2\/product_brand?post=336681"},{"taxonomy":"product_cat","embeddable":true,"href":"https:\/\/www.moskito.cz\/pl\/wp-json\/wp\/v2\/product_cat?post=336681"},{"taxonomy":"product_tag","embeddable":true,"href":"https:\/\/www.moskito.cz\/pl\/wp-json\/wp\/v2\/product_tag?post=336681"}],"curies":[{"name":"wp","href":"https:\/\/api.w.org\/{rel}","templated":true}]}}