{"id":336708,"date":"2021-10-18T21:45:51","date_gmt":"2024-04-23T09:44:01","guid":{"rendered":"https:\/\/www.moskito.cz\/produkt\/zestaw-nozy-do-rzucania-sog-3-sztuki\/"},"modified":"2025-05-07T11:13:24","modified_gmt":"2025-05-07T10:13:24","slug":"zestaw-nozy-do-rzucania-sog-3-sztuki","status":"publish","type":"product","link":"https:\/\/www.moskito.cz\/pl\/produkt\/zestaw-nozy-do-rzucania-sog-3-sztuki\/","title":{"rendered":"Zestaw no\u017cy do rzucania SOG, 3 sztuki"},"content":{"rendered":"<p>Nasza historia zaczyna si\u0119 w Wietnamie, gdzie cz\u0142onkowie \u015bci\u015ble tajnych ameryka\u0144skich si\u0142 specjalnych \u2013 znanych jako MACV \u2013 <strong>SOG<\/strong> \u2013 podczas tajnych misji zabierali do d\u017cungli wyj\u0105tkowy tajny n\u00f3\u017c. Kilka lat p\u00f3\u017aniej, w 1986 roku, n\u00f3\u017c ten zainspirowa\u0142 m\u0142odego projektanta Spencera Frazera do za\u0142o\u017cenia no\u017cy specjalnych <strong>SOG<\/strong> . Jego misja: odtworzenie oryginalnego no\u017ca <strong>SOG<\/strong> Bowie i z\u0142o\u017cenie ho\u0142du jednostce operacji specjalnych, kt\u00f3ra go stworzy\u0142a. To, co zacz\u0119\u0142o si\u0119 jako pojedynczy model pami\u0105tkowy, szybko przekszta\u0142ci\u0142o si\u0119 w ca\u0142\u0105 lini\u0119 innowacyjnych narz\u0119dzi \u2013 sprawdzonych przez ameryka\u0144skie si\u0142y specjalne, a nawet nagrodzonych jako ulubiony n\u00f3\u017c Navy SEAL. Dzi\u015b no\u017ce SOG \u015bmia\u0142o mo\u017cna nosi\u0107 w najbardziej wymagaj\u0105cych sytuacjach. Wykute z tradycji, zatwardzia\u0142e w polu, z\u0142o\u017cone dla Ciebie.<\/p>\n<p>Niezale\u017cnie od tego, czy chronisz innych, prowadzisz epick\u0105 wypraw\u0119 my\u015bliwsk\u0105, stawiasz czo\u0142a codziennym wyzwaniom \u017cycia, czy te\u017c stawiasz czo\u0142a najbardziej ekstremalnym warunkom, jakie kiedykolwiek stworzy\u0142e\u015b, pokonaj <strong>SOG<\/strong> .<\/p>\n<p>Zestaw 3 no\u017cy do rzucania <strong>SOG<\/strong> , 3 sztuki.<\/p>\n<p>No\u017ce do rzucania zosta\u0142y zaprojektowane na wz\u00f3r tradycyjnych no\u017cy do rzucania i idealnie nadaj\u0105 si\u0119 do zawod\u00f3w na podw\u00f3rku. Ka\u017cda r\u0119koje\u015b\u0107 no\u017ca jest owini\u0119ta paracordem o d\u0142ugo\u015bci 7 st\u00f3p, co daje w sumie 21 st\u00f3p, idealn\u0105 na nieoczekiwane sytuacje. Do trzech no\u017cy do\u0142\u0105czono tak\u017ce pochw\u0119 z nylonu balistycznego. Zobacz, kto pierwszy trafi w dziesi\u0105tk\u0119!<\/p>\n<p>D\u0141UGO\u015a\u0106 CA\u0141KOWITA: 24 cm<br \/>\nWAGA PRODUKTU: 5,40 uncji<br \/>\nD\u0141UGO\u015a\u0106 OSTRZA: 7 cm<br \/>\nTYP PRODUKTU: N\u00f3\u017c do rzucania, ostrze sta\u0142e<br \/>\nWYKO\u0143CZENIA: Satynowe<br \/>\nTYP OSTRZA STALOWEGO: 3Cr13<br \/>\nKSZTA\u0141T OSTRZA: Grot w\u0142\u00f3czni<br \/>\nMATERIA\u0141 UCHWYTU: owini\u0119ty paracordem<br \/>\nKOLOR UCHWYTU: Zielony, Br\u0105zowy<br \/>\nTWARDO\u015a\u0106: RC 49-51<br \/>\nPOKRYWA W ZESTAWIE: Tak<br \/>\nKOLOR ARKUSZY: Czarny<br \/>\nZAPI\u0118CIE KURTKI: Rzep<br \/>\nMATERIA\u0141 ARKUSZY: Nylon balistyczny<\/p>\n<p>No\u017ce Fling s\u0105 stylizowane na tradycyjne no\u017ce do rzucania i doskonale nadaj\u0105 si\u0119 do zawod\u00f3w na podw\u00f3rku. Ka\u017cda r\u0119koje\u015b\u0107 no\u017ca jest owini\u0119ta paracordem o d\u0142ugo\u015bci 7 st\u00f3p, co daje w sumie 21 st\u00f3p, idealn\u0105 na nieoczekiwane sytuacje. Do trzech no\u017cy do\u0142\u0105czona jest tak\u017ce pochwa z nylonu balistycznego. Zobacz, kto pierwszy trafi w dziesi\u0105tk\u0119!<\/p>\n<p>CA\u0141KOWITA D\u0141UGO\u015a\u0106<br \/>\n9,5&#8243;<br \/>\nWAGA PRODUKTU<br \/>\n5,40 uncji<br \/>\nD\u0141UGO\u015a\u0106 OSTRZA<br \/>\n2,8&#8243;<br \/>\nGRUBO\u015a\u0106 OSTRZY<br \/>\n0,14&#8243;<br \/>\nUPC<br \/>\n7-29857-99893-2<br \/>\nJEST W PRZEDSPRZEDA\u017bY<br \/>\nNA<br \/>\nDATA PRZEDSPRZEDA\u017bY<br \/>\nNA<br \/>\nRODZAJ PRODUKTU<br \/>\nN\u00f3\u017c do rzucania, ostrze sta\u0142e<br \/>\nKRAJ POCHODZENIA<br \/>\nChiny<br \/>\nOPAKOWANIE<br \/>\nUnibox &#8211; gotowy do wy\u015bwietlania<br \/>\nGRAWEROWALNE<br \/>\nTak<br \/>\nSKO\u0143CZY\u0106<br \/>\nSatyna<br \/>\nTYP KRAW\u0118DZI<br \/>\nProsty<br \/>\nTYP ostrzy ze stali<br \/>\n3Kr13<br \/>\nKSZTA\u0141T OSTRZA<br \/>\nPunkt W\u0142\u00f3czni<br \/>\nMATERIA\u0141 UCHWYTU<br \/>\nOwini\u0119ty paracordem<br \/>\nKOLOR UCHWYTU<br \/>\nZielony, br\u0105zowy<br \/>\nTWARDO\u015a\u0106<br \/>\nRc. 49-51<br \/>\nPOCHWA W ZESTAWIE<br \/>\nTak<br \/>\nKOLOR POW\u0141OKI<br \/>\nCzarny<br \/>\nTYP MOCOWANIA POCHWY<br \/>\nP\u0119tla paska<br \/>\nTYP ZAMKNI\u0118CIA OS\u0141ONY<br \/>\nRzep<br \/>\nMATERIA\u0141 POW\u0141OKI<br \/>\nNylon balistyczny<\/p>\n","protected":false},"excerpt":{"rendered":"<p>Niezale\u017cnie od tego, czy chronisz innych, prowadzisz epick\u0105 wypraw\u0119 my\u015bliwsk\u0105, stawiasz czo\u0142a codziennym wyzwaniom \u017cycia, czy te\u017c stawiasz czo\u0142a najbardziej ekstremalnym warunkom, jakie kiedykolwiek stworzy\u0142e\u015b, pokonaj <strong>SOG<\/strong> .<\/p>\n<p><strong>Na wszystkie no\u017ce SOG udzielamy do\u017cywotniej gwarancji!<\/strong><\/p>\n","protected":false},"featured_media":336709,"comment_status":"open","ping_status":"closed","template":"","meta":[],"pwb-brand":[3606],"product_brand":[],"product_cat":[3296,3543],"product_tag":[3671],"class_list":{"0":"post-336708","1":"product","2":"type-product","3":"status-publish","4":"has-post-thumbnail","6":"pwb-brand-sog-pl","7":"product_cat-noze-pl","8":"product_cat-rzucac-nozami","9":"product_tag-b2b-pl","11":"first","12":"outofstock","13":"taxable","14":"shipping-taxable","15":"purchasable","16":"product-type-simple"},"brands":[{"id":3606,"name":"SOG","slug":"sog-pl"}],"_links":{"self":[{"href":"https:\/\/www.moskito.cz\/pl\/wp-json\/wp\/v2\/product\/336708","targetHints":{"allow":["GET"]}}],"collection":[{"href":"https:\/\/www.moskito.cz\/pl\/wp-json\/wp\/v2\/product"}],"about":[{"href":"https:\/\/www.moskito.cz\/pl\/wp-json\/wp\/v2\/types\/product"}],"replies":[{"embeddable":true,"href":"https:\/\/www.moskito.cz\/pl\/wp-json\/wp\/v2\/comments?post=336708"}],"wp:featuredmedia":[{"embeddable":true,"href":"https:\/\/www.moskito.cz\/pl\/wp-json\/wp\/v2\/media\/336709"}],"wp:attachment":[{"href":"https:\/\/www.moskito.cz\/pl\/wp-json\/wp\/v2\/media?parent=336708"}],"wp:term":[{"taxonomy":"pwb-brand","embeddable":true,"href":"https:\/\/www.moskito.cz\/pl\/wp-json\/wp\/v2\/pwb-brand?post=336708"},{"taxonomy":"product_brand","embeddable":true,"href":"https:\/\/www.moskito.cz\/pl\/wp-json\/wp\/v2\/product_brand?post=336708"},{"taxonomy":"product_cat","embeddable":true,"href":"https:\/\/www.moskito.cz\/pl\/wp-json\/wp\/v2\/product_cat?post=336708"},{"taxonomy":"product_tag","embeddable":true,"href":"https:\/\/www.moskito.cz\/pl\/wp-json\/wp\/v2\/product_tag?post=336708"}],"curies":[{"name":"wp","href":"https:\/\/api.w.org\/{rel}","templated":true}]}}