{"id":336719,"date":"2022-11-05T21:07:41","date_gmt":"2022-11-05T20:07:41","guid":{"rendered":"https:\/\/www.moskito.cz\/produkt\/solidny-noz-cold-steel-razor-tek-blade-o-grubosci-5-mm\/"},"modified":"2024-04-23T12:21:33","modified_gmt":"2024-04-23T11:21:33","slug":"solidny-noz-cold-steel-razor-tek-blade-o-grubosci-5-mm","status":"publish","type":"product","link":"https:\/\/www.moskito.cz\/pl\/produkt\/solidny-noz-cold-steel-razor-tek-blade-o-grubosci-5-mm\/","title":{"rendered":"Solidny n\u00f3\u017c Cold Steel RAZOR TEK BLADE o grubo\u015bci 5 MM"},"content":{"rendered":"<p>Solidny n\u00f3\u017c <strong>Cold Steel<\/strong> RAZOR TEK BLADE o grubo\u015bci 5 MM.<\/p>\n<p>Najwi\u0119kszy z serii Razor Tek, ma zakrzywione ostrze o grubo\u015bci 6,5 cala i grubo\u015bci 5 mm. N\u00f3\u017c ten \u015bwietnie sprawdza si\u0119 w wi\u0119kszych firmach. Zakrzywione ostrze i przedni brzuch sprawiaj\u0105, \u017ce jest to \u015bwietny siekacz. Dzi\u0119ki ergonomicznej i teksturowanej r\u0119koje\u015bci masz ostrze, kt\u00f3re pasuje do Twojej nast\u0119pnej wyprawy w dzicz. To ostrze zabierze Ci\u0119 tam i z powrotem. Zawiera obudow\u0119 Secure-Ex<\/p>\n<p>PARAMETRY PRODUKTU<br \/>\nKolor: czarny\/srebrny<br \/>\nRozmiar ca\u0142kowity: 295 mm<br \/>\nWaga: 331 g<br \/>\nMateria\u0142 r\u0119koje\u015bci: GFN<br \/>\nD\u0142ugo\u015b\u0107 r\u0105czki: 130 mm<br \/>\nStal: 4116SS<br \/>\nGrubo\u015b\u0107 ostrza: 4,6 mm<br \/>\nD\u0142ugo\u015b\u0107 ostrza: 165 mm<\/p>\n","protected":false},"excerpt":{"rendered":"<p><strong>Du\u017cy n\u00f3\u017c o g\u0142adkiej kraw\u0119dzi i d\u0142ugo\u015bci ostrza 165 mm. Do no\u017ca do\u0142\u0105czona jest pochwa Secure-Ex.<\/strong><\/p>\n","protected":false},"featured_media":336720,"comment_status":"open","ping_status":"closed","template":"","meta":[],"pwb-brand":[3596],"product_brand":[],"product_cat":[3297,3296],"product_tag":[3671],"class_list":{"0":"post-336719","1":"product","2":"type-product","3":"status-publish","4":"has-post-thumbnail","6":"pwb-brand-zimna-stal","7":"product_cat-solidne-noze","8":"product_cat-noze-pl","9":"product_tag-b2b-pl","11":"first","12":"instock","13":"taxable","14":"shipping-taxable","15":"purchasable","16":"product-type-simple"},"brands":[{"id":3596,"name":"Zimna stal","slug":"zimna-stal"}],"_links":{"self":[{"href":"https:\/\/www.moskito.cz\/pl\/wp-json\/wp\/v2\/product\/336719","targetHints":{"allow":["GET"]}}],"collection":[{"href":"https:\/\/www.moskito.cz\/pl\/wp-json\/wp\/v2\/product"}],"about":[{"href":"https:\/\/www.moskito.cz\/pl\/wp-json\/wp\/v2\/types\/product"}],"replies":[{"embeddable":true,"href":"https:\/\/www.moskito.cz\/pl\/wp-json\/wp\/v2\/comments?post=336719"}],"wp:featuredmedia":[{"embeddable":true,"href":"https:\/\/www.moskito.cz\/pl\/wp-json\/wp\/v2\/media\/336720"}],"wp:attachment":[{"href":"https:\/\/www.moskito.cz\/pl\/wp-json\/wp\/v2\/media?parent=336719"}],"wp:term":[{"taxonomy":"pwb-brand","embeddable":true,"href":"https:\/\/www.moskito.cz\/pl\/wp-json\/wp\/v2\/pwb-brand?post=336719"},{"taxonomy":"product_brand","embeddable":true,"href":"https:\/\/www.moskito.cz\/pl\/wp-json\/wp\/v2\/product_brand?post=336719"},{"taxonomy":"product_cat","embeddable":true,"href":"https:\/\/www.moskito.cz\/pl\/wp-json\/wp\/v2\/product_cat?post=336719"},{"taxonomy":"product_tag","embeddable":true,"href":"https:\/\/www.moskito.cz\/pl\/wp-json\/wp\/v2\/product_tag?post=336719"}],"curies":[{"name":"wp","href":"https:\/\/api.w.org\/{rel}","templated":true}]}}