{"id":336727,"date":"2023-03-25T20:30:30","date_gmt":"2024-04-23T11:24:35","guid":{"rendered":"https:\/\/www.moskito.cz\/produkt\/noz-skladany-cold-steel-talwar-5-5-full-serrated-edge-s35vn\/"},"modified":"2025-05-07T11:13:25","modified_gmt":"2025-05-07T10:13:25","slug":"noz-skladany-cold-steel-talwar-5-5-full-serrated-edge-s35vn","status":"publish","type":"product","link":"https:\/\/www.moskito.cz\/pl\/produkt\/noz-skladany-cold-steel-talwar-5-5-full-serrated-edge-s35vn\/","title":{"rendered":"N\u00f3\u017c sk\u0142adany Cold Steel TALWAR 5.5&#8243; FULL SERRATED EDGE S35VN"},"content":{"rendered":"<p>N\u00f3\u017c sk\u0142adany <strong>Cold Steel<\/strong> TALWAR 5.5&#8243; FULL SERRATED EDGE S35VN<\/p>\n<p>\u201eJe\u015bli widzia\u0142e\u015b, jak pokazuj\u0119 ci\u0119cie, niew\u0105tpliwie widzia\u0142e\u015b, jak u\u017cywam du\u017cego 5\u00bd\u201d Talwar. Dlaczego? Poniewa\u017c jego ostrze jest wyj\u0105tkowo szerokie, ma cienki przekr\u00f3j w kszta\u0142cie litery V i wierzcho\u0142ek skierowany do g\u00f3ry. Wszystkie te cechy sprawiaj\u0105, \u017ce jest to jeden z najlepszych no\u017cy sk\u0142adanych o wysokiej wydajno\u015bci na \u015bwiecie. Nie zobaczysz, jak nasi konkurenci kopiuj\u0105 wydajno\u015b\u0107 ci\u0119cia Talwar 5 1\/2\u201d z jednego powodu: nie mog\u0105! Sprzedawany z super mocn\u0105 r\u0119koje\u015bci\u0105 G-10 i niezr\u00f3wnanym mechanizmem blokuj\u0105cym Tri-AD, nasz du\u017cy Talwar jest pi\u0119kno\u015bci\u0105, je\u015bli oczekujesz du\u017cej wydajno\u015bci od folderu!\u201d \u2013 Lynn Thompson<\/p>\n<p>Opis:<br \/>\nMateria\u0142 ostrza: CPM-S35VN<br \/>\nMateria\u0142 r\u0119koje\u015bci: G-10<br \/>\nBezpiecze\u0144stwo: blokada Tri-Ad<br \/>\nD\u0142ugo\u015b\u0107 ostrza: 14 cm<br \/>\nD\u0142ugo\u015b\u0107 ca\u0142kowita: 32,7 cm<br \/>\nD\u0142ugo\u015b\u0107 z\u0142o\u017conego no\u017ca: 18,7 cm<br \/>\nGrubo\u015b\u0107 ostrza: 3,8 mm<br \/>\nWaga: 244 g<br \/>\nTyp ostrza: Punkt ko\u0144cowy<\/p>\n","protected":false},"excerpt":{"rendered":"<p>Talwar to n\u00f3\u017c sk\u0142adany z z\u0105bkowanym lub g\u0142adkim ostrzem. Ma charakterystyczn\u0105 zakrzywion\u0105 kraw\u0119d\u017a skierowan\u0105 w stron\u0119 tylnej cz\u0119\u015bci ostrza. Jego kszta\u0142t w niczym nie przeczy orygina\u0142owi, indyjskiemu mieczowi o tej samej nazwie.<\/p>\n","protected":false},"featured_media":336728,"comment_status":"open","ping_status":"closed","template":"","meta":[],"pwb-brand":[3596],"product_brand":[],"product_cat":[3296,3307],"product_tag":[3671],"class_list":{"0":"post-336727","1":"product","2":"type-product","3":"status-publish","4":"has-post-thumbnail","6":"pwb-brand-zimna-stal","7":"product_cat-noze-pl","8":"product_cat-zamykanie-nozy","9":"product_tag-b2b-pl","11":"first","12":"instock","13":"taxable","14":"shipping-taxable","15":"purchasable","16":"product-type-simple"},"brands":[{"id":3596,"name":"Zimna stal","slug":"zimna-stal"}],"_links":{"self":[{"href":"https:\/\/www.moskito.cz\/pl\/wp-json\/wp\/v2\/product\/336727","targetHints":{"allow":["GET"]}}],"collection":[{"href":"https:\/\/www.moskito.cz\/pl\/wp-json\/wp\/v2\/product"}],"about":[{"href":"https:\/\/www.moskito.cz\/pl\/wp-json\/wp\/v2\/types\/product"}],"replies":[{"embeddable":true,"href":"https:\/\/www.moskito.cz\/pl\/wp-json\/wp\/v2\/comments?post=336727"}],"wp:featuredmedia":[{"embeddable":true,"href":"https:\/\/www.moskito.cz\/pl\/wp-json\/wp\/v2\/media\/336728"}],"wp:attachment":[{"href":"https:\/\/www.moskito.cz\/pl\/wp-json\/wp\/v2\/media?parent=336727"}],"wp:term":[{"taxonomy":"pwb-brand","embeddable":true,"href":"https:\/\/www.moskito.cz\/pl\/wp-json\/wp\/v2\/pwb-brand?post=336727"},{"taxonomy":"product_brand","embeddable":true,"href":"https:\/\/www.moskito.cz\/pl\/wp-json\/wp\/v2\/product_brand?post=336727"},{"taxonomy":"product_cat","embeddable":true,"href":"https:\/\/www.moskito.cz\/pl\/wp-json\/wp\/v2\/product_cat?post=336727"},{"taxonomy":"product_tag","embeddable":true,"href":"https:\/\/www.moskito.cz\/pl\/wp-json\/wp\/v2\/product_tag?post=336727"}],"curies":[{"name":"wp","href":"https:\/\/api.w.org\/{rel}","templated":true}]}}