{"id":336784,"date":"2022-11-23T18:49:24","date_gmt":"2024-04-23T12:12:27","guid":{"rendered":"https:\/\/www.moskito.cz\/produkt\/noz-skladany-sog-stout-flk-blackout\/"},"modified":"2025-05-07T11:13:27","modified_gmt":"2025-05-07T10:13:27","slug":"noz-skladany-sog-stout-flk-blackout","status":"publish","type":"product","link":"https:\/\/www.moskito.cz\/pl\/produkt\/noz-skladany-sog-stout-flk-blackout\/","title":{"rendered":"N\u00f3\u017c sk\u0142adany SOG STOUT FLK BLACKOUT"},"content":{"rendered":"<p>N\u00f3\u017c sk\u0142adany <strong>SOG<\/strong> STOUT FLK BLACKOUT.<\/p>\n<p>WSP\u00d3\u0141PRACA PROJEKTOWANA<br \/>\nDu\u0144ski projektant no\u017cy Mikkel Willumsen i za\u0142o\u017cyciel SOG Spencer Frazer po\u0142\u0105czyli si\u0142y, aby stworzy\u0107 to odwa\u017cne pi\u0119kno na co dzie\u0144.<\/p>\n<p>KOMPAKTOWY, ALE MO\u017bLIWY<br \/>\nNie daj si\u0119 zwie\u015b\u0107 mniejszemu rozmiarowi. To solidny n\u00f3\u017c, kt\u00f3ry bez problemu wyjmiesz z kieszeni, aby stawi\u0107 czo\u0142a wszystkim wyzwaniom dnia.<\/p>\n<p>KR\u00d3TKIE I CIA\u0141O<br \/>\nStout FLK, element ramy zamka z kr\u00f3tkim ostrzem, otwiera kopniakiem poddane obr\u00f3bce kriogenicznej ostrze ze stali D2 o \u015brednicy 2,62 cala. Solidna r\u0119koje\u015b\u0107 z G10 i stali nierdzewnej zapewnia trwa\u0142o\u015b\u0107 tego no\u017ca wsp\u00f3\u0142pracuj\u0105cego w codziennym u\u017cytkowaniu.<\/p>\n<p>STAL KRYO D2<br \/>\nWszechstronna, wysokow\u0119glowa stal narz\u0119dziowa poddawana kriogenicznej obr\u00f3bce cieplnej zgodnie z unikalnymi specyfikacjami SOG. D2 zapewnia idealne po\u0142\u0105czenie zachowania kraw\u0119dzi i trwa\u0142o\u015bci przy d\u0142ugotrwa\u0142ym u\u017cytkowaniu.<\/p>\n<p>G10 i UCHWYT STALOWY<br \/>\nTrwa\u0142y i wytrzyma\u0142y, znacznie przewy\u017csza wymagania codziennego noszenia no\u017ca.<\/p>\n<p>SZYBKIE OTWARCIE<br \/>\nPo prostu kopnij, a n\u00f3\u017c si\u0119 otworzy.<\/p>\n<p>D\u0141UGO\u015a\u0106 OSTRZA: 6,55 cm<br \/>\nD\u0141UGO\u015a\u0106 CA\u0141KOWITA: 16 cm<br \/>\nWAGA PRODUKTU: 4,09 uncji<br \/>\nGRUBO\u015a\u0106 OSTRZA: 0,37 cm<br \/>\nTYP PRODUKTU: N\u00f3\u017c sk\u0142adany<br \/>\nMECHANIZM BLOKUJ\u0104CY: Blokada ramy<br \/>\nMECHANIZM OTWARCIA: Kopni\u0119cie, Otw\u00f3r na Kciuk<br \/>\nZACZEP DO PASKA: Dwustronny klips do paska<br \/>\nTYP KRAW\u0118DZI: Prosta<br \/>\nTYP OSTRZA STALOWEGO: CRYO D2<br \/>\nTWARDO\u015a\u0106: Rc. 58-60<br \/>\nMATERIA\u0141 UCHWYTU: G10<\/p>\n","protected":false},"excerpt":{"rendered":"<p>Kompaktowy sk\u0142adany n\u00f3\u017c do codziennego noszenia z 2,62-calowym ostrzem wykonanym z niezawodnej stali CRYO D2, Stout FLK to scyzoryk z blokad\u0105 ramy typu \u201ekick-open\u201d. Wyposa\u017cony w solidn\u0105 r\u0119koje\u015b\u0107 z G10 i stal nierdzewn\u0105, Stout FLK jest wynikiem wsp\u00f3\u0142pracy projektanta no\u017cy Mikkela Willumsena i za\u0142o\u017cyciela SOG Spencera Frazera.<\/p>\n","protected":false},"featured_media":336785,"comment_status":"open","ping_status":"closed","template":"","meta":[],"pwb-brand":[3606],"product_brand":[],"product_cat":[3296,3307],"product_tag":[3671],"class_list":{"0":"post-336784","1":"product","2":"type-product","3":"status-publish","4":"has-post-thumbnail","6":"pwb-brand-sog-pl","7":"product_cat-noze-pl","8":"product_cat-zamykanie-nozy","9":"product_tag-b2b-pl","11":"first","12":"instock","13":"taxable","14":"shipping-taxable","15":"purchasable","16":"product-type-simple"},"brands":[{"id":3606,"name":"SOG","slug":"sog-pl"}],"_links":{"self":[{"href":"https:\/\/www.moskito.cz\/pl\/wp-json\/wp\/v2\/product\/336784","targetHints":{"allow":["GET"]}}],"collection":[{"href":"https:\/\/www.moskito.cz\/pl\/wp-json\/wp\/v2\/product"}],"about":[{"href":"https:\/\/www.moskito.cz\/pl\/wp-json\/wp\/v2\/types\/product"}],"replies":[{"embeddable":true,"href":"https:\/\/www.moskito.cz\/pl\/wp-json\/wp\/v2\/comments?post=336784"}],"wp:featuredmedia":[{"embeddable":true,"href":"https:\/\/www.moskito.cz\/pl\/wp-json\/wp\/v2\/media\/336785"}],"wp:attachment":[{"href":"https:\/\/www.moskito.cz\/pl\/wp-json\/wp\/v2\/media?parent=336784"}],"wp:term":[{"taxonomy":"pwb-brand","embeddable":true,"href":"https:\/\/www.moskito.cz\/pl\/wp-json\/wp\/v2\/pwb-brand?post=336784"},{"taxonomy":"product_brand","embeddable":true,"href":"https:\/\/www.moskito.cz\/pl\/wp-json\/wp\/v2\/product_brand?post=336784"},{"taxonomy":"product_cat","embeddable":true,"href":"https:\/\/www.moskito.cz\/pl\/wp-json\/wp\/v2\/product_cat?post=336784"},{"taxonomy":"product_tag","embeddable":true,"href":"https:\/\/www.moskito.cz\/pl\/wp-json\/wp\/v2\/product_tag?post=336784"}],"curies":[{"name":"wp","href":"https:\/\/api.w.org\/{rel}","templated":true}]}}