{"id":336844,"date":"2022-01-05T21:50:55","date_gmt":"2024-04-23T12:33:16","guid":{"rendered":"https:\/\/www.moskito.cz\/produkt\/sog-fasthawk-polerowany-topor\/"},"modified":"2025-05-07T11:13:28","modified_gmt":"2025-05-07T10:13:28","slug":"sog-fasthawk-polerowany-topor","status":"publish","type":"product","link":"https:\/\/www.moskito.cz\/pl\/produkt\/sog-fasthawk-polerowany-topor\/","title":{"rendered":"SOG FastHawk Polerowany top\u00f3r"},"content":{"rendered":"<p>SOG FastHawk jest szybszy, l\u017cejszy, bardziej zwrotny i \u0142atwiejszy do przenoszenia ni\u017c jego brat Taktyczny Tomahawk. Nie oznacza to jednak, \u017ce nie jest on nadal wydajny, wszechstronny i funkcjonalny. To narz\u0119dzie, kt\u00f3re b\u0119dzie u\u017cywane znacznie cz\u0119\u015bciej, ni\u017c mo\u017cna by si\u0119 spodziewa\u0107. Ci\u0119cie, \u0142amanie, ci\u0119cie, uderzanie m\u0142otkiem, przek\u0142uwanie, kopanie, podwa\u017canie, walenie, golenie, \u017c\u0142obienie, otwieranie i rzucanie to umiej\u0119tno\u015bci w zasi\u0119gu FastHawka. G\u0142owica ze stali nierdzewnej 420 z czarn\u0105 tward\u0105 pow\u0142ok\u0105 jest przymocowana do r\u0119koje\u015bci z polimeru balistycznego za pomoc\u0105 wytrzyma\u0142ych \u015brub i stalowej tulei, aby zapewni\u0107 najwy\u017csz\u0105 integralno\u015b\u0107. Boczna szachownica m\u0142otka zapewnia precyzyjne umiejscowienie podczas hu\u015btania. Noszony w nylonowej kaburze, kt\u00f3r\u0105 mo\u017cna przymocowa\u0107 do paska, plecaka lub sprz\u0119tu. To uniwersalne narz\u0119dzie wsp\u00f3\u0142czesnego cz\u0142owieka<\/p>\n<p><strong>SOG<\/strong> FastHawk Polerowany top\u00f3r.<\/p>\n<p>D\u0141UGO\u015a\u0106 CA\u0141KOWITA: 31 cm<br \/>\nWAGA PRODUKTU: 19,00 uncji<br \/>\nD\u0141UGO\u015a\u0106 OSTRZA: 5 cm<br \/>\nWYKO\u0143CZENIA: Polerowane<br \/>\nTWARDO\u015a\u0106: Rc. 51-53<br \/>\nTYP STALI OSTRZA: Stal nierdzewna 420<br \/>\nMATERIA\u0141 UCHWYTU: Nylon wzmocniony szk\u0142em<br \/>\nKOLOR UCHWYTU: Czarny<br \/>\nETUI W ZESTAWIE: Tak<br \/>\nKOLOR ARKUSZY: Czarny<br \/>\nMATERIA\u0141 ARKUSZY: Nylon balistyczny<\/p>\n","protected":false},"excerpt":{"rendered":"<p><strong>IDEALNY NA MY\u015aLIWO\u015a\u0106 I KEMPING<\/strong><\/p>\n<p>Niezale\u017cnie od tego, czy chronisz innych, prowadzisz epick\u0105 wypraw\u0119 my\u015bliwsk\u0105, stawiasz czo\u0142a codziennym wyzwaniom \u017cycia, czy te\u017c stawiasz czo\u0142a najbardziej ekstremalnym warunkom, jakie kiedykolwiek stworzy\u0142e\u015b, pokonaj <strong>SOG<\/strong> .<\/p>\n<p><strong>Na wszystkie no\u017ce SOG udzielamy do\u017cywotniej gwarancji!<\/strong><\/p>\n","protected":false},"featured_media":336845,"comment_status":"open","ping_status":"closed","template":"","meta":[],"pwb-brand":[3606],"product_brand":[],"product_cat":[3284],"product_tag":[3671],"class_list":{"0":"post-336844","1":"product","2":"type-product","3":"status-publish","4":"has-post-thumbnail","6":"pwb-brand-sog-pl","7":"product_cat-osie","8":"product_tag-b2b-pl","10":"first","11":"outofstock","12":"sale","13":"taxable","14":"shipping-taxable","15":"purchasable","16":"product-type-simple"},"brands":[{"id":3606,"name":"SOG","slug":"sog-pl"}],"_links":{"self":[{"href":"https:\/\/www.moskito.cz\/pl\/wp-json\/wp\/v2\/product\/336844","targetHints":{"allow":["GET"]}}],"collection":[{"href":"https:\/\/www.moskito.cz\/pl\/wp-json\/wp\/v2\/product"}],"about":[{"href":"https:\/\/www.moskito.cz\/pl\/wp-json\/wp\/v2\/types\/product"}],"replies":[{"embeddable":true,"href":"https:\/\/www.moskito.cz\/pl\/wp-json\/wp\/v2\/comments?post=336844"}],"wp:featuredmedia":[{"embeddable":true,"href":"https:\/\/www.moskito.cz\/pl\/wp-json\/wp\/v2\/media\/336845"}],"wp:attachment":[{"href":"https:\/\/www.moskito.cz\/pl\/wp-json\/wp\/v2\/media?parent=336844"}],"wp:term":[{"taxonomy":"pwb-brand","embeddable":true,"href":"https:\/\/www.moskito.cz\/pl\/wp-json\/wp\/v2\/pwb-brand?post=336844"},{"taxonomy":"product_brand","embeddable":true,"href":"https:\/\/www.moskito.cz\/pl\/wp-json\/wp\/v2\/product_brand?post=336844"},{"taxonomy":"product_cat","embeddable":true,"href":"https:\/\/www.moskito.cz\/pl\/wp-json\/wp\/v2\/product_cat?post=336844"},{"taxonomy":"product_tag","embeddable":true,"href":"https:\/\/www.moskito.cz\/pl\/wp-json\/wp\/v2\/product_tag?post=336844"}],"curies":[{"name":"wp","href":"https:\/\/api.w.org\/{rel}","templated":true}]}}