{"id":336892,"date":"2021-10-19T19:43:43","date_gmt":"2024-04-23T12:36:28","guid":{"rendered":"https:\/\/www.moskito.cz\/produkt\/taktyczny-tomahawk-sog\/"},"modified":"2025-05-07T11:13:30","modified_gmt":"2025-05-07T10:13:30","slug":"taktyczny-tomahawk-sog","status":"publish","type":"product","link":"https:\/\/www.moskito.cz\/pl\/produkt\/taktyczny-tomahawk-sog\/","title":{"rendered":"TAKTYCZNY TOMAHAWK SOG"},"content":{"rendered":"<p>Nasza historia zaczyna si\u0119 w Wietnamie, gdzie cz\u0142onkowie \u015bci\u015ble tajnych ameryka\u0144skich si\u0142 specjalnych \u2013 znanych jako MACV \u2013 <strong>SOG<\/strong> \u2013 podczas tajnych misji zabierali do d\u017cungli wyj\u0105tkowy tajny n\u00f3\u017c. Kilka lat p\u00f3\u017aniej, w 1986 roku, n\u00f3\u017c ten zainspirowa\u0142 m\u0142odego projektanta Spencera Frazera do za\u0142o\u017cenia no\u017cy specjalnych <strong>SOG<\/strong> . Jego misja: odtworzenie oryginalnego no\u017ca <strong>SOG<\/strong> Bowie i z\u0142o\u017cenie ho\u0142du jednostce operacji specjalnych, kt\u00f3ra go stworzy\u0142a. To, co zacz\u0119\u0142o si\u0119 jako pojedynczy model pami\u0105tkowy, szybko przekszta\u0142ci\u0142o si\u0119 w ca\u0142\u0105 lini\u0119 innowacyjnych narz\u0119dzi \u2013 sprawdzonych przez ameryka\u0144skie si\u0142y specjalne, a nawet nagrodzonych jako ulubiony n\u00f3\u017c Navy SEAL. Dzi\u015b no\u017ce SOG \u015bmia\u0142o mo\u017cna nosi\u0107 w najbardziej wymagaj\u0105cych sytuacjach. Wykute z tradycji, zatwardzia\u0142e w polu, z\u0142o\u017cone dla Ciebie.<\/p>\n<p>Niezale\u017cnie od tego, czy chronisz innych, prowadzisz epick\u0105 wypraw\u0119 my\u015bliwsk\u0105, stawiasz czo\u0142a codziennym wyzwaniom \u017cycia, czy te\u017c stawiasz czo\u0142a najbardziej ekstremalnym warunkom, jakie kiedykolwiek stworzy\u0142e\u015b, pokonaj <strong>SOG<\/strong> .<\/p>\n<p>TAKTYCZNY TOMAHAWK <strong>SOG<\/strong> .<\/p>\n<p>Tomahawk Taktyczny bazuje na wietnamskim tomahawku i stanowi ekstremaln\u0105 ewolucj\u0119 orygina\u0142u, kt\u00f3ry by\u0142 uwa\u017cany za jedn\u0105 z najbardziej niezwyk\u0142ych broni swoich czas\u00f3w. Obecnie istnieje realne zapotrzebowanie na uniwersalne narz\u0119dzie do operacji rozbijania, kopania, usuwania przeszk\u00f3d, ekstrakcji i innych zastosowa\u0144 pomocniczych. G\u0142owica ze stali nierdzewnej Hardcased 420 jest przymocowana do nylonowej r\u0119koje\u015bci wzmocnionej w\u0142\u00f3knem szklanym za pomoc\u0105 wytrzyma\u0142ych \u015brub i stalowych ko\u0142nierzy zapewniaj\u0105cych stabilno\u015b\u0107. M\u0142otek boczny zapewnia precyzyjne pozycjonowanie podczas uderzania. Noszony w nylonowym etui, jest wszechstronnym narz\u0119dziem wsp\u00f3\u0142czesnego m\u0119\u017cczyzny.<\/p>\n<p><strong>Doskona\u0142e narz\u0119dzie, kt\u00f3re przeniesie Ci\u0119 z misji do ogniska<\/strong><br \/>\nTomahawk 15,75 cala z utwardzan\u0105 g\u0142owic\u0105 ze stali nierdzewnej 420 zamontowan\u0105 na nylonowym uchwycie wzmocnionym w\u0142\u00f3knem szklanym z solidnymi \u015brubami i stalow\u0105 tulej\u0105 zapewniaj\u0105c\u0105 stabilno\u015b\u0107. Boczna kontrola m\u0142ota zapewnia dok\u0142adne pozycjonowanie podczas m\u0142otkowania. Noszony w nylonowym etui.<\/p>\n<p><strong>G\u0141OWICA ZE STALI NIERDZEWNEJ 420<\/strong><br \/>\nTrwa\u0142y, trzyma kraw\u0119d\u017a, doskona\u0142a odporno\u015b\u0107 na korozj\u0119&#8230; czego chcie\u0107 wi\u0119cej?<\/p>\n<p><strong>Twarde jak gw\u00f3\u017ad\u017a<\/strong><br \/>\nG\u0142owica jest przymocowana do solidnego uchwytu za pomoc\u0105 wytrzyma\u0142ych \u015brub i stalowej tulei.<\/p>\n<p><strong>M\u0141OTEK BOCZNY<\/strong><br \/>\nZapewnia precyzyjne pozycjonowanie podczas wbijania.<\/p>\n<p>D\u0141UGO\u015a\u0106 CA\u0141KOWITA: 40 cm<br \/>\nWAGA PRODUKTU: 24,00 uncji<br \/>\nD\u0141UGO\u015a\u0106 OSTRZA: 7 cm<br \/>\nWYKO\u0143CZENIA: Czarne<br \/>\nTWARDO\u015a\u0106: RC 51-53<br \/>\nTYP OSTRZA STALOWEGO: stal nierdzewna 420<br \/>\nTYP KRAW\u0118DZI: Prosta<br \/>\nMATERIA\u0141 UCHWYTU: Nylon wzmocniony szk\u0142em<br \/>\nKOLOR UCHWYTU: Czarny<br \/>\nPOKRYWA W ZESTAWIE: Tak<br \/>\nKOLOR ARKUSZY: Czarny<br \/>\nMATERIA\u0141 ARKUSZY: Nylon balistyczny<\/p>\n<p>Oparty na Wietnamskim Tomahawku, Tomahawk Taktyczny jest ekstremaln\u0105 ewolucj\u0105 orygina\u0142u, kt\u00f3ry by\u0142 uwa\u017cany za jedn\u0105 z bardziej niezwyk\u0142ych broni swoich czas\u00f3w. Obecnie istnieje realne zapotrzebowanie na wszechstronne narz\u0119dzie do operacji wywa\u017cania, wykop\u00f3w, usuwania przeszk\u00f3d, wydobywania i innych zastosowa\u0144 u\u017cyteczno\u015bci publicznej. G\u0142owica ze stali nierdzewnej 420 z pow\u0142ok\u0105 Hardcased jest zamontowana na nylonowym uchwycie wzmocnionym w\u0142\u00f3knem szklanym za pomoc\u0105 wytrzyma\u0142ych \u015brub i stalowej tulei zapewniaj\u0105cej stabilno\u015b\u0107. Ryflowanie m\u0142otka bocznego zapewnia precyzyjne umieszczenie podczas walenia. Noszony w nylonowej pochwie to uniwersalne narz\u0119dzie wsp\u00f3\u0142czesnego cz\u0142owieka.<\/p>\n<p>Doskona\u0142e narz\u0119dzie przeniesie Ci\u0119 z misji do ogniska<br \/>\nTomahawk 15,75&#8243; z g\u0142owic\u0105 ze stali nierdzewnej 420 z tward\u0105 pow\u0142ok\u0105, zamontowan\u0105 do nylonowej r\u0119koje\u015bci wzmocnionej w\u0142\u00f3knem szklanym za pomoc\u0105 wytrzyma\u0142ych \u015brub i stalowej skuwki zapewniaj\u0105cej stabilno\u015b\u0107. Ryflowanie m\u0142otka bocznego zapewnia precyzyjne umieszczenie podczas walenia. Noszony w nylonowej pochwie.<\/p>\n<p>CA\u0141KOWITA D\u0141UGO\u015a\u0106<br \/>\n15,75&#8243;<br \/>\nWAGA PRODUKTU<br \/>\n24,00 uncji<br \/>\nD\u0141UGO\u015a\u0106 OSTRZA<br \/>\n2,75&#8243;<br \/>\nUPC<br \/>\n7-29857-99485-9<br \/>\nJEST W PRZEDSPRZEDA\u017bY<br \/>\nNA<br \/>\nDATA PRZEDSPRZEDA\u017bY<br \/>\nNA<br \/>\nRODZAJ PRODUKTU<br \/>\nTop\u00f3r<br \/>\nSKO\u0143CZY\u0106<br \/>\nCzarny<br \/>\nOPAKOWANIE<br \/>\nOpakowanie blistrowe<br \/>\nKRAJ POCHODZENIA<br \/>\nChiny<br \/>\nGRAWEROWALNE<br \/>\nTak<br \/>\nTWARDO\u015a\u0106<br \/>\nRc. 51-53<br \/>\nTYP ostrzy ze stali<br \/>\nStal nierdzewna 420<br \/>\nTYP KRAW\u0118DZI<br \/>\nProsty<br \/>\nMATERIA\u0141 UCHWYTU<br \/>\nNylon wzmocniony w\u0142\u00f3knem szklanym<br \/>\nKOLOR UCHWYTU<br \/>\nCzarny<br \/>\nPOCHWA W ZESTAWIE<br \/>\nTak<br \/>\nKOLOR POW\u0141OKI<br \/>\nCzarny<br \/>\nMATERIA\u0141 POW\u0141OKI<br \/>\nNylon balistyczny<br \/>\nTYP MOCOWANIA POCHWY<br \/>\nP\u0119tla paska<br \/>\nTYP ZAMKNI\u0118CIA OS\u0141ONY<br \/>\nPstrykn\u0105\u0107<\/p>\n","protected":false},"excerpt":{"rendered":"<p>Niezale\u017cnie od tego, czy chronisz innych, prowadzisz epick\u0105 wypraw\u0119 my\u015bliwsk\u0105, stawiasz czo\u0142a codziennym wyzwaniom \u017cycia, czy te\u017c stawiasz czo\u0142a najbardziej ekstremalnym warunkom, jakie kiedykolwiek stworzy\u0142e\u015b, pokonaj <strong>SOG<\/strong> .<\/p>\n<p><strong>Na wszystkie no\u017ce SOG udzielamy do\u017cywotniej gwarancji!<\/strong><\/p>\n","protected":false},"featured_media":336893,"comment_status":"open","ping_status":"closed","template":"","meta":[],"pwb-brand":[3606],"product_brand":[],"product_cat":[3284],"product_tag":[3671],"class_list":{"0":"post-336892","1":"product","2":"type-product","3":"status-publish","4":"has-post-thumbnail","6":"pwb-brand-sog-pl","7":"product_cat-osie","8":"product_tag-b2b-pl","10":"first","11":"instock","12":"taxable","13":"shipping-taxable","14":"purchasable","15":"product-type-simple"},"brands":[{"id":3606,"name":"SOG","slug":"sog-pl"}],"_links":{"self":[{"href":"https:\/\/www.moskito.cz\/pl\/wp-json\/wp\/v2\/product\/336892","targetHints":{"allow":["GET"]}}],"collection":[{"href":"https:\/\/www.moskito.cz\/pl\/wp-json\/wp\/v2\/product"}],"about":[{"href":"https:\/\/www.moskito.cz\/pl\/wp-json\/wp\/v2\/types\/product"}],"replies":[{"embeddable":true,"href":"https:\/\/www.moskito.cz\/pl\/wp-json\/wp\/v2\/comments?post=336892"}],"wp:featuredmedia":[{"embeddable":true,"href":"https:\/\/www.moskito.cz\/pl\/wp-json\/wp\/v2\/media\/336893"}],"wp:attachment":[{"href":"https:\/\/www.moskito.cz\/pl\/wp-json\/wp\/v2\/media?parent=336892"}],"wp:term":[{"taxonomy":"pwb-brand","embeddable":true,"href":"https:\/\/www.moskito.cz\/pl\/wp-json\/wp\/v2\/pwb-brand?post=336892"},{"taxonomy":"product_brand","embeddable":true,"href":"https:\/\/www.moskito.cz\/pl\/wp-json\/wp\/v2\/product_brand?post=336892"},{"taxonomy":"product_cat","embeddable":true,"href":"https:\/\/www.moskito.cz\/pl\/wp-json\/wp\/v2\/product_cat?post=336892"},{"taxonomy":"product_tag","embeddable":true,"href":"https:\/\/www.moskito.cz\/pl\/wp-json\/wp\/v2\/product_tag?post=336892"}],"curies":[{"name":"wp","href":"https:\/\/api.w.org\/{rel}","templated":true}]}}