{"id":336944,"date":"2024-04-23T14:05:01","date_gmt":"2024-04-23T13:11:27","guid":{"rendered":"https:\/\/www.moskito.cz\/produkt\/noz-zamykajacy-microtech-amphibian-stonewashed-137rl-11fl\/"},"modified":"2025-05-07T11:13:31","modified_gmt":"2025-05-07T10:13:31","slug":"noz-zamykajacy-microtech-amphibian-stonewashed-137rl-11fl","status":"publish","type":"product","link":"https:\/\/www.moskito.cz\/pl\/produkt\/noz-zamykajacy-microtech-amphibian-stonewashed-137rl-11fl\/","title":{"rendered":"N\u00f3\u017c zamykaj\u0105cy Microtech Amphibian Stonewashed 137RL-11FL"},"content":{"rendered":"<p>N\u00f3\u017c zamykaj\u0105cy <strong>Microtech<\/strong> Amphibian Stonewashed 137RL-11FL.<\/p>\n<p><strong>Amphibian<\/strong> to prawdziwy klasyk marki Marfione, kt\u00f3rego historia si\u0119ga ponad 20 lat. Pochodz\u0105 z dawnych czas\u00f3w, kiedy <strong>no\u017ce<\/strong> <strong>Microtech<\/strong> mog\u0142y by\u0107 zar\u00f3wno automatyczne, jak i r\u0119czne&#8230; w jednym. Mamy tu wersj\u0119 r\u0119czn\u0105, zawieraj\u0105c\u0105 autorsk\u0105 konstrukcj\u0119 RAM-LOK Tony&#8217;ego z obur\u0119cznym klipsem do kieszeni i dwoma ko\u0142kami na kciuk, tworz\u0105c w pe\u0142ni obur\u0119czny n\u00f3\u017c, kt\u00f3ry nie po\u015bwi\u0119ca niczego. Posiada opatentowane ostrze ze stali Bohler M390MK, dost\u0119pne wy\u0142\u0105cznie w Microtech Knives. N\u00f3\u017c pod wzgl\u0119dem wielko\u015bci przypomina wydanie MSI Microtech Standard, jednak stylistyk\u0105 nie ma por\u00f3wnania. Amphibian to jeden z najfajniejszych projekt\u00f3w no\u017cy taktycznych wszech czas\u00f3w i cieszymy si\u0119, \u017ce powr\u00f3ci\u0142 i jest dost\u0119pny dla mas!<br \/>\nDane techniczne:<\/p>\n<p>D\u0142ugo\u015b\u0107 ostrza: <span id=\"cwos\" class=\"qv3Wpe\">9,67<\/span> cm<br \/>\nD\u0142ugo\u015b\u0107 zamkni\u0119ta: 5,375 cala<br \/>\nD\u0142ugo\u015b\u0107 ca\u0142kowita: <span id=\"cwos\" class=\"qv3Wpe\">13,42<\/span> cm<br \/>\nStal ostrza: stal nierdzewna Bohler M390MK<br \/>\nStyl ostrza: Clip Point<br \/>\nSzlifowanie ostrzy: puste<br \/>\nObr\u00f3bka powierzchni ostrza: Stonewash<br \/>\nMateria\u0142 r\u0119koje\u015bci: rade\u0142kowany stop 7075-T6 Ordnance Grade, czarna twarda pow\u0142oka Mil-Spec<br \/>\nMechanizm blokuj\u0105cy: RAM-LOK<br \/>\nKieszonkowy klips: Tytan (sk\u0142adany, noszony po lewej\/prawej stronie)<br \/>\nWaga: 6,49 uncji<br \/>\nProjektant: Tony Marfione<br \/>\nWykonane w USA<\/p>\n<p>&nbsp;<\/p>\n","protected":false},"excerpt":{"rendered":"<div class=\"elementor-element elementor-element-bbb542b elementor-widget elementor-widget-woocommerce-product-short-description\" data-id=\"bbb542b\" data-element_type=\"widget\" data-widget_type=\"woocommerce-product-short-description.default\">\n<div class=\"elementor-widget-container\">\n<div class=\"woocommerce-product-details__short-description\">\n<p>Przez lata Microtech\u00ae Knives wype\u0142nia\u0142 no\u017ce pasj\u0105 i umiej\u0119tno\u015bciami, aby tworzy\u0107 niemal dzie\u0142a sztuki, kt\u00f3re s\u0105 szczytem funkcjonalno\u015bci. Wszystkie cz\u0119\u015bci wyprodukowano w USA.<br \/>\n<strong>Wszystkie no\u017ce Microtech obj\u0119te s\u0105 do\u017cywotni\u0105 gwarancj\u0105.<\/strong><\/p>\n<p><strong>Bezp\u0142atny transport.<\/strong><\/p>\n<\/div>\n<\/div>\n<\/div>\n","protected":false},"featured_media":336903,"comment_status":"open","ping_status":"closed","template":"","meta":[],"pwb-brand":[3279],"product_brand":[],"product_cat":[3296,3307],"product_tag":[3671],"class_list":{"0":"post-336944","1":"product","2":"type-product","3":"status-publish","4":"has-post-thumbnail","6":"pwb-brand-microtech-pl","7":"product_cat-noze-pl","8":"product_cat-zamykanie-nozy","9":"product_tag-b2b-pl","11":"first","12":"instock","13":"taxable","14":"shipping-taxable","15":"purchasable","16":"product-type-simple"},"brands":[{"id":3279,"name":"Microtech","slug":"microtech-pl"}],"_links":{"self":[{"href":"https:\/\/www.moskito.cz\/pl\/wp-json\/wp\/v2\/product\/336944","targetHints":{"allow":["GET"]}}],"collection":[{"href":"https:\/\/www.moskito.cz\/pl\/wp-json\/wp\/v2\/product"}],"about":[{"href":"https:\/\/www.moskito.cz\/pl\/wp-json\/wp\/v2\/types\/product"}],"replies":[{"embeddable":true,"href":"https:\/\/www.moskito.cz\/pl\/wp-json\/wp\/v2\/comments?post=336944"}],"wp:featuredmedia":[{"embeddable":true,"href":"https:\/\/www.moskito.cz\/pl\/wp-json\/wp\/v2\/media\/336903"}],"wp:attachment":[{"href":"https:\/\/www.moskito.cz\/pl\/wp-json\/wp\/v2\/media?parent=336944"}],"wp:term":[{"taxonomy":"pwb-brand","embeddable":true,"href":"https:\/\/www.moskito.cz\/pl\/wp-json\/wp\/v2\/pwb-brand?post=336944"},{"taxonomy":"product_brand","embeddable":true,"href":"https:\/\/www.moskito.cz\/pl\/wp-json\/wp\/v2\/product_brand?post=336944"},{"taxonomy":"product_cat","embeddable":true,"href":"https:\/\/www.moskito.cz\/pl\/wp-json\/wp\/v2\/product_cat?post=336944"},{"taxonomy":"product_tag","embeddable":true,"href":"https:\/\/www.moskito.cz\/pl\/wp-json\/wp\/v2\/product_tag?post=336944"}],"curies":[{"name":"wp","href":"https:\/\/api.w.org\/{rel}","templated":true}]}}