{"id":336998,"date":"2023-11-14T14:45:08","date_gmt":"2024-04-23T13:33:06","guid":{"rendered":"https:\/\/www.moskito.cz\/produkt\/noz-skladany-microtech-socom-elite-apocalyptic\/"},"modified":"2025-05-07T11:13:33","modified_gmt":"2025-05-07T10:13:33","slug":"noz-skladany-microtech-socom-elite-apocalyptic","status":"publish","type":"product","link":"https:\/\/www.moskito.cz\/pl\/produkt\/noz-skladany-microtech-socom-elite-apocalyptic\/","title":{"rendered":"N\u00f3\u017c sk\u0142adany Microtech Socom Elite Apocalyptic"},"content":{"rendered":"<p>N\u00f3\u017c sk\u0142adany <strong>Microtech<\/strong> Socom Elite Apocalyptic<\/p>\n<p>Socom Elite wyznacza najwy\u017csze standardy dla no\u017cy taktycznych\/u\u017cytkowych. Od czasu powstania oryginalnego Socom w 1996 roku, jest on pionierem w ca\u0142ej linii no\u017cy sk\u0142adanych Microtech. Na przestrzeni lat wprowadzono wiele ulepsze\u0144, dzi\u0119ki kt\u00f3rym Socom jest lepiej dostosowany do r\u00f3\u017cnych \u015brodowisk. Zar\u00f3wno r\u0119czne, jak i automatyczne Socomy maj\u0105 unikalny kszta\u0142t uchwytu, kt\u00f3ry dopasowuje si\u0119 do d\u0142oni. Wiesz, \u017ce kupujesz najlepsze narz\u0119dzie na rynku, niezale\u017cnie od tego, jakie ostrze wybierzesz: ko\u0144c\u00f3wk\u0119 zaciskow\u0105 czy tanto. Zintegrowany zbijak do szk\u0142a u podstawy r\u0119koje\u015bci oraz du\u017cy ko\u0142ek umo\u017cliwiaj\u0105cy \u0142atwe otwieranie w r\u0119kawicy nadaj\u0105 mu efektownego wygl\u0105du. Wytrzyma\u0142a niezawodno\u015b\u0107 Socom sprawia, \u017ce \u200b\u200bjest to pierwszy wyb\u00f3r dla spo\u0142eczno\u015bci zajmuj\u0105cej si\u0119 operacjami specjalnymi.<\/p>\n<p>Dane techniczne<\/p>\n<p>Kraj pochodzenia: USA<br \/>\nData powstania: 2023<br \/>\nStan: fabrycznie nowy<br \/>\nMateria\u0142 ostrza: M390<br \/>\nSzlif ostrza: p\u0142aski<br \/>\nWyko\u0144czenie ostrza: Apokaliptyczne<br \/>\nMateria\u0142 r\u0119koje\u015bci: aluminium z teksturowanymi wstawkami<br \/>\nMateria\u0142 wk\u0142adu: stal nierdzewna<br \/>\nMechanizm blokuj\u0105cy: Wk\u0142adka<br \/>\nKieszonkowy klips: stal nierdzewna (sk\u0142adany, prawy noszony)<br \/>\nD\u0142ugo\u015b\u0107 ca\u0142kowita: 22,5 cm<br \/>\nD\u0142ugo\u015b\u0107 ostrza: 10 cm<br \/>\nKraw\u0119d\u017a tn\u0105ca: 9,37 cm<br \/>\nSzeroko\u015b\u0107 ostrza: 2,8 cm<br \/>\nGrubo\u015b\u0107 ostrza: 0,47 cm<br \/>\nProjektant: Tony Marfione<br \/>\nWykonane w USA<\/p>\n<p>&nbsp;<\/p>\n","protected":false},"excerpt":{"rendered":"<div class=\"elementor-element elementor-element-bbb542b elementor-widget elementor-widget-woocommerce-product-short-description\" data-id=\"bbb542b\" data-element_type=\"widget\" data-widget_type=\"woocommerce-product-short-description.default\">\n<div class=\"elementor-widget-container\">\n<div class=\"woocommerce-product-details__short-description\">\n<p><strong>Przez lata Microtech\u00ae Knives wype\u0142nia\u0142 no\u017ce pasj\u0105 i umiej\u0119tno\u015bciami, aby tworzy\u0107 niemal dzie\u0142a sztuki, kt\u00f3re s\u0105 szczytem funkcjonalno\u015bci.Wszystkie cz\u0119\u015bci s\u0105 produkowane w USA.<\/strong><br \/>\n<strong>Wszystkie no\u017ce Microtech obj\u0119te s\u0105 do\u017cywotni\u0105 gwarancj\u0105.<\/strong><\/p>\n<p><strong>Bezp\u0142atny transport.<\/strong><\/p>\n<\/div>\n<\/div>\n<\/div>\n","protected":false},"featured_media":337000,"comment_status":"open","ping_status":"closed","template":"","meta":[],"pwb-brand":[3279],"product_brand":[],"product_cat":[3296,3307],"product_tag":[3671],"class_list":{"0":"post-336998","1":"product","2":"type-product","3":"status-publish","4":"has-post-thumbnail","6":"pwb-brand-microtech-pl","7":"product_cat-noze-pl","8":"product_cat-zamykanie-nozy","9":"product_tag-b2b-pl","11":"first","12":"instock","13":"taxable","14":"shipping-taxable","15":"purchasable","16":"product-type-simple"},"brands":[{"id":3279,"name":"Microtech","slug":"microtech-pl"}],"_links":{"self":[{"href":"https:\/\/www.moskito.cz\/pl\/wp-json\/wp\/v2\/product\/336998","targetHints":{"allow":["GET"]}}],"collection":[{"href":"https:\/\/www.moskito.cz\/pl\/wp-json\/wp\/v2\/product"}],"about":[{"href":"https:\/\/www.moskito.cz\/pl\/wp-json\/wp\/v2\/types\/product"}],"replies":[{"embeddable":true,"href":"https:\/\/www.moskito.cz\/pl\/wp-json\/wp\/v2\/comments?post=336998"}],"wp:featuredmedia":[{"embeddable":true,"href":"https:\/\/www.moskito.cz\/pl\/wp-json\/wp\/v2\/media\/337000"}],"wp:attachment":[{"href":"https:\/\/www.moskito.cz\/pl\/wp-json\/wp\/v2\/media?parent=336998"}],"wp:term":[{"taxonomy":"pwb-brand","embeddable":true,"href":"https:\/\/www.moskito.cz\/pl\/wp-json\/wp\/v2\/pwb-brand?post=336998"},{"taxonomy":"product_brand","embeddable":true,"href":"https:\/\/www.moskito.cz\/pl\/wp-json\/wp\/v2\/product_brand?post=336998"},{"taxonomy":"product_cat","embeddable":true,"href":"https:\/\/www.moskito.cz\/pl\/wp-json\/wp\/v2\/product_cat?post=336998"},{"taxonomy":"product_tag","embeddable":true,"href":"https:\/\/www.moskito.cz\/pl\/wp-json\/wp\/v2\/product_tag?post=336998"}],"curies":[{"name":"wp","href":"https:\/\/api.w.org\/{rel}","templated":true}]}}