{"id":337062,"date":"2024-04-23T15:15:26","date_gmt":"2024-04-23T14:16:02","guid":{"rendered":"https:\/\/www.moskito.cz\/produkt\/noz-skladany-microtech-socom-elite-apocalyptic-160-11apnc\/"},"modified":"2025-05-07T11:13:34","modified_gmt":"2025-05-07T10:13:34","slug":"noz-skladany-microtech-socom-elite-apocalyptic-160-11apnc","status":"publish","type":"product","link":"https:\/\/www.moskito.cz\/pl\/produkt\/noz-skladany-microtech-socom-elite-apocalyptic-160-11apnc\/","title":{"rendered":"N\u00f3\u017c sk\u0142adany Microtech Socom Elite Apocalyptic 160-11APNC"},"content":{"rendered":"<p>N\u00f3\u017c sk\u0142adany <strong>Microtech<\/strong> Socom Elite Apocalyptic 160-11APNC.<\/p>\n<p><strong>Socom Elite<\/strong> wyznacza najwy\u017cszy standard sztu\u0107c\u00f3w taktycznych\/u\u017cytkowych. Od czasu stworzenia oryginalnego Socom w 1996 roku, jest on pionierem ca\u0142ej naszej linii no\u017cy sk\u0142adanych. Przez lata wprowadzano ulepszenia, aby Socom lepiej pasowa\u0142 do r\u00f3\u017cnych \u015brodowisk. R\u0119czna lub automatyczna Socom ma unikalny kszta\u0142t r\u0119koje\u015bci, kt\u00f3ry dopasowuje si\u0119 do d\u0142oni. Wiesz, \u017ce kupujesz najlepsze narz\u0119dzie na rynku, niezale\u017cnie od tego, jakie ostrze wybierzesz: ko\u0144c\u00f3wk\u0119 zaciskow\u0105 czy tanto. Ponadto zintegrowany zbijak do szk\u0142a u podstawy r\u0119koje\u015bci i du\u017cy ko\u0142ek umo\u017cliwiaj\u0105cy \u0142atwe otwieranie w r\u0119kawiczce zwi\u0119kszaj\u0105 jego imponuj\u0105cy wzrost. Wytrzyma\u0142a niezawodno\u015b\u0107 Socom sprawia, \u017ce \u200b\u200bjest to pierwszy wyb\u00f3r dla spo\u0142eczno\u015bci zajmuj\u0105cej si\u0119 operacjami specjalnymi.<\/p>\n<p>Ten Natural Clear OTF jest anodowany w spos\u00f3b, kt\u00f3ry nadaje materia\u0142om pi\u0119kny, naturalny wygl\u0105d. Proces anodowania zapewnia r\u00f3wnie\u017c mocn\u0105 pow\u0142ok\u0119 ochronn\u0105, dzi\u0119ki czemu ten element jest gotowy do intensywnego u\u017cytkowania.<br \/>\nDane techniczne:<\/p>\n<p>D\u0142ugo\u015b\u0107 ostrza: 10,12 cm<br \/>\nD\u0142ugo\u015b\u0107 po zamkni\u0119ciu: 12,65 cm<br \/>\nD\u0142ugo\u015b\u0107 ca\u0142kowita: 23 cm<br \/>\nStal: M390<br \/>\nStyl ostrza: Clip Point<br \/>\nSzlif ostrza: p\u0142aski<br \/>\nWyko\u0144czenie ostrza: Apokaliptyczne<br \/>\nMateria\u0142 r\u0119koje\u015bci: Naturalne, przezroczyste aluminium z teksturowanymi gumowymi wstawkami<br \/>\nMateria\u0142 wk\u0142adu: stal nierdzewna<br \/>\nMechanizm blokuj\u0105cy: Wk\u0142adka<br \/>\nKieszonkowy klips: stal nierdzewna (sk\u0142adany, prawy noszony)<br \/>\nWaga: 5,6 uncji<br \/>\nProjektant: Tony Marfione<br \/>\nWykonane w USA<\/p>\n<p>&nbsp;<\/p>\n","protected":false},"excerpt":{"rendered":"<div class=\"elementor-element elementor-element-bbb542b elementor-widget elementor-widget-woocommerce-product-short-description\" data-id=\"bbb542b\" data-element_type=\"widget\" data-widget_type=\"woocommerce-product-short-description.default\">\n<div class=\"elementor-widget-container\">\n<div class=\"woocommerce-product-details__short-description\">\n<p><strong>Przez lata Microtech\u00ae Knives wype\u0142nia\u0142 no\u017ce pasj\u0105 i umiej\u0119tno\u015bciami, aby tworzy\u0107 niemal dzie\u0142a sztuki, kt\u00f3re s\u0105 szczytem funkcjonalno\u015bci. Wszystkie cz\u0119\u015bci wyprodukowano w USA.<\/strong><br \/>\n<strong>Wszystkie no\u017ce Microtech obj\u0119te s\u0105 do\u017cywotni\u0105 gwarancj\u0105.<\/strong><\/p>\n<p><strong>Bezp\u0142atny transport.<\/strong><\/p>\n<\/div>\n<\/div>\n<\/div>\n","protected":false},"featured_media":337027,"comment_status":"open","ping_status":"closed","template":"","meta":[],"pwb-brand":[3279],"product_brand":[],"product_cat":[3296,3307],"product_tag":[3671],"class_list":{"0":"post-337062","1":"product","2":"type-product","3":"status-publish","4":"has-post-thumbnail","6":"pwb-brand-microtech-pl","7":"product_cat-noze-pl","8":"product_cat-zamykanie-nozy","9":"product_tag-b2b-pl","11":"first","12":"instock","13":"taxable","14":"shipping-taxable","15":"purchasable","16":"product-type-simple"},"brands":[{"id":3279,"name":"Microtech","slug":"microtech-pl"}],"_links":{"self":[{"href":"https:\/\/www.moskito.cz\/pl\/wp-json\/wp\/v2\/product\/337062","targetHints":{"allow":["GET"]}}],"collection":[{"href":"https:\/\/www.moskito.cz\/pl\/wp-json\/wp\/v2\/product"}],"about":[{"href":"https:\/\/www.moskito.cz\/pl\/wp-json\/wp\/v2\/types\/product"}],"replies":[{"embeddable":true,"href":"https:\/\/www.moskito.cz\/pl\/wp-json\/wp\/v2\/comments?post=337062"}],"wp:featuredmedia":[{"embeddable":true,"href":"https:\/\/www.moskito.cz\/pl\/wp-json\/wp\/v2\/media\/337027"}],"wp:attachment":[{"href":"https:\/\/www.moskito.cz\/pl\/wp-json\/wp\/v2\/media?parent=337062"}],"wp:term":[{"taxonomy":"pwb-brand","embeddable":true,"href":"https:\/\/www.moskito.cz\/pl\/wp-json\/wp\/v2\/pwb-brand?post=337062"},{"taxonomy":"product_brand","embeddable":true,"href":"https:\/\/www.moskito.cz\/pl\/wp-json\/wp\/v2\/product_brand?post=337062"},{"taxonomy":"product_cat","embeddable":true,"href":"https:\/\/www.moskito.cz\/pl\/wp-json\/wp\/v2\/product_cat?post=337062"},{"taxonomy":"product_tag","embeddable":true,"href":"https:\/\/www.moskito.cz\/pl\/wp-json\/wp\/v2\/product_tag?post=337062"}],"curies":[{"name":"wp","href":"https:\/\/api.w.org\/{rel}","templated":true}]}}