{"id":337434,"date":"2024-04-30T15:38:06","date_gmt":"2024-04-30T14:41:58","guid":{"rendered":"https:\/\/www.moskito.cz\/produkt\/noz-strzelecki-microtech-combat-troodon-1142-1t\/"},"modified":"2025-05-07T11:13:47","modified_gmt":"2025-05-07T10:13:47","slug":"noz-strzelecki-microtech-combat-troodon-1142-1t","status":"publish","type":"product","link":"https:\/\/www.moskito.cz\/pl\/produkt\/noz-strzelecki-microtech-combat-troodon-1142-1t\/","title":{"rendered":"N\u00f3\u017c strzelecki Microtech Combat Troodon 1142-1T"},"content":{"rendered":"<p>N\u00f3\u017c strzelecki <strong>Microtech<\/strong> Combat Troodon 1142-1T.<\/p>\n<p><strong>Combat Troodon<\/strong> D\/E Gen 3 Taktyczny Black Aluminium, Black to najwi\u0119kszy n\u00f3\u017c automatyczny OTF (Out The Front) w serii Troodon, zbudowany z my\u015bl\u0105 o szerokiej gamie zastosowa\u0144 u\u017cytkowych. Jest precyzyjnie wykonany i posiada wyrafinowany i piekielnie szybki mechanizm, kt\u00f3ry wysuwa ostre jak brzytwa ostrze. W 100% wyprodukowane i zmontowane w USA. Zaprojektowany przez Anthony&#8217;ego Marfione, producenta no\u017cy i w\u0142a\u015bciciela Microtech Knives.<\/p>\n<p>Linia <strong>Combat Troodon<\/strong> OTF &#8211; Troodon oznacza po grecku \u201erani\u0105cy z\u0105b\u201d. Chocia\u017c nazw\u0119 t\u0119 po raz pierwszy nadano dinozaurowi podobnemu do Raptora, jest ona r\u00f3wnie odpowiednia dla du\u017cego no\u017ca OTF firmy Microtech, zaprojektowanego do r\u00f3\u017cnych zastosowa\u0144 i walki w zwarciu. Ekstremalny n\u00f3\u017c automatyczny o podw\u00f3jnym dzia\u0142aniu (D\/A) jest popularnym narz\u0119dziem OTF w\u015br\u00f3d organ\u00f3w \u015bcigania, armii ameryka\u0144skiej i personelu ratunkowego. Jego solidna konstrukcja sprawia, \u017ce \u200b\u200bCombat Troodon\u00ae nadaje si\u0119 do intensywnego u\u017cytkowania, a zalety automatu Out The Front sprawiaj\u0105, \u017ce jest to r\u00f3wnie\u017c doskona\u0142y n\u00f3\u017c do codziennego noszenia.<\/p>\n<p>M390MK &#8211; wsp\u00f3\u0142praca in\u017cynier\u00f3w Microtech i B\u00f6hler zaowocowa\u0142a ekskluzywn\u0105 wersj\u0105 stali M390 wykonan\u0105 specjalnie dla Microtech. Zwi\u0119kszono zawarto\u015b\u0107 w\u0119gla i poddano bardziej szczeg\u00f3\u0142owym badaniom, poprawiaj\u0105c w\u0142a\u015bciwo\u015bci stali M390, zapewniaj\u0105c lepsze zachowanie kraw\u0119dzi, odporno\u015b\u0107 na korozj\u0119 i polerowalno\u015b\u0107. Martenzytyczna stal chromowa o wysokiej wydajno\u015bci produkowana w procesie metalurgii proszk\u00f3w. Dzi\u0119ki konstrukcji stopowej ma wyj\u0105tkowo wysok\u0105 odporno\u015b\u0107 na zu\u017cycie i wysok\u0105 odporno\u015b\u0107 na korozj\u0119. Dzi\u0119ki du\u017cej odporno\u015bci na zu\u017cycie odpowiednio utrzymuje kszta\u0142t ostrza, dzi\u0119ki czemu ostrze pozostaje ostre przez bardzo d\u0142ugi czas (wymaga minimalnej konserwacji). Kolejn\u0105 zalet\u0105 jest odporno\u015b\u0107 na powstawanie \u201edrutu\u201d podczas ostrzenia. Stal ma wysok\u0105 zawarto\u015b\u0107 chromu 19,0% (Cr) domieszkowanego 1,95% w\u0119gla (C), wanadu 4,0% (V) i jest hartowana do 59-61 HRC. Ta superstal jest por\u00f3wnywalna ze stalami Carpenter CPM 20CV lub CTS-204P. Producent B\u00f6hler Edelstahl w Kapfenberg w Austrii.<\/p>\n<p>G\u0142ownia &#8211; szlifowana maszynowo, obosieczna typu D\/E (Double Edge Dagger), malowana na czarno. Ostrze wyprowadzono wysokim szlifem p\u0142askim (Flat Grind), kt\u00f3ry zapewnia doskona\u0142e w\u0142a\u015bciwo\u015bci tn\u0105ce. Dzi\u0119ki temu n\u00f3\u017c posiada doskona\u0142e w\u0142a\u015bciwo\u015bci penetracyjne przy jednoczesnym zachowaniu wytrzyma\u0142o\u015bci. Centralnie umieszczone ziarno dodatkowo wzmacnia ostrze. Silny mechanizm wysuwania\/wsuwania ostrza z formowanym suwakiem kciuka, stopniowanym suwakiem kciuka, wymaga u\u017cycia okre\u015blonej si\u0142y, aby pokona\u0107 op\u00f3r spr\u0119\u017cyny dla bezpiecze\u0144stwa. Spos\u00f3b otwierania zapewnia bezproblemowe otwieranie zar\u00f3wno osobom prawo-, jak i lewor\u0119cznym.<\/p>\n<p>R\u0119koje\u015b\u0107 &#8211; wykonana z doskona\u0142\u0105 precyzj\u0105 w technologii 3D na frezarkach CNC, z aluminium 6061-T6 anodyzowanego na kolor czarny Mil-Spec. Faktura powierzchni r\u0119koje\u015bci oraz znajduj\u0105ce si\u0119 na niej g\u0142\u0119bokie naci\u0119cia (jimping) sprawiaj\u0105, \u017ce n\u00f3\u017c nie \u015blizga si\u0119 w d\u0142oni podczas u\u017cytkowania. Cienki profil oraz frezowany dwupozycyjny (prawy\/lewy) klips do g\u0142\u0119bokiego przenoszenia pozwala na dyskretne noszenie no\u017ca w kieszeni, w pozycji tip-down (ostrzem w d\u00f3\u0142). Na klipsie znajduje si\u0119 logo Microtech, numer seryjny oraz data produkcji. R\u0119koje\u015b\u0107 zako\u0144czona jest zbijakiem do szk\u0142a, solidnym stalowym tr\u00f3jk\u0105tem, w kt\u00f3ry wci\u015bni\u0119ta jest kulka z w\u0119glika wolframu. Posiada r\u00f3wnie\u017c otw\u00f3r do przeplatania ozdobnego sznurka.<\/p>\n<p>Dane techniczne:<br \/>\nNumer produktu: 1142-1T<br \/>\nNazwa produktu: Taktyczna bro\u0144 Combat Troodon D\/E Gen 3 w kolorze czarnym, aluminium, kolor czarny<\/p>\n<p>D\u0142ugo\u015b\u0107 ca\u0142kowita: 24,13 cm<br \/>\nD\u0142ugo\u015b\u0107 ostrza: 9,65 cm<br \/>\nGrubo\u015b\u0107 ostrza: 0,33 cm<br \/>\nD\u0142ugo\u015b\u0107 r\u0105czki: 14,6 cm<br \/>\nGrubo\u015b\u0107 r\u0105czki: 1,50 cm<br \/>\nWaga: 150,0 g \/ 5,3 uncji<\/p>\n<p>Materia\u0142 ostrza: B\u00f6hler M390MK<br \/>\nTwardo\u015b\u0107 ostrza: b.d<br \/>\nSzlif ostrza: p\u0142aski<br \/>\nWyko\u0144czenie ostrza: czarna pow\u0142oka<\/p>\n<p>Materia\u0142 r\u0119koje\u015bci: aluminium 6061-T6<br \/>\nKolor wyko\u0144czenia uchwytu: czarny<br \/>\nMateria\u0142 podk\u0142adki dystansowej: aluminium 6061-T6<br \/>\nKolor podk\u0142adki: czarny<\/p>\n<p>Klip: prawo\/lewo, przechylenie w d\u00f3\u0142<br \/>\nMateria\u0142 klipsa: stal nierdzewna<\/p>\n<p>Mechanizm obrotowy: b.d<br \/>\nMechanizm blokuj\u0105cy: Blokada suwakowa<br \/>\nSpos\u00f3b otwierania: automatyczny, przesuwany kciukiem typu push\/pull<br \/>\nInne akcesoria: brak<\/p>\n<p>Projektant: Tony Marfione<br \/>\nMarka: No\u017ce Microtech<br \/>\nProducent: Microtech Knives<br \/>\nKraj pochodzenia: USA<\/p>\n<p><iframe title=\"Microtech Combat Troodon Torture Test\" width=\"800\" height=\"450\" src=\"https:\/\/www.youtube.com\/embed\/xE9TeOFYEjg?feature=oembed\" frameborder=\"0\" allow=\"accelerometer; autoplay; clipboard-write; encrypted-media; gyroscope; picture-in-picture; web-share\" referrerpolicy=\"strict-origin-when-cross-origin\" allowfullscreen><\/iframe><\/p>\n<p>&nbsp;<\/p>\n<p>&nbsp;<\/p>\n","protected":false},"excerpt":{"rendered":"<div class=\"elementor-element elementor-element-bbb542b elementor-widget elementor-widget-woocommerce-product-short-description\" data-id=\"bbb542b\" data-element_type=\"widget\" data-widget_type=\"woocommerce-product-short-description.default\">\n<div class=\"elementor-widget-container\">\n<div class=\"woocommerce-product-details__short-description\">\n<p>Przez lata <strong>firma Microtech\u00ae Knives<\/strong> wype\u0142nia\u0142a no\u017ce pasj\u0105 i umiej\u0119tno\u015bciami, aby tworzy\u0107 niemal dzie\u0142a sztuki, kt\u00f3re s\u0105 szczytem funkcjonalno\u015bci. Wszystkie cz\u0119\u015bci wyprodukowano w USA.<br \/>\n<strong>Wszystkie no\u017ce Microtech obj\u0119te s\u0105 do\u017cywotni\u0105 gwarancj\u0105.<\/strong><\/p>\n<p><strong>Bezp\u0142atny transport.<\/strong><\/p>\n<\/div>\n<\/div>\n<\/div>\n","protected":false},"featured_media":337386,"comment_status":"open","ping_status":"closed","template":"","meta":[],"pwb-brand":[3279],"product_brand":[],"product_cat":[3296,3344],"product_tag":[3671],"class_list":{"0":"post-337434","1":"product","2":"type-product","3":"status-publish","4":"has-post-thumbnail","6":"pwb-brand-microtech-pl","7":"product_cat-noze-pl","8":"product_cat-noze-strzeleckie","9":"product_tag-b2b-pl","11":"first","12":"outofstock","13":"taxable","14":"shipping-taxable","15":"purchasable","16":"product-type-simple"},"brands":[{"id":3279,"name":"Microtech","slug":"microtech-pl"}],"_links":{"self":[{"href":"https:\/\/www.moskito.cz\/pl\/wp-json\/wp\/v2\/product\/337434","targetHints":{"allow":["GET"]}}],"collection":[{"href":"https:\/\/www.moskito.cz\/pl\/wp-json\/wp\/v2\/product"}],"about":[{"href":"https:\/\/www.moskito.cz\/pl\/wp-json\/wp\/v2\/types\/product"}],"replies":[{"embeddable":true,"href":"https:\/\/www.moskito.cz\/pl\/wp-json\/wp\/v2\/comments?post=337434"}],"wp:featuredmedia":[{"embeddable":true,"href":"https:\/\/www.moskito.cz\/pl\/wp-json\/wp\/v2\/media\/337386"}],"wp:attachment":[{"href":"https:\/\/www.moskito.cz\/pl\/wp-json\/wp\/v2\/media?parent=337434"}],"wp:term":[{"taxonomy":"pwb-brand","embeddable":true,"href":"https:\/\/www.moskito.cz\/pl\/wp-json\/wp\/v2\/pwb-brand?post=337434"},{"taxonomy":"product_brand","embeddable":true,"href":"https:\/\/www.moskito.cz\/pl\/wp-json\/wp\/v2\/product_brand?post=337434"},{"taxonomy":"product_cat","embeddable":true,"href":"https:\/\/www.moskito.cz\/pl\/wp-json\/wp\/v2\/product_cat?post=337434"},{"taxonomy":"product_tag","embeddable":true,"href":"https:\/\/www.moskito.cz\/pl\/wp-json\/wp\/v2\/product_tag?post=337434"}],"curies":[{"name":"wp","href":"https:\/\/api.w.org\/{rel}","templated":true}]}}