{"id":337536,"date":"2024-04-30T19:04:25","date_gmt":"2024-04-30T18:05:48","guid":{"rendered":"https:\/\/www.moskito.cz\/produkt\/naprawiono-noz-crkt-bear-claw-2511\/"},"modified":"2025-05-07T11:13:48","modified_gmt":"2025-05-07T10:13:48","slug":"naprawiono-noz-crkt-bear-claw-2511","status":"publish","type":"product","link":"https:\/\/www.moskito.cz\/pl\/produkt\/naprawiono-noz-crkt-bear-claw-2511\/","title":{"rendered":"Naprawiono n\u00f3\u017c CRKT Bear Claw 2511"},"content":{"rendered":"<p>Naprawiono n\u00f3\u017c <strong>CRKT<\/strong> Bear Claw 2511.<\/p>\n<p>Popularny w\u015br\u00f3d flisak\u00f3w, entuzjast\u00f3w sport\u00f3w wodnych i personelu ratowniczego, <strong>Bear Claw\u2122<\/strong> to kompaktowy n\u00f3\u017c o t\u0119pym ostrzu i sta\u0142ym ostrzu, kt\u00f3ry zapobiega penetracji ko\u0144c\u00f3wki i czyni go bezpieczniejszym \u2013 zw\u0142aszcza w pobli\u017cu tratw i ponton\u00f3w. Ostrze typu hawkbill wykonane jest ze stali nierdzewnej i pokryte pow\u0142ok\u0105 Veff Serrations\u2122, kt\u00f3ra zapewnia \u0142atwe ci\u0119cie i szybk\u0105 prac\u0119 z linami i ta\u015bmami. Teksturowana r\u0119koje\u015b\u0107 ma otw\u00f3r na palec, dzi\u0119ki czemu Bear Claw\u2122 jest \u0142atwy do trzymania w mokrych warunkach, a pochwa posiada wiele opcji mocowania, kt\u00f3re umo\u017cliwiaj\u0105 szybki dost\u0119p w sytuacjach awaryjnych \u2013 dzi\u0119ki czemu mo\u017cesz skupi\u0107 si\u0119 na wykonywanym zadaniu.<br \/>\nMaksymalna \u017cywotno\u015b\u0107: AUS 8 jest odporny na korozj\u0119<br \/>\nNiezwykle ostre: Veff Serrations\u2122 zapewniaj\u0105 doskona\u0142\u0105 si\u0142\u0119 ci\u0119cia lin i ta\u015bm<br \/>\nMocny i lekki: nylonowy uchwyt wzmocniony w\u0142\u00f3knem szklanym jest trwa\u0142y i lekki<br \/>\nWyj\u0105tkowy chwyt: Teksturowany uchwyt zapewnia przyczepno\u015b\u0107 w mokrych warunkach<br \/>\nKompatybilny ze sprz\u0119tem: Wytrzyma\u0142a, wzmocniona w\u0142\u00f3knem szklanym obudowa z nylonu z mo\u017cliwo\u015bci\u0105 monta\u017cu<\/p>\n<p>Ostrze ze stali AUS 8<br \/>\nZ\u0105bkowania kraw\u0119dzi ostrza Veff\u2122<br \/>\nWyko\u0144czenie ostrza typu stonewash<br \/>\nD\u0142ugo\u015b\u0107 ostrza: 6,05 cm<br \/>\nGrubo\u015b\u0107 ostrza: 0,34 cm<br \/>\nD\u0142ugo\u015b\u0107 ca\u0142kowita: 14,44 cm<br \/>\nWaga 3,20 uncji (90,72 g)<br \/>\nMateria\u0142 r\u0119koje\u015bci Nylon wzmocniony szk\u0142em<br \/>\nStylowy n\u00f3\u017c o sta\u0142ym ostrzu z pochw\u0105<br \/>\nMateria\u0142 skorupy Termoplastyczny<\/p>\n<p><iframe title=\"CRKT Bear Claw\u2122 Fixed | Russ Kommer Design\" width=\"800\" height=\"450\" src=\"https:\/\/www.youtube.com\/embed\/Q3iE4MyZKyM?feature=oembed\" frameborder=\"0\" allow=\"accelerometer; autoplay; clipboard-write; encrypted-media; gyroscope; picture-in-picture; web-share\" referrerpolicy=\"strict-origin-when-cross-origin\" allowfullscreen><\/iframe><\/p>\n<p>&nbsp;<\/p>\n","protected":false},"excerpt":{"rendered":"<p>PROJEKTANT:<br \/>\nRussa Kommera<br \/>\nFargo w Dakocie P\u00f3\u0142nocnej<br \/>\nPowiedzie\u0107, \u017ce Russ jest mi\u0142o\u015bnikiem sp\u0119dzania czasu na \u015bwie\u017cym powietrzu, to ma\u0142o powiedziane. Profesjonalny przewodnik w\u0119dkarski i my\u015bliwski zacz\u0105\u0142 robi\u0107 no\u017ce, gdy jeden z jego klient\u00f3w przyni\u00f3s\u0142 mu w\u0142asny n\u00f3\u017c i opatrzy\u0142 ca\u0142ego \u0142osia \u2013 bez jego ostrzenia. Od tego czasu za sw\u00f3j obowi\u0105zek postawi\u0142 sobie tworzenie narz\u0119dzi, kt\u00f3rych tylko on b\u0119dzie u\u017cywa\u0142. Jego Bear Claw&#8217;s\u2122 i Hoist&#8217;N Lok\u00ae to typy, kt\u00f3rych u\u017cywaj\u0105 tak\u017ce inni my\u015bliwi.<\/p>\n","protected":false},"featured_media":337499,"comment_status":"open","ping_status":"closed","template":"","meta":[],"pwb-brand":[3458],"product_brand":[],"product_cat":[3296,3297],"product_tag":[3671],"class_list":{"0":"post-337536","1":"product","2":"type-product","3":"status-publish","4":"has-post-thumbnail","6":"pwb-brand-crkt-pl","7":"product_cat-noze-pl","8":"product_cat-solidne-noze","9":"product_tag-b2b-pl","11":"first","12":"outofstock","13":"taxable","14":"shipping-taxable","15":"purchasable","16":"product-type-simple"},"brands":[{"id":3458,"name":"CRKT","slug":"crkt-pl"}],"_links":{"self":[{"href":"https:\/\/www.moskito.cz\/pl\/wp-json\/wp\/v2\/product\/337536","targetHints":{"allow":["GET"]}}],"collection":[{"href":"https:\/\/www.moskito.cz\/pl\/wp-json\/wp\/v2\/product"}],"about":[{"href":"https:\/\/www.moskito.cz\/pl\/wp-json\/wp\/v2\/types\/product"}],"replies":[{"embeddable":true,"href":"https:\/\/www.moskito.cz\/pl\/wp-json\/wp\/v2\/comments?post=337536"}],"wp:featuredmedia":[{"embeddable":true,"href":"https:\/\/www.moskito.cz\/pl\/wp-json\/wp\/v2\/media\/337499"}],"wp:attachment":[{"href":"https:\/\/www.moskito.cz\/pl\/wp-json\/wp\/v2\/media?parent=337536"}],"wp:term":[{"taxonomy":"pwb-brand","embeddable":true,"href":"https:\/\/www.moskito.cz\/pl\/wp-json\/wp\/v2\/pwb-brand?post=337536"},{"taxonomy":"product_brand","embeddable":true,"href":"https:\/\/www.moskito.cz\/pl\/wp-json\/wp\/v2\/product_brand?post=337536"},{"taxonomy":"product_cat","embeddable":true,"href":"https:\/\/www.moskito.cz\/pl\/wp-json\/wp\/v2\/product_cat?post=337536"},{"taxonomy":"product_tag","embeddable":true,"href":"https:\/\/www.moskito.cz\/pl\/wp-json\/wp\/v2\/product_tag?post=337536"}],"curies":[{"name":"wp","href":"https:\/\/api.w.org\/{rel}","templated":true}]}}