{"id":337608,"date":"2024-04-30T19:23:30","date_gmt":"2024-04-30T18:28:39","guid":{"rendered":"https:\/\/www.moskito.cz\/produkt\/noz-zamykajacy-crkt-walker-monument-4000\/"},"modified":"2025-05-07T11:13:50","modified_gmt":"2025-05-07T10:13:50","slug":"noz-zamykajacy-crkt-walker-monument-4000","status":"publish","type":"product","link":"https:\/\/www.moskito.cz\/pl\/produkt\/noz-zamykajacy-crkt-walker-monument-4000\/","title":{"rendered":"N\u00f3\u017c zamykaj\u0105cy CRKT Walker Monument 4000"},"content":{"rendered":"<p>N\u00f3\u017c zamykaj\u0105cy <strong>CRKT<\/strong> Walker Monument 4000.<\/p>\n<p>Wed\u0142ug jednego z ulubionych projekt\u00f3w Michaela Walkera.<\/p>\n<p>Niewiele nazwisk w bran\u017cy no\u017cy cieszy si\u0119 takim szacunkiem jak Michael Walker. Jubiler, kt\u00f3ry sta\u0142 si\u0119 krajalist\u0105, jest prawdziwym mistrzem swojego rzemios\u0142a, znanym ze swoich artystycznych i ozdobnych projekt\u00f3w, kt\u00f3re wykraczaj\u0105 poza zwyk\u0142\u0105 definicj\u0119 no\u017ca. Dlatego jeste\u015bmy niezwykle dumni, \u017ce mo\u017cemy przedstawi\u0107 Wam Monument\u2122, jeden z dw\u00f3ch projekt\u00f3w Michaela Walkera dost\u0119pnych w limitowanej liczbie.<br \/>\nDobrze zbudowany: wyprodukowano we W\u0142oszech<br \/>\nMateria\u0142y najwy\u017cszej jako\u015bci: ostrze ze stali B\u00f6hler M390 zapewniaj\u0105ce doskona\u0142\u0105 wydajno\u015b\u0107 ci\u0119cia<br \/>\nP\u0142ynne otwieranie: Sworze\u0144 z \u0142o\u017cyskiem kulkowym IKBS\u2122 p\u0142ynnie rozk\u0142ada ostrze<br \/>\nMocny i lekki: tytanowy uchwyt \u0142\u0105czy w sobie wytrzyma\u0142o\u015b\u0107 z minimaln\u0105 wag\u0105<br \/>\n\u0141atwe zamykanie: zamek wk\u0142adany mo\u017cna \u0142atwo zamkn\u0105\u0107 jedn\u0105 r\u0119k\u0105<br \/>\nNiski profil: G\u0142\u0119boki klips do przenoszenia mie\u015bci si\u0119 g\u0142\u0119boko w kieszeni<\/p>\n<p>Ostrze wykonane ze stali M390<br \/>\nKraw\u0119d\u017a ostrza g\u0142adka<br \/>\nSatynowe wyko\u0144czenie ostrza<br \/>\nD\u0142ugo\u015b\u0107 ostrza: 7,80 cm<br \/>\nGrubo\u015b\u0107 ostrza: 0,36 cm<br \/>\nD\u0142ugo\u015b\u0107 ca\u0142kowita: 18,25 cm<br \/>\nD\u0142ugo\u015b\u0107 po zamkni\u0119ciu: 10,58 cm<br \/>\nWaga: 3,90 uncji (110,56 g)<br \/>\nMateria\u0142 r\u0119koje\u015bci Tytan<br \/>\nStylowy n\u00f3\u017c sk\u0142adany z blokad\u0105 Liner Lock<\/p>\n<p><iframe title=\"CRKT Monument\u2122 | Michael Walker Design\" width=\"800\" height=\"450\" src=\"https:\/\/www.youtube.com\/embed\/tmeUFfRyXQM?feature=oembed\" frameborder=\"0\" allow=\"accelerometer; autoplay; clipboard-write; encrypted-media; gyroscope; picture-in-picture; web-share\" referrerpolicy=\"strict-origin-when-cross-origin\" allowfullscreen><\/iframe><\/p>\n<p>&nbsp;<\/p>\n","protected":false},"excerpt":{"rendered":"<p>PROJEKTANT:<br \/>\nMichaela Walkera<br \/>\nTaos, Nowy Meksyk<br \/>\nWprowadzony do Galerii s\u0142aw magazynu Blade w 2004 roku i uznawany za wynalazc\u0119 ponad 20 mechanizm\u00f3w no\u017cy, w tym nowoczesnego mechanizmu liner lock, Michael Walker jest si\u0142\u0105 w \u015bwiecie ultra-wysokiej klasy no\u017cy niestandardowych. Zaczyna\u0142 jako jubiler, p\u00f3\u017aniej odkry\u0142 g\u0142\u0119bok\u0105 pasj\u0119 do sk\u0142adanych no\u017cy, gdy zafascynowa\u0142o go po\u0142\u0105czenie in\u017cynierii, wzornictwa przemys\u0142owego i ekspresji artystycznej. Jego uderzaj\u0105ce kszta\u0142ty i wyszukane projekty s\u0105 natychmiast rozpoznawalne, a po dziesi\u0119cioleciach w bran\u017cy pozostaje jedn\u0105 z najbardziej rozpoznawalnych marek w bran\u017cy sztu\u0107c\u00f3w.<\/p>\n<p>Bezp\u0142atny transport.<\/p>\n","protected":false},"featured_media":337557,"comment_status":"open","ping_status":"closed","template":"","meta":[],"pwb-brand":[3458],"product_brand":[],"product_cat":[3296,3307],"product_tag":[3671],"class_list":{"0":"post-337608","1":"product","2":"type-product","3":"status-publish","4":"has-post-thumbnail","6":"pwb-brand-crkt-pl","7":"product_cat-noze-pl","8":"product_cat-zamykanie-nozy","9":"product_tag-b2b-pl","11":"first","12":"outofstock","13":"taxable","14":"shipping-taxable","15":"purchasable","16":"product-type-simple"},"brands":[{"id":3458,"name":"CRKT","slug":"crkt-pl"}],"_links":{"self":[{"href":"https:\/\/www.moskito.cz\/pl\/wp-json\/wp\/v2\/product\/337608","targetHints":{"allow":["GET"]}}],"collection":[{"href":"https:\/\/www.moskito.cz\/pl\/wp-json\/wp\/v2\/product"}],"about":[{"href":"https:\/\/www.moskito.cz\/pl\/wp-json\/wp\/v2\/types\/product"}],"replies":[{"embeddable":true,"href":"https:\/\/www.moskito.cz\/pl\/wp-json\/wp\/v2\/comments?post=337608"}],"wp:featuredmedia":[{"embeddable":true,"href":"https:\/\/www.moskito.cz\/pl\/wp-json\/wp\/v2\/media\/337557"}],"wp:attachment":[{"href":"https:\/\/www.moskito.cz\/pl\/wp-json\/wp\/v2\/media?parent=337608"}],"wp:term":[{"taxonomy":"pwb-brand","embeddable":true,"href":"https:\/\/www.moskito.cz\/pl\/wp-json\/wp\/v2\/pwb-brand?post=337608"},{"taxonomy":"product_brand","embeddable":true,"href":"https:\/\/www.moskito.cz\/pl\/wp-json\/wp\/v2\/product_brand?post=337608"},{"taxonomy":"product_cat","embeddable":true,"href":"https:\/\/www.moskito.cz\/pl\/wp-json\/wp\/v2\/product_cat?post=337608"},{"taxonomy":"product_tag","embeddable":true,"href":"https:\/\/www.moskito.cz\/pl\/wp-json\/wp\/v2\/product_tag?post=337608"}],"curies":[{"name":"wp","href":"https:\/\/api.w.org\/{rel}","templated":true}]}}