{"id":337662,"date":"2024-04-30T19:43:08","date_gmt":"2024-04-30T18:46:31","guid":{"rendered":"https:\/\/www.moskito.cz\/produkt\/noz-zamykajacy-crkt-folts-awers-7482\/"},"modified":"2025-05-07T11:13:51","modified_gmt":"2025-05-07T10:13:51","slug":"noz-zamykajacy-crkt-folts-awers-7482","status":"publish","type":"product","link":"https:\/\/www.moskito.cz\/pl\/produkt\/noz-zamykajacy-crkt-folts-awers-7482\/","title":{"rendered":"N\u00f3\u017c zamykaj\u0105cy CRKT Folts Awers 7482"},"content":{"rendered":"<p>N\u00f3\u017c zamykaj\u0105cy <strong>CRKT<\/strong> Folts Awers 7482.<\/p>\n<p>Zainspirowany swoim imiennikiem, <strong>Averse<\/strong> to charakterystyczny sk\u0142adany n\u00f3\u017c zaprojektowany tak, aby eksponowa\u0107 jego twarz. Satynowe ostrze wykonane z najwy\u017cszej jako\u015bci stali M390 jest eleganckie i trwa\u0142e, a r\u0119koje\u015b\u0107 z w\u0142\u00f3kna w\u0119glowego z anodowanym na niebiesko tytanem \u0142\u0105czy w sobie wytrzyma\u0142o\u015b\u0107 i styl. Funkcjonalno\u015b\u0107 nie jest zapominana, z bezpiecznym zamkiem umo\u017cliwiaj\u0105cym \u0142atwe zamykanie jedn\u0105 r\u0119k\u0105. Jakkolwiek na to spojrze\u0107, ten codzienny str\u00f3j stanowi delikatn\u0105 r\u00f3wnowag\u0119 pi\u0119kna i si\u0142y.<br \/>\nMateria\u0142y najwy\u017cszej jako\u015bci: ostrze ze stali B\u00f6hler M390 zapewniaj\u0105ce doskona\u0142\u0105 wydajno\u015b\u0107 ci\u0119cia<br \/>\nP\u0142ynne otwieranie: Ostrze ze sworzniem z \u0142o\u017cyskiem kulkowym IKBS\u2122 p\u0142ynnie rozk\u0142ada ostrze<br \/>\nMocny i wizualny: Wzmocniony tytanem uchwyt z w\u0142\u00f3kna w\u0119glowego \u0142\u0105czy w sobie wytrzyma\u0142o\u015b\u0107 z atrakcyjno\u015bci\u0105 wizualn\u0105<br \/>\n\u0141atwe zamykanie: Tytanowy zamek mo\u017cna \u0142atwo zamkn\u0105\u0107 jedn\u0105 r\u0119k\u0105<br \/>\nAtrakcyjno\u015b\u0107 wizualna: Tytanowa podk\u0142adka dystansowa i akcenty z klipsami z anodyzowanego na niebiesko tytanu.<\/p>\n<p>Ostrze wykonane ze stali M390<br \/>\nKraw\u0119d\u017a ostrza g\u0142adka<br \/>\nSatynowe wyko\u0144czenie ostrza<br \/>\nD\u0142ugo\u015b\u0107 ostrza: 8,52 cm<br \/>\nGrubo\u015b\u0107 ostrza: 0,32 cm<br \/>\nD\u0142ugo\u015b\u0107 ca\u0142kowita: 18,97 cm<br \/>\nWaga 3,40 uncji (96,39 g)<br \/>\nMateria\u0142 r\u0119koje\u015bci W\u0142\u00f3kno w\u0119glowe z tytanowym wzmocnieniem<br \/>\nStylowy n\u00f3\u017c sk\u0142adany z blokad\u0105 Liner Lock<\/p>\n<p><iframe title=\"CRKT Obverse | Alan Folts Design\" width=\"800\" height=\"450\" src=\"https:\/\/www.youtube.com\/embed\/pvzdk01nYWo?feature=oembed\" frameborder=\"0\" allow=\"accelerometer; autoplay; clipboard-write; encrypted-media; gyroscope; picture-in-picture; web-share\" referrerpolicy=\"strict-origin-when-cross-origin\" allowfullscreen><\/iframe><\/p>\n<p>&nbsp;<\/p>\n<p>&nbsp;<\/p>\n","protected":false},"excerpt":{"rendered":"<p>PROJEKTANT<br \/>\nAlana Foltza<br \/>\nMelbourne na Florydzie<br \/>\nJe\u015bli chodzi o no\u017ce, Alan wie wszystko o odwdzi\u0119czaniu si\u0119 ludziom. pi\u0105\u0142 si\u0119 po uczelniach, wystawiaj\u0105c no\u017ce na wystawach sztuki. Od tego czasu nieprzerwanie uczy i przekazuje innym umiej\u0119tno\u015bci tworzenia no\u017cy na zam\u00f3wienie. Specjalizuje si\u0119 w unikalnych, solidnych ostrzach, kt\u00f3re charakteryzuj\u0105 si\u0119 doskona\u0142\u0105 ergonomi\u0105 i eleganckim, futurystycznym wygl\u0105dem, takimi jak najlepiej sprzedaj\u0105ca si\u0119 seria Folts Minimalist \u00ae.<\/p>\n<p>Bezp\u0142atny transport.<\/p>\n","protected":false},"featured_media":337615,"comment_status":"open","ping_status":"closed","template":"","meta":[],"pwb-brand":[3458],"product_brand":[],"product_cat":[3307,3296],"product_tag":[3671],"class_list":{"0":"post-337662","1":"product","2":"type-product","3":"status-publish","4":"has-post-thumbnail","6":"pwb-brand-crkt-pl","7":"product_cat-zamykanie-nozy","8":"product_cat-noze-pl","9":"product_tag-b2b-pl","11":"first","12":"instock","13":"taxable","14":"shipping-taxable","15":"purchasable","16":"product-type-simple"},"brands":[{"id":3458,"name":"CRKT","slug":"crkt-pl"}],"_links":{"self":[{"href":"https:\/\/www.moskito.cz\/pl\/wp-json\/wp\/v2\/product\/337662","targetHints":{"allow":["GET"]}}],"collection":[{"href":"https:\/\/www.moskito.cz\/pl\/wp-json\/wp\/v2\/product"}],"about":[{"href":"https:\/\/www.moskito.cz\/pl\/wp-json\/wp\/v2\/types\/product"}],"replies":[{"embeddable":true,"href":"https:\/\/www.moskito.cz\/pl\/wp-json\/wp\/v2\/comments?post=337662"}],"wp:featuredmedia":[{"embeddable":true,"href":"https:\/\/www.moskito.cz\/pl\/wp-json\/wp\/v2\/media\/337615"}],"wp:attachment":[{"href":"https:\/\/www.moskito.cz\/pl\/wp-json\/wp\/v2\/media?parent=337662"}],"wp:term":[{"taxonomy":"pwb-brand","embeddable":true,"href":"https:\/\/www.moskito.cz\/pl\/wp-json\/wp\/v2\/pwb-brand?post=337662"},{"taxonomy":"product_brand","embeddable":true,"href":"https:\/\/www.moskito.cz\/pl\/wp-json\/wp\/v2\/product_brand?post=337662"},{"taxonomy":"product_cat","embeddable":true,"href":"https:\/\/www.moskito.cz\/pl\/wp-json\/wp\/v2\/product_cat?post=337662"},{"taxonomy":"product_tag","embeddable":true,"href":"https:\/\/www.moskito.cz\/pl\/wp-json\/wp\/v2\/product_tag?post=337662"}],"curies":[{"name":"wp","href":"https:\/\/api.w.org\/{rel}","templated":true}]}}