{"id":337774,"date":"2024-04-30T20:21:29","date_gmt":"2024-04-30T19:23:41","guid":{"rendered":"https:\/\/www.moskito.cz\/produkt\/naprawiono-noz-crkt-bear-claw-2516k\/"},"modified":"2025-05-07T11:13:53","modified_gmt":"2025-05-07T10:13:53","slug":"naprawiono-noz-crkt-bear-claw-2516k","status":"publish","type":"product","link":"https:\/\/www.moskito.cz\/pl\/produkt\/naprawiono-noz-crkt-bear-claw-2516k\/","title":{"rendered":"Naprawiono n\u00f3\u017c CRKT Bear Claw 2516K"},"content":{"rendered":"<p>Naprawiono n\u00f3\u017c <strong>CRKT<\/strong> Bear Claw 2516K.<\/p>\n<p>Ta wersja no\u017ca Bear Claw\u2122 ma ten sam profil co orygina\u0142, z now\u0105, ostr\u0105 jak ig\u0142a ko\u0144c\u00f3wk\u0105, zaprojektowan\u0105 specjalnie do przek\u0142uwania cia\u0142a, dzi\u0119ki czemu jest przydatny podczas codziennych wycieczek na \u015bwie\u017cym powietrzu oraz jako narz\u0119dzie bezpiecze\u0144stwa osobistego. Ostrze typu hawkbill wykonane jest ze stali nierdzewnej i ma prost\u0105 kraw\u0119d\u017a u\u0142atwiaj\u0105c\u0105 ostrzenie. Teksturowany uchwyt ma otw\u00f3r na palec, dzi\u0119ki czemu dobrze le\u017cy w d\u0142oni, a etui jest wyposa\u017cone w wiele opcji monta\u017cu, kt\u00f3re zapewniaj\u0105 \u0142atwy dost\u0119p w sytuacji awaryjnej \u2013 dzi\u0119ki czemu mo\u017cesz skupi\u0107 si\u0119 na wykonywanym zadaniu.<br \/>\nMaksymalna \u017cywotno\u015b\u0107: AUS 8 jest odporny na korozj\u0119<br \/>\nPrecyzyjna ko\u0144c\u00f3wka: Ko\u0144c\u00f3wka ostrza z ostr\u0105 ig\u0142\u0105 do przek\u0142uwania<br \/>\nMocny i lekki: nylonowy uchwyt wzmocniony w\u0142\u00f3knem szklanym jest trwa\u0142y i lekki<br \/>\nWyj\u0105tkowy chwyt: Teksturowany uchwyt zapewnia przyczepno\u015b\u0107 w mokrych warunkach<br \/>\nKompatybilny ze sprz\u0119tem: Wytrzyma\u0142a, wzmocniona w\u0142\u00f3knem szklanym obudowa z nylonu z mo\u017cliwo\u015bci\u0105 monta\u017cu.<\/p>\n<p>Ostrze ze stali AUS 8<br \/>\nKraw\u0119d\u017a ostrza g\u0142adka<br \/>\nObr\u00f3bka powierzchniowa pow\u0142oki proszkowej ostrza<br \/>\nD\u0142ugo\u015b\u0107 ostrza: 6,07 cm<br \/>\nGrubo\u015b\u0107 ostrza: 0,35 cm<br \/>\nD\u0142ugo\u015b\u0107 ca\u0142kowita: 14,44 cm<br \/>\nWaga 3,10 uncji (87,88 g)<br \/>\nMateria\u0142 r\u0119koje\u015bci Nylon wzmocniony szk\u0142em<br \/>\nStylowy n\u00f3\u017c o sta\u0142ym ostrzu z pochw\u0105<br \/>\nMateria\u0142 skorupy Termoplastyczny<\/p>\n<p><iframe title=\"CRKT Bear Claw\u2122 Fixed | Russ Kommer Design\" width=\"800\" height=\"450\" src=\"https:\/\/www.youtube.com\/embed\/fZmikWYr6KI?feature=oembed\" frameborder=\"0\" allow=\"accelerometer; autoplay; clipboard-write; encrypted-media; gyroscope; picture-in-picture; web-share\" referrerpolicy=\"strict-origin-when-cross-origin\" allowfullscreen><\/iframe><\/p>\n<p>&nbsp;<\/p>\n<p>&nbsp;<\/p>\n","protected":false},"excerpt":{"rendered":"<p>PROJEKTANT<br \/>\nRussa Kommera<br \/>\nFargo w Dakocie P\u00f3\u0142nocnej<br \/>\nPowiedzie\u0107, \u017ce Russ jest mi\u0142o\u015bnikiem sp\u0119dzania czasu na \u015bwie\u017cym powietrzu, to ma\u0142o powiedziane. Profesjonalny przewodnik w\u0119dkarski i my\u015bliwski zacz\u0105\u0142 robi\u0107 no\u017ce, gdy jeden z jego klient\u00f3w przyni\u00f3s\u0142 mu w\u0142asny n\u00f3\u017c i opatrzy\u0142 ca\u0142ego \u0142osia \u2013 bez jego ostrzenia. Od tego czasu za sw\u00f3j obowi\u0105zek postawi\u0142 sobie tworzenie narz\u0119dzi, kt\u00f3rych tylko on b\u0119dzie u\u017cywa\u0142. Jego Bear Claw&#8217;s\u2122 i Hoist&#8217;N Lok\u00ae to typy, kt\u00f3rych u\u017cywaj\u0105 tak\u017ce inni my\u015bliwi.<\/p>\n","protected":false},"featured_media":337737,"comment_status":"open","ping_status":"closed","template":"","meta":[],"pwb-brand":[3458],"product_brand":[],"product_cat":[3297,3296],"product_tag":[3671],"class_list":{"0":"post-337774","1":"product","2":"type-product","3":"status-publish","4":"has-post-thumbnail","6":"pwb-brand-crkt-pl","7":"product_cat-solidne-noze","8":"product_cat-noze-pl","9":"product_tag-b2b-pl","11":"first","12":"outofstock","13":"sale","14":"taxable","15":"shipping-taxable","16":"purchasable","17":"product-type-simple"},"brands":[{"id":3458,"name":"CRKT","slug":"crkt-pl"}],"_links":{"self":[{"href":"https:\/\/www.moskito.cz\/pl\/wp-json\/wp\/v2\/product\/337774","targetHints":{"allow":["GET"]}}],"collection":[{"href":"https:\/\/www.moskito.cz\/pl\/wp-json\/wp\/v2\/product"}],"about":[{"href":"https:\/\/www.moskito.cz\/pl\/wp-json\/wp\/v2\/types\/product"}],"replies":[{"embeddable":true,"href":"https:\/\/www.moskito.cz\/pl\/wp-json\/wp\/v2\/comments?post=337774"}],"wp:featuredmedia":[{"embeddable":true,"href":"https:\/\/www.moskito.cz\/pl\/wp-json\/wp\/v2\/media\/337737"}],"wp:attachment":[{"href":"https:\/\/www.moskito.cz\/pl\/wp-json\/wp\/v2\/media?parent=337774"}],"wp:term":[{"taxonomy":"pwb-brand","embeddable":true,"href":"https:\/\/www.moskito.cz\/pl\/wp-json\/wp\/v2\/pwb-brand?post=337774"},{"taxonomy":"product_brand","embeddable":true,"href":"https:\/\/www.moskito.cz\/pl\/wp-json\/wp\/v2\/product_brand?post=337774"},{"taxonomy":"product_cat","embeddable":true,"href":"https:\/\/www.moskito.cz\/pl\/wp-json\/wp\/v2\/product_cat?post=337774"},{"taxonomy":"product_tag","embeddable":true,"href":"https:\/\/www.moskito.cz\/pl\/wp-json\/wp\/v2\/product_tag?post=337774"}],"curies":[{"name":"wp","href":"https:\/\/api.w.org\/{rel}","templated":true}]}}