{"id":337817,"date":"2024-04-30T20:46:05","date_gmt":"2024-04-30T19:48:33","guid":{"rendered":"https:\/\/www.moskito.cz\/produkt\/naprawiono-noz-crkt-razel-4037\/"},"modified":"2025-05-07T11:13:55","modified_gmt":"2025-05-07T10:13:55","slug":"naprawiono-noz-crkt-razel-4037","status":"publish","type":"product","link":"https:\/\/www.moskito.cz\/pl\/produkt\/naprawiono-noz-crkt-razel-4037\/","title":{"rendered":"Naprawiono n\u00f3\u017c CRKT Razel 4037"},"content":{"rendered":"<p>Naprawiono n\u00f3\u017c <strong>CRKT<\/strong> Razel 4037.<\/p>\n<p>Razel\u2122 to mocny scyzoryk ze sta\u0142ym ostrzem, oparty na oryginalnym projekcie Jona Grahama, mechanicznego no\u017ca, kt\u00f3ry radzi sobie z trudami codziennego \u017cycia w warsztacie.<\/p>\n<p>Kwadratowe ostrze d\u0142uta nadaje mu w\u0142a\u015bciwo\u015bci wielofunkcyjne i pozwala mu wyr\u00f3\u017cnia\u0107 si\u0119 w r\u00f3\u017cnych warunkach, w tym w ci\u0119ciu pod ci\u015bnieniem, skrobaniu i krojeniu.<br \/>\nDoskona\u0142a wydajno\u015b\u0107: ostrze ze stali D2 zapewniaj\u0105ce doskona\u0142e trzymanie ostrza<br \/>\nNarz\u0119dzie wielofunkcyjne: Ostrze d\u0142uta odpowiednie do ci\u0119cia i skrobania<br \/>\nMocny i wizualny: R\u0119koje\u015b\u0107 Micarta \u0142\u0105czy w sobie wytrzyma\u0142o\u015b\u0107 z atrakcyjno\u015bci\u0105 wizualn\u0105<br \/>\nWygodne przenoszenie: kieszonkowy futera\u0142 umo\u017cliwiaj\u0105cy szybkie wdro\u017cenie<br \/>\nOpcje akcesori\u00f3w: Otw\u00f3r na smycz do zawieszki<\/p>\n<p>Ostrze ze stali D2<br \/>\nKraw\u0119d\u017a ostrza g\u0142adka<br \/>\nSatynowe wyko\u0144czenie ostrza<br \/>\nD\u0142ugo\u015b\u0107 ostrza: 7,55 cm<br \/>\nGrubo\u015b\u0107 ostrza: 0,43 cm<br \/>\nD\u0142ugo\u015b\u0107 ca\u0142kowita: 17,14 cm<br \/>\nWaga 4,20 uncji (119,07 g)<br \/>\nR\u0119koje\u015b\u0107 z materia\u0142u Micarta<br \/>\nStylowy n\u00f3\u017c o sta\u0142ym ostrzu z pochw\u0105<br \/>\nMateria\u0142 skorupy Termoplastyczny<\/p>\n","protected":false},"excerpt":{"rendered":"<p>PROJEKTANT<br \/>\nJona Grahama<br \/>\nCleveland, Tennessee<br \/>\nUrodzony przez ojca, kt\u00f3ry ceni\u0142 no\u017ce, Jon Graham z Cleveland w stanie Tennessee ju\u017c w m\u0142odym wieku uczy\u0142 si\u0119, jak wa\u017cny jest dobry n\u00f3\u017c. \u201eDosta\u0142em sw\u00f3j pierwszy n\u00f3\u017c, gdy mia\u0142em siedem lat i od tego czasu nie mog\u0119 si\u0119 bez niego obej\u015b\u0107\u201d. Pod koniec lat 80-tych lat, kiedy Jon stacjonowa\u0142 w Aviaono AB we W\u0142oszech, odkry\u0142 w magazynie r\u0119cznie robione no\u017ce i wiedzia\u0142, \u017ce to jest co\u015b, co chce robi\u0107. Po opuszczeniu Si\u0142 Powietrznych i rozpocz\u0119ciu pracy Jon zacz\u0105\u0142 w 1994 roku robi\u0107 no\u017ce sto\u0142owe przy u\u017cyciu podstawowych narz\u0119dzi. Zm\u0119czony tworzeniem projekt\u00f3w innych ludzi, Jon poprosi\u0142 swojego brata Josha w 1999 roku, aby kupi\u0142 troch\u0119 sprz\u0119tu i nauczy\u0142 si\u0119 robi\u0107 no\u017ce ze z\u0142omu. Od tego czasu jest uzale\u017cniony, nieustannie staraj\u0105c si\u0119 udoskonala\u0107 swoje projekty i umiej\u0119tno\u015bci, opieraj\u0105c si\u0119 na swoim do\u015bwiadczeniu jako technik silnik\u00f3w wysokopr\u0119\u017cnych. Graham Knives specjalizuje si\u0119 w utylitarnych projektach taktycznych, ze szczeg\u00f3lnym naciskiem na no\u017ce kieszonkowe EDC ze sta\u0142ym ostrzem, ale jego ulubion\u0105 lini\u0105 no\u017cy jest niestandardowy obosieczny Razel, kt\u00f3ry firma produkuje w wielu rozmiarach i stylach. Jest projektantem CRKT Razel i Folding Razel.<\/p>\n","protected":false},"featured_media":337786,"comment_status":"open","ping_status":"closed","template":"","meta":[],"pwb-brand":[3458],"product_brand":[],"product_cat":[3297,3296],"product_tag":[3671],"class_list":{"0":"post-337817","1":"product","2":"type-product","3":"status-publish","4":"has-post-thumbnail","6":"pwb-brand-crkt-pl","7":"product_cat-solidne-noze","8":"product_cat-noze-pl","9":"product_tag-b2b-pl","11":"first","12":"outofstock","13":"sale","14":"taxable","15":"shipping-taxable","16":"purchasable","17":"product-type-simple"},"brands":[{"id":3458,"name":"CRKT","slug":"crkt-pl"}],"_links":{"self":[{"href":"https:\/\/www.moskito.cz\/pl\/wp-json\/wp\/v2\/product\/337817","targetHints":{"allow":["GET"]}}],"collection":[{"href":"https:\/\/www.moskito.cz\/pl\/wp-json\/wp\/v2\/product"}],"about":[{"href":"https:\/\/www.moskito.cz\/pl\/wp-json\/wp\/v2\/types\/product"}],"replies":[{"embeddable":true,"href":"https:\/\/www.moskito.cz\/pl\/wp-json\/wp\/v2\/comments?post=337817"}],"wp:featuredmedia":[{"embeddable":true,"href":"https:\/\/www.moskito.cz\/pl\/wp-json\/wp\/v2\/media\/337786"}],"wp:attachment":[{"href":"https:\/\/www.moskito.cz\/pl\/wp-json\/wp\/v2\/media?parent=337817"}],"wp:term":[{"taxonomy":"pwb-brand","embeddable":true,"href":"https:\/\/www.moskito.cz\/pl\/wp-json\/wp\/v2\/pwb-brand?post=337817"},{"taxonomy":"product_brand","embeddable":true,"href":"https:\/\/www.moskito.cz\/pl\/wp-json\/wp\/v2\/product_brand?post=337817"},{"taxonomy":"product_cat","embeddable":true,"href":"https:\/\/www.moskito.cz\/pl\/wp-json\/wp\/v2\/product_cat?post=337817"},{"taxonomy":"product_tag","embeddable":true,"href":"https:\/\/www.moskito.cz\/pl\/wp-json\/wp\/v2\/product_tag?post=337817"}],"curies":[{"name":"wp","href":"https:\/\/api.w.org\/{rel}","templated":true}]}}