{"id":338000,"date":"2024-04-30T22:39:40","date_gmt":"2024-04-30T21:44:18","guid":{"rendered":"https:\/\/www.moskito.cz\/produkt\/naprawiono-noz-crkt-razel-chisel-2130\/"},"modified":"2025-05-07T11:14:00","modified_gmt":"2025-05-07T10:14:00","slug":"naprawiono-noz-crkt-razel-chisel-2130","status":"publish","type":"product","link":"https:\/\/www.moskito.cz\/pl\/produkt\/naprawiono-noz-crkt-razel-chisel-2130\/","title":{"rendered":"Naprawiono n\u00f3\u017c CRKT Razel Chisel 2130"},"content":{"rendered":"<p>Naprawiono n\u00f3\u017c <strong>CRKT<\/strong> Razel Chisel 2130.<\/p>\n<p>Czasami najlepsze narz\u0119dzie do danego zadania jest najprostsze. Razel\u2122 Chisel to solidne ostrze mieszcz\u0105ce si\u0119 w kieszeni, kt\u00f3re \u015bci\u015ble nawi\u0105zuje do kultowego oryginalnego projektu Jona Grahama. Ostrze wykonane jest ze stali wysokow\u0119glowej i posiada jednostronne d\u0142uto, kt\u00f3re zapewnia niezwykle \u0142atwe ponowne naostrzenie. Go\u0142y metalowy uchwyt utrzymuje wag\u0119 na minimalnym poziomie, a do\u0142\u0105czona smycz wyd\u0142u\u017ca r\u0105czk\u0119, zapewniaj\u0105c lepsz\u0105 kontrol\u0119.<br \/>\n\u0141atwe ostrzenie: Ostrze ze stali nierdzewnej o wysokiej zawarto\u015bci w\u0119gla dobrze trzyma kraw\u0119d\u017a<br \/>\n\u0141atwe ostrzenie: Kraw\u0119d\u017a d\u0142uta jest \u0142atwa w utrzymaniu<br \/>\nMaksymalna trwa\u0142o\u015b\u0107: uchwyt ze stali nierdzewnej wytrzymuje intensywne u\u017cytkowanie<br \/>\nWygodne przenoszenie: kieszonkowy futera\u0142 umo\u017cliwiaj\u0105cy szybkie wdro\u017cenie<br \/>\nPod kontrol\u0105: Pilot ma wyd\u0142u\u017cony uchwyt zapewniaj\u0105cy wi\u0119ksz\u0105 kontrol\u0119<\/p>\n<p>Ostrze wykonane ze stali 8Cr13MoV<br \/>\nKraw\u0119d\u017a ostrza g\u0142adka<br \/>\nWyko\u0144czenie ostrza typu stonewash<br \/>\nD\u0142ugo\u015b\u0107 ostrza: 5,08 cm<br \/>\nGrubo\u015b\u0107 ostrza: 0,31 cm<br \/>\nD\u0142ugo\u015b\u0107 ca\u0142kowita: 13,49 cm<br \/>\nWaga 2,00 uncji (56,70 g)<br \/>\nMateria\u0142 uchwytu Stal nierdzewna<br \/>\nStylowy n\u00f3\u017c o sta\u0142ym ostrzu z pochw\u0105<\/p>\n<p><iframe title=\"CRKT Razel\u2122 Chisel | Jon Graham Design\" width=\"800\" height=\"450\" src=\"https:\/\/www.youtube.com\/embed\/w1E1t5aMm7o?feature=oembed\" frameborder=\"0\" allow=\"accelerometer; autoplay; clipboard-write; encrypted-media; gyroscope; picture-in-picture; web-share\" referrerpolicy=\"strict-origin-when-cross-origin\" allowfullscreen><\/iframe><\/p>\n<p>&nbsp;<\/p>\n","protected":false},"excerpt":{"rendered":"<p>PROJEKTANT<br \/>\nJona Grahama<br \/>\nCleveland, Tennessee<br \/>\nUrodzony przez ojca, kt\u00f3ry ceni\u0142 no\u017ce, Jon Graham z Cleveland w stanie Tennessee ju\u017c w m\u0142odym wieku uczy\u0142 si\u0119, jak wa\u017cny jest dobry n\u00f3\u017c. \u201eDosta\u0142em sw\u00f3j pierwszy n\u00f3\u017c, gdy mia\u0142em siedem lat i od tego czasu nie mog\u0119 si\u0119 bez niego obej\u015b\u0107\u201d. Pod koniec lat 80-tych lat, kiedy Jon stacjonowa\u0142 w Aviaono AB we W\u0142oszech, odkry\u0142 w magazynie r\u0119cznie robione no\u017ce i wiedzia\u0142, \u017ce to jest co\u015b, co chce robi\u0107. Po opuszczeniu Si\u0142 Powietrznych i rozpocz\u0119ciu pracy Jon zacz\u0105\u0142 w 1994 roku robi\u0107 no\u017ce sto\u0142owe przy u\u017cyciu podstawowych narz\u0119dzi. Zm\u0119czony tworzeniem projekt\u00f3w innych ludzi, Jon poprosi\u0142 swojego brata Josha w 1999 roku, aby kupi\u0142 troch\u0119 sprz\u0119tu i nauczy\u0142 si\u0119 robi\u0107 no\u017ce ze z\u0142omu. Od tego czasu jest uzale\u017cniony, nieustannie staraj\u0105c si\u0119 udoskonala\u0107 swoje projekty i umiej\u0119tno\u015bci, opieraj\u0105c si\u0119 na swoim do\u015bwiadczeniu jako technik silnik\u00f3w wysokopr\u0119\u017cnych. Graham Knives specjalizuje si\u0119 w utylitarnych projektach taktycznych, ze szczeg\u00f3lnym naciskiem na no\u017ce kieszonkowe EDC ze sta\u0142ym ostrzem, ale jego ulubion\u0105 lini\u0105 no\u017cy jest niestandardowy obosieczny Razel, kt\u00f3ry firma produkuje w wielu rozmiarach i stylach. Jest projektantem CRKT Razel i Folding Razel.<\/p>\n","protected":false},"featured_media":337958,"comment_status":"open","ping_status":"closed","template":"","meta":[],"pwb-brand":[3458],"product_brand":[],"product_cat":[3296,3297],"product_tag":[3671],"class_list":{"0":"post-338000","1":"product","2":"type-product","3":"status-publish","4":"has-post-thumbnail","6":"pwb-brand-crkt-pl","7":"product_cat-noze-pl","8":"product_cat-solidne-noze","9":"product_tag-b2b-pl","11":"first","12":"instock","13":"taxable","14":"shipping-taxable","15":"purchasable","16":"product-type-simple"},"brands":[{"id":3458,"name":"CRKT","slug":"crkt-pl"}],"_links":{"self":[{"href":"https:\/\/www.moskito.cz\/pl\/wp-json\/wp\/v2\/product\/338000","targetHints":{"allow":["GET"]}}],"collection":[{"href":"https:\/\/www.moskito.cz\/pl\/wp-json\/wp\/v2\/product"}],"about":[{"href":"https:\/\/www.moskito.cz\/pl\/wp-json\/wp\/v2\/types\/product"}],"replies":[{"embeddable":true,"href":"https:\/\/www.moskito.cz\/pl\/wp-json\/wp\/v2\/comments?post=338000"}],"wp:featuredmedia":[{"embeddable":true,"href":"https:\/\/www.moskito.cz\/pl\/wp-json\/wp\/v2\/media\/337958"}],"wp:attachment":[{"href":"https:\/\/www.moskito.cz\/pl\/wp-json\/wp\/v2\/media?parent=338000"}],"wp:term":[{"taxonomy":"pwb-brand","embeddable":true,"href":"https:\/\/www.moskito.cz\/pl\/wp-json\/wp\/v2\/pwb-brand?post=338000"},{"taxonomy":"product_brand","embeddable":true,"href":"https:\/\/www.moskito.cz\/pl\/wp-json\/wp\/v2\/product_brand?post=338000"},{"taxonomy":"product_cat","embeddable":true,"href":"https:\/\/www.moskito.cz\/pl\/wp-json\/wp\/v2\/product_cat?post=338000"},{"taxonomy":"product_tag","embeddable":true,"href":"https:\/\/www.moskito.cz\/pl\/wp-json\/wp\/v2\/product_tag?post=338000"}],"curies":[{"name":"wp","href":"https:\/\/api.w.org\/{rel}","templated":true}]}}