{"id":338040,"date":"2024-05-01T07:48:47","date_gmt":"2024-05-01T06:48:47","guid":{"rendered":"https:\/\/www.moskito.cz\/produkt\/noz-strzelecki-microtech-ludt-gen-iii-apocalyptic-1135-10ap\/"},"modified":"2025-05-07T11:14:02","modified_gmt":"2025-05-07T10:14:02","slug":"noz-strzelecki-microtech-ludt-gen-iii-apocalyptic-1135-10ap","status":"publish","type":"product","link":"https:\/\/www.moskito.cz\/pl\/produkt\/noz-strzelecki-microtech-ludt-gen-iii-apocalyptic-1135-10ap\/","title":{"rendered":"N\u00f3\u017c strzelecki Microtech LUDT Gen III Apocalyptic 1135-10AP"},"content":{"rendered":"<p>N\u00f3\u017c strzelecki <strong>Microtech<\/strong> LUDT Gen III Apocalyptic 1135-10AP.<\/p>\n<p><strong>LUDT Gen III 2023<\/strong> to szczyt dziedzictwa <strong>Microtech<\/strong> i wyrafinowana wersja s\u0142ynnego no\u017ca Underwater Demolition Team. <strong>LUDT<\/strong> , kt\u00f3ra powsta\u0142a w po\u0142owie lat 90-tych. lata 20 wieku, szybko sta\u0142 si\u0119 jednym z najszybciej sprzedaj\u0105cych si\u0119 no\u017cy <strong>Microtech<\/strong> w historii. Po chwilowej przerwie w ofercie Microtech, mamy przyjemno\u015b\u0107 og\u0142osi\u0107 wznowienie tego kultowego ostrza.<\/p>\n<p><strong>LUDT<\/strong> posiada precyzyjnie obrobione ostrze z ukoronowanym grzbietem, przebiegiem kciukowym, wzmocnion\u0105 ko\u0144c\u00f3wk\u0105, a teraz z krwawym rowkiem\/pe\u0142niejszym, zapewniaj\u0105cym niezr\u00f3wnan\u0105 skuteczno\u015b\u0107 penetracji bez uszczerbku dla integralno\u015bci strukturalnej. Obr\u00f3bka powierzchni ostrza nie tylko zwi\u0119ksza jego estetyk\u0119, ale tak\u017ce przyczynia si\u0119 do jego wyj\u0105tkowej trwa\u0142o\u015bci. R\u0119koje\u015b\u0107 z ta\u015bm\u0105 trakcyjn\u0105 3M p\u0142ynnie zintegrowan\u0105 z konstrukcj\u0105 podnosi ten n\u00f3\u017c do rangi idealnego przedmiotu do codziennego noszenia (EDC).<\/p>\n<p>Ka\u017cdy szczeg\u00f3\u0142, od przycisku spustowego po klips kieszonkowy, zosta\u0142 dopracowany i ulepszony, zapewniaj\u0105c harmonijny i wyrafinowany og\u00f3lny wygl\u0105d. R\u0119koje\u015b\u0107, precyzyjnie wykonana z aluminium lotniczego, nie tylko nadaje no\u017cowi solidno\u015b\u0107, ale tak\u017ce ogranicza wag\u0119 do minimum. Dzi\u0119ki ergonomicznej konstrukcji i b\u0142yskawicznemu wdra\u017caniu, <strong>LUDT<\/strong> jest przyk\u0142adem perfekcji wszechstronnego ostrza.<\/p>\n<p>Dzi\u0119ki udokumentowanym osi\u0105gni\u0119ciom, kt\u00f3re przetrwa\u0142y pr\u00f3b\u0119 czasu, <strong>LUDT Gen III<\/strong> 2023 triumfalnie powraca do oferty. To wyj\u0105tkowe narz\u0119dzie jest teraz wyposa\u017cone w \u015bruby Torx i dedykowany otw\u00f3r na smycz, co dodaje praktyczno\u015bci i dodatkowej warstwy bezpiecze\u0144stwa jego skrupulatnemu wykonaniu.<br \/>\nDane techniczne<\/p>\n<p>D\u0142ugo\u015b\u0107 ostrza: 8,62 cm<br \/>\nD\u0142ugo\u015b\u0107 po zamkni\u0119ciu: <span id=\"cwos\" class=\"qv3Wpe\">11,37<\/span> cm<br \/>\nD\u0142ugo\u015b\u0107 ca\u0142kowita: 20cm<br \/>\nStal ostrza: stal nierdzewna Bohler M390MK<br \/>\nGrubo\u015b\u0107 ostrza: 0,33 cm<br \/>\nStyl ostrza: Drop Point<br \/>\nSzlif ostrza: p\u0142aski<br \/>\nWyko\u0144czenie ostrza: Apokaliptyczne<br \/>\nMateria\u0142 r\u0119koje\u015bci: czarne aluminium ze wstawkami z ta\u015bmy trakcyjnej 3M<br \/>\nGrubo\u015b\u0107 r\u0105czki: <span id=\"cwos\" class=\"qv3Wpe\">1,28<\/span> cm<br \/>\nMechanizm blokuj\u0105cy: Przycisk<br \/>\nZesp\u00f3\u0142 sworzni: 24 \u0142o\u017cyska z w\u0119glika krzemu<br \/>\nKieszonkowy klips: stal nierdzewna (wysuwany, noszony po prawej stronie)<br \/>\nWaga: 3,46 uncji<br \/>\nProjektant: Tony Marfione<br \/>\nKonstrukcja ze \u015brub\u0105 Torx<br \/>\nBlood Groove\/Fuller<br \/>\nWykonane w USA<\/p>\n<p><iframe title=\"Microtech Combat Troodon Torture Test\" width=\"800\" height=\"450\" src=\"https:\/\/www.youtube.com\/embed\/xE9TeOFYEjg?feature=oembed\" frameborder=\"0\" allow=\"accelerometer; autoplay; clipboard-write; encrypted-media; gyroscope; picture-in-picture; web-share\" referrerpolicy=\"strict-origin-when-cross-origin\" allowfullscreen><\/iframe><\/p>\n<p>&nbsp;<\/p>\n","protected":false},"excerpt":{"rendered":"<p><strong>Przez lata Microtech\u00ae Knives wype\u0142nia\u0142 no\u017ce pasj\u0105 i umiej\u0119tno\u015bciami, aby tworzy\u0107 niemal dzie\u0142a sztuki, kt\u00f3re s\u0105 szczytem funkcjonalno\u015bci. Wszystkie cz\u0119\u015bci wyprodukowano w USA.<\/strong><br \/>\n<strong>Wszystkie no\u017ce Microtech obj\u0119te s\u0105 do\u017cywotni\u0105 gwarancj\u0105.<\/strong><\/p>\n<p><strong>Bezp\u0142atny transport.<\/strong><\/p>\n","protected":false},"featured_media":437790,"comment_status":"open","ping_status":"closed","template":"","meta":[],"pwb-brand":[3279],"product_brand":[],"product_cat":[3344,3296],"product_tag":[3671],"class_list":{"0":"post-338040","1":"product","2":"type-product","3":"status-publish","4":"has-post-thumbnail","6":"pwb-brand-microtech-pl","7":"product_cat-noze-strzeleckie","8":"product_cat-noze-pl","9":"product_tag-b2b-pl","11":"first","12":"outofstock","13":"taxable","14":"shipping-taxable","15":"purchasable","16":"product-type-simple"},"brands":[{"id":3279,"name":"Microtech","slug":"microtech-pl"}],"_links":{"self":[{"href":"https:\/\/www.moskito.cz\/pl\/wp-json\/wp\/v2\/product\/338040","targetHints":{"allow":["GET"]}}],"collection":[{"href":"https:\/\/www.moskito.cz\/pl\/wp-json\/wp\/v2\/product"}],"about":[{"href":"https:\/\/www.moskito.cz\/pl\/wp-json\/wp\/v2\/types\/product"}],"replies":[{"embeddable":true,"href":"https:\/\/www.moskito.cz\/pl\/wp-json\/wp\/v2\/comments?post=338040"}],"wp:featuredmedia":[{"embeddable":true,"href":"https:\/\/www.moskito.cz\/pl\/wp-json\/wp\/v2\/media\/437790"}],"wp:attachment":[{"href":"https:\/\/www.moskito.cz\/pl\/wp-json\/wp\/v2\/media?parent=338040"}],"wp:term":[{"taxonomy":"pwb-brand","embeddable":true,"href":"https:\/\/www.moskito.cz\/pl\/wp-json\/wp\/v2\/pwb-brand?post=338040"},{"taxonomy":"product_brand","embeddable":true,"href":"https:\/\/www.moskito.cz\/pl\/wp-json\/wp\/v2\/product_brand?post=338040"},{"taxonomy":"product_cat","embeddable":true,"href":"https:\/\/www.moskito.cz\/pl\/wp-json\/wp\/v2\/product_cat?post=338040"},{"taxonomy":"product_tag","embeddable":true,"href":"https:\/\/www.moskito.cz\/pl\/wp-json\/wp\/v2\/product_tag?post=338040"}],"curies":[{"name":"wp","href":"https:\/\/api.w.org\/{rel}","templated":true}]}}