{"id":338271,"date":"2021-06-11T22:35:07","date_gmt":"2021-06-11T21:35:07","guid":{"rendered":"https:\/\/www.moskito.cz\/produkt\/noz-zamykajacy-microtech-socom-elite-160-1-t\/"},"modified":"2025-05-07T11:14:10","modified_gmt":"2025-05-07T10:14:10","slug":"noz-zamykajacy-microtech-socom-elite-160-1-t","status":"publish","type":"product","link":"https:\/\/www.moskito.cz\/pl\/produkt\/noz-zamykajacy-microtech-socom-elite-160-1-t\/","title":{"rendered":"N\u00f3\u017c zamykaj\u0105cy Microtech Socom Elite 160-1 T"},"content":{"rendered":"<p>N\u00f3\u017c zamykaj\u0105cy <strong>Microtech<\/strong> Socom Elite 160-1 T.<\/p>\n<p>Przez lata <strong>firma Microtech\u00ae Knives<\/strong> wype\u0142nia\u0142a no\u017ce pasj\u0105 i umiej\u0119tno\u015bciami, aby tworzy\u0107 niemal dzie\u0142a sztuki, kt\u00f3re s\u0105 szczytem funkcjonalno\u015bci. Wci\u0105\u017c przesuwa granice i ulepsza to, o czym ju\u017c wie, \u017ce dzia\u0142a. W 2020 roku firma Microtech\u00ae Knives wyros\u0142a na wiod\u0105c\u0105 mark\u0119 no\u017cy, kt\u00f3ra stale si\u0119 rozwija i idzie do przodu dzi\u0119ki najnowszej technologii,<br \/>\nstaro\u017cytne zasady produkcji ostrzy i maksymalne testy w terenie, aby nie pogarsza\u0107 jako\u015bci.<\/p>\n<p>Od momentu powstania oryginalnego Microtech\u00ae Socom ustanowi\u0142 standardy dla no\u017cy taktycznych. Sokom Elite opiera si\u0119 na tym projekcie, aby dostosowa\u0107 si\u0119 do r\u00f3\u017cnych \u015brodowisk. R\u0119koje\u015b\u0107 ma sportowy uchwyt i unikalny kszta\u0142t, zapewniaj\u0105cy wygodny i pewny chwyt przez ca\u0142y czas.<\/p>\n<p>D\u0142ugo\u015b\u0107 ca\u0142kowita: 22,5 cm<br \/>\nD\u0142ugo\u015b\u0107 ostrza: 10 cm<br \/>\nKraw\u0119d\u017a tn\u0105ca: 9,37 cm<br \/>\nSzeroko\u015b\u0107 ostrza: 2,8 cm<br \/>\nGrubo\u015b\u0107 ostrza: 0,47 cm<br \/>\nMateria\u0142 ostrza: Bohler M390<br \/>\nWstawki: p\u0142askie<br \/>\nD\u0142ugo\u015b\u0107 r\u0105czki: 12,5 cm<br \/>\nSzeroko\u015b\u0107 r\u0105czki: 3,42<br \/>\nGrubo\u015b\u0107 r\u0119koje\u015bci: 1,37<br \/>\nMateria\u0142 r\u0119koje\u015bci: aluminium<br \/>\nWaga: 4,58 uncji<br \/>\nU\u017cytkownik: Prawa r\u0119ka<br \/>\nKlips kieszonkowy: sk\u0142adany w d\u00f3\u0142<br \/>\nTyp no\u017ca: r\u0119czny<br \/>\nMarka: Microtech<br \/>\nModel: Socom Elite<br \/>\nKraj pochodzenia: USA<br \/>\nNajlepsze zastosowanie: taktyczne<\/p>\n<p><iframe title=\"Microtech Combat Troodon Torture Test\" width=\"800\" height=\"450\" src=\"https:\/\/www.youtube.com\/embed\/xE9TeOFYEjg?feature=oembed\" frameborder=\"0\" allow=\"accelerometer; autoplay; clipboard-write; encrypted-media; gyroscope; picture-in-picture; web-share\" referrerpolicy=\"strict-origin-when-cross-origin\" allowfullscreen><\/iframe><\/p>\n<p>&nbsp;<\/p>\n","protected":false},"excerpt":{"rendered":"<p><strong>Przez lata Microtech\u00ae Knives wype\u0142nia\u0142 no\u017ce pasj\u0105 i umiej\u0119tno\u015bciami, aby tworzy\u0107 niemal dzie\u0142a sztuki, kt\u00f3re s\u0105 szczytem funkcjonalno\u015bci. Wszystkie cz\u0119\u015bci wyprodukowano w USA.<\/strong><br \/>\n<strong>Wszystkie no\u017ce Microtech obj\u0119te s\u0105 do\u017cywotni\u0105 gwarancj\u0105.<\/strong><\/p>\n<p><strong>Bezp\u0142atny transport.<\/strong><\/p>\n","protected":false},"featured_media":338272,"comment_status":"open","ping_status":"closed","template":"","meta":[],"pwb-brand":[3279],"product_brand":[],"product_cat":[3344,3296],"product_tag":[3671],"class_list":{"0":"post-338271","1":"product","2":"type-product","3":"status-publish","4":"has-post-thumbnail","6":"pwb-brand-microtech-pl","7":"product_cat-noze-strzeleckie","8":"product_cat-noze-pl","9":"product_tag-b2b-pl","11":"first","12":"instock","13":"taxable","14":"shipping-taxable","15":"purchasable","16":"product-type-simple"},"brands":[{"id":3279,"name":"Microtech","slug":"microtech-pl"}],"_links":{"self":[{"href":"https:\/\/www.moskito.cz\/pl\/wp-json\/wp\/v2\/product\/338271","targetHints":{"allow":["GET"]}}],"collection":[{"href":"https:\/\/www.moskito.cz\/pl\/wp-json\/wp\/v2\/product"}],"about":[{"href":"https:\/\/www.moskito.cz\/pl\/wp-json\/wp\/v2\/types\/product"}],"replies":[{"embeddable":true,"href":"https:\/\/www.moskito.cz\/pl\/wp-json\/wp\/v2\/comments?post=338271"}],"wp:featuredmedia":[{"embeddable":true,"href":"https:\/\/www.moskito.cz\/pl\/wp-json\/wp\/v2\/media\/338272"}],"wp:attachment":[{"href":"https:\/\/www.moskito.cz\/pl\/wp-json\/wp\/v2\/media?parent=338271"}],"wp:term":[{"taxonomy":"pwb-brand","embeddable":true,"href":"https:\/\/www.moskito.cz\/pl\/wp-json\/wp\/v2\/pwb-brand?post=338271"},{"taxonomy":"product_brand","embeddable":true,"href":"https:\/\/www.moskito.cz\/pl\/wp-json\/wp\/v2\/product_brand?post=338271"},{"taxonomy":"product_cat","embeddable":true,"href":"https:\/\/www.moskito.cz\/pl\/wp-json\/wp\/v2\/product_cat?post=338271"},{"taxonomy":"product_tag","embeddable":true,"href":"https:\/\/www.moskito.cz\/pl\/wp-json\/wp\/v2\/product_tag?post=338271"}],"curies":[{"name":"wp","href":"https:\/\/api.w.org\/{rel}","templated":true}]}}