{"id":338393,"date":"2021-09-07T22:02:57","date_gmt":"2024-05-01T08:58:39","guid":{"rendered":"https:\/\/www.moskito.cz\/produkt\/noz-strzelecki-microtech-stitch-borka-blades-stonewashed-spear-point-169-11\/"},"modified":"2025-05-07T11:14:13","modified_gmt":"2025-05-07T10:14:13","slug":"noz-strzelecki-microtech-stitch-borka-blades-stonewashed-spear-point-169-11","status":"publish","type":"product","link":"https:\/\/www.moskito.cz\/pl\/produkt\/noz-strzelecki-microtech-stitch-borka-blades-stonewashed-spear-point-169-11\/","title":{"rendered":"N\u00f3\u017c strzelecki Microtech Stitch Borka Blades Stonewashed Spear Point 169-11"},"content":{"rendered":"<p>N\u00f3\u017c strzelecki <strong>Microtech<\/strong> Stitch Borka Blades Stonewashed Spear Point 169-11.<\/p>\n<p>Ten automatyczny Stitch to pi\u0119kna, taktyczna wsp\u00f3\u0142praca Tony&#8217;ego Marfione i Sebastijana Berenjiego, znanego r\u00f3wnie\u017c jako Borka. Niesamowity projekt Sebastijana Stitcha z niesamowitym mechanizmem automatycznego otwierania Tony&#8217;ego sprawia, \u017ce \u200b\u200bjest to jedna z najlepszych kolaboracji produkcyjnych w 2017 roku. Ostrze o d\u0142ugo\u015bci 8,5 cm ma p\u0142ask\u0105, apokaliptyczn\u0105 powierzchni\u0119. R\u0119koje\u015b\u0107 wykonana jest z wysoko frezowanego aluminium z czarnym anodyzowanym wyko\u0144czeniem Mil-Spec Hardcoat i aluminiow\u0105 przek\u0142adk\u0105 tyln\u0105. Ostrze strzela jak rakieta i blokuje si\u0119 solidnie, co jest imponuj\u0105cym wyczynem, bior\u0105c pod uwag\u0119, \u017ce jest AUTO. Jest to d\u0142ugo wyczekiwany model produkcyjny s\u0142ynnego zwyczaju, dlatego masz szans\u0119 mie\u0107 n\u00f3\u017c Borka za u\u0142amek ceny.<\/p>\n<p>Projekt Borki<br \/>\nOsprz\u0119t Torx<br \/>\nTeksturowana aluminiowa podk\u0142adka dystansowa<br \/>\nDane techniczne<br \/>\nD\u0142ugo\u015b\u0107 ostrza: 8,5 cm<br \/>\nD\u0142ugo\u015b\u0107 r\u0105czki: 12,5 cm<br \/>\nD\u0142ugo\u015b\u0107 ca\u0142kowita: 21 cm<br \/>\nNale\u017cy pami\u0119ta\u0107, \u017ce stalowe ostrze nie mo\u017ce zosta\u0107 okre\u015blone, poniewa\u017c mo\u017ce si\u0119 r\u00f3\u017cni\u0107 w zale\u017cno\u015bci od dost\u0119pno\u015bci (informacje od Microtech)<br \/>\nGrubo\u015b\u0107 ostrza: 0,190 cala<br \/>\nStyl ostrza: Szpic w\u0142\u00f3czni<br \/>\nSzlif ostrza: p\u0142aski<br \/>\nObr\u00f3bka powierzchni ostrza: Stonewash<br \/>\nMateria\u0142 r\u0119koje\u015bci: frezowane aluminium, twarda pow\u0142oka Mil-Spec, anodowana<br \/>\nGrubo\u015b\u0107 r\u0119koje\u015bci: 0,62&#8243;<br \/>\nMechanizm blokuj\u0105cy: Przycisk<br \/>\nKlips kieszonkowy: stal nierdzewna (sk\u0142adany, prawy)<br \/>\nWaga: 6,3 uncji<br \/>\nProjektanci: Sebastijan Berenji i Tony Marfione<br \/>\nWykonane w USA<\/p>\n<p>&nbsp;<\/p>\n<p>&nbsp;<\/p>\n<p>Ten automatyczny \u015bcieg to pi\u0119kna, taktyczna wsp\u00f3\u0142praca Tony&#8217;ego Marfione i Sebastijana Berenjiego, AKA Borka. Wykorzystuje niesamowity projekt Sebastijana Stitch i \u0142\u0105czy go z niesamowitym automatycznym mechanizmem otwierania Tony&#8217;ego, aby stworzy\u0107 jedn\u0105 z najfajniejszych kolaboracji produkcyjnych w 2017 roku. Ostrze typu spear point o d\u0142ugo\u015bci 3,625 cala ma p\u0142aski szlif, apokaliptyczne wyko\u0144czenie oraz zaciski na palcach i rampie kciuka, zapewniaj\u0105ce doskona\u0142e trzymanie podczas drobniejszych zada\u0144 ci\u0119cia. R\u0119koje\u015b\u0107 wykonana jest z mocno frezowanego aluminium z czarnym anodyzowanym wyko\u0144czeniem Mil-Spec Hardcoat i aluminiowym backspacerem z jimpem. Wystrzeliwuje jak rakieta i zamyka si\u0119 szczelnie, co bior\u0105c pod uwag\u0119, \u017ce jest to AUTO, jest imponuj\u0105cym wyczynem. Jest to d\u0142ugo oczekiwany model produkcyjny s\u0142ynnego zwyczaju, dzi\u0119ki kt\u00f3remu masz szans\u0119 mie\u0107 n\u00f3\u017c Borka za u\u0142amek ceny.<\/p>\n<p>Cechy<br \/>\nProjekt Borki<br \/>\nSprz\u0119t Torx<br \/>\nTeksturowana aluminiowa podk\u0142adka dystansowa<br \/>\nDane techniczne<br \/>\nD\u0142ugo\u015b\u0107 ostrza: 3,625&#8243;<br \/>\nKraw\u0119d\u017a tn\u0105ca: 3,05 cala<br \/>\nD\u0142ugo\u015b\u0107 r\u0119koje\u015bci: 5,0&#8243;<br \/>\nD\u0142ugo\u015b\u0107 ca\u0142kowita: 8,50 cala<br \/>\nNale\u017cy pami\u0119ta\u0107, \u017ce nie mo\u017cna okre\u015bli\u0107 stali ostrza, poniewa\u017c mo\u017ce ona ulec zmianie w zale\u017cno\u015bci od dost\u0119pno\u015bci (informacje od Microtech)<br \/>\nGrubo\u015b\u0107 ostrza: 0,190 cala<br \/>\nStyl ostrza: Szpic w\u0142\u00f3czni<br \/>\nSzlif ostrza: p\u0142aski<br \/>\nWyko\u0144czenie ostrza: Stonewash<br \/>\nMateria\u0142 r\u0119koje\u015bci: frezowane aluminium, anodowane tward\u0105 pow\u0142ok\u0105 Mil-Spec<br \/>\nGrubo\u015b\u0107 r\u0119koje\u015bci: 0,62&#8243;<br \/>\nMechanizm blokuj\u0105cy: przycisk<br \/>\nKieszonkowy klips: stal nierdzewna (przechylany do g\u00f3ry, do noszenia po prawej stronie)<br \/>\nWaga: 6,3 uncji<br \/>\nProjektanci: Sebastijan Berenji i Tony Marfione<br \/>\nWyprodukowano w USA<\/p>\n","protected":false},"excerpt":{"rendered":"<p>Przez lata <strong>Microtech\u00ae Knives<\/strong> wype\u0142nia\u0142 no\u017ce pasj\u0105 i umiej\u0119tno\u015bciami, aby stworzy\u0107 niemal dzie\u0142a sztuki, kt\u00f3re s\u0105 szczytem funkcjonalno\u015bci.Wszystkie cz\u0119\u015bci s\u0105 produkowane w USA.<br \/>\n<strong>Wszystkie no\u017ce Microtech obj\u0119te s\u0105 do\u017cywotni\u0105 gwarancj\u0105.<\/strong><\/p>\n<p><strong>Bezp\u0142atny transport.<\/strong><\/p>\n","protected":false},"featured_media":338394,"comment_status":"open","ping_status":"closed","template":"","meta":[],"pwb-brand":[3279],"product_brand":[],"product_cat":[3296,3344],"product_tag":[3671],"class_list":{"0":"post-338393","1":"product","2":"type-product","3":"status-publish","4":"has-post-thumbnail","6":"pwb-brand-microtech-pl","7":"product_cat-noze-pl","8":"product_cat-noze-strzeleckie","9":"product_tag-b2b-pl","11":"first","12":"instock","13":"taxable","14":"shipping-taxable","15":"purchasable","16":"product-type-simple"},"brands":[{"id":3279,"name":"Microtech","slug":"microtech-pl"}],"_links":{"self":[{"href":"https:\/\/www.moskito.cz\/pl\/wp-json\/wp\/v2\/product\/338393","targetHints":{"allow":["GET"]}}],"collection":[{"href":"https:\/\/www.moskito.cz\/pl\/wp-json\/wp\/v2\/product"}],"about":[{"href":"https:\/\/www.moskito.cz\/pl\/wp-json\/wp\/v2\/types\/product"}],"replies":[{"embeddable":true,"href":"https:\/\/www.moskito.cz\/pl\/wp-json\/wp\/v2\/comments?post=338393"}],"wp:featuredmedia":[{"embeddable":true,"href":"https:\/\/www.moskito.cz\/pl\/wp-json\/wp\/v2\/media\/338394"}],"wp:attachment":[{"href":"https:\/\/www.moskito.cz\/pl\/wp-json\/wp\/v2\/media?parent=338393"}],"wp:term":[{"taxonomy":"pwb-brand","embeddable":true,"href":"https:\/\/www.moskito.cz\/pl\/wp-json\/wp\/v2\/pwb-brand?post=338393"},{"taxonomy":"product_brand","embeddable":true,"href":"https:\/\/www.moskito.cz\/pl\/wp-json\/wp\/v2\/product_brand?post=338393"},{"taxonomy":"product_cat","embeddable":true,"href":"https:\/\/www.moskito.cz\/pl\/wp-json\/wp\/v2\/product_cat?post=338393"},{"taxonomy":"product_tag","embeddable":true,"href":"https:\/\/www.moskito.cz\/pl\/wp-json\/wp\/v2\/product_tag?post=338393"}],"curies":[{"name":"wp","href":"https:\/\/api.w.org\/{rel}","templated":true}]}}