{"id":338473,"date":"2024-05-01T10:43:26","date_gmt":"2024-05-01T09:54:46","guid":{"rendered":"https:\/\/www.moskito.cz\/produkt\/noz-strzelecki-microtech-hera-ii-mini-stonewashed-1701m-10\/"},"modified":"2025-05-07T11:14:14","modified_gmt":"2025-05-07T10:14:14","slug":"noz-strzelecki-microtech-hera-ii-mini-stonewashed-1701m-10","status":"publish","type":"product","link":"https:\/\/www.moskito.cz\/pl\/produkt\/noz-strzelecki-microtech-hera-ii-mini-stonewashed-1701m-10\/","title":{"rendered":"N\u00f3\u017c strzelecki Microtech Hera II Mini Stonewashed 1701M-10"},"content":{"rendered":"<p>N\u00f3\u017c strzelecki Microtech Hera II Mini Stonewashed 1701M-10.<\/p>\n<p><strong>Mini Hera<\/strong> to urzekaj\u0105cy przedni automatyczny n\u00f3\u017c o podw\u00f3jnym dzia\u0142aniu, kt\u00f3ry czerpie inspiracj\u0119 z kultowego modelu Troodon. Dzi\u0119ki konstrukcji ramy przypominaj\u0105cej swoj\u0105 poprzedniczk\u0119, <strong>Mini Hera<\/strong> wyr\u00f3\u017cnia si\u0119 wyrafinowan\u0105 estetyk\u0105 i ulepszon\u0105 ergonomi\u0105. Starannie wykonane \u0142aty ko\u0144cowe zapewniaj\u0105 lepsz\u0105 przyczepno\u015b\u0107 i zwi\u0119kszaj\u0105 zar\u00f3wno praktyczno\u015b\u0107, jak i atrakcyjno\u015b\u0107 wizualn\u0105.<\/p>\n<p>Podobnie jak jego poprzednik, Mini Hera mo\u017ce pochwali\u0107 si\u0119 r\u0105czk\u0105 ozdobion\u0105 misternymi, g\u0142\u0119bokimi rytowaniami, kt\u00f3re stanowi\u0105 pozbawiony element\u00f3w sprz\u0119towych ty\u0142, z wyj\u0105tkiem dyskretnej \u015bruby umieszczonej w pobli\u017cu tylnego ko\u0144ca, w pobli\u017cu obur\u0119cznego klipsa kieszeniowego dla wygody os\u00f3b lewor\u0119cznych. Ta dba\u0142o\u015b\u0107 o szczeg\u00f3\u0142y dodaje artystycznego akcentu funkcjonalnemu projektowi i zapewnia niezr\u00f3wnane wra\u017cenia dotykowe.<\/p>\n<p>To miniaturowe arcydzie\u0142o bez trudu \u0142\u0105czy wyrafinowanie z funkcjonalno\u015bci\u0105, umacniaj\u0105c swoj\u0105 pozycj\u0119 jednego z wiod\u0105cych wszechstronnych no\u017cy automatycznych OTF na wysoce konkurencyjnym rynku, kt\u00f3ry cz\u0119sto konkuruje z innymi no\u017cami Microtech OTF. Dostosowana do gotowo\u015bci bojowej, a jednocze\u015bnie wystarczaj\u0105co smuk\u0142a do noszenia na co dzie\u0144, Mini Hera oferuje idealn\u0105 r\u00f3wnowag\u0119 pomi\u0119dzy stylem i praktyczno\u015bci\u0105. Precyzyjna in\u017cynieria i artystyczne detale \u0142\u0105cz\u0105 si\u0119 w tym no\u017cu, co czyni go wyj\u0105tkowym wyborem dla tych, kt\u00f3rzy szukaj\u0105 po\u0142\u0105czenia formy i funkcjonalno\u015bci w swoich codziennych narz\u0119dziach.<br \/>\nDane techniczne:<\/p>\n<p>D\u0142ugo\u015b\u0107 ostrza: 7,5 cm<br \/>\nD\u0142ugo\u015b\u0107 po zamkni\u0119ciu: 10 cm<br \/>\nD\u0142ugo\u015b\u0107 ca\u0142kowita: 17,5 cm<br \/>\nStal ostrza: stal nierdzewna Bohler M390MK<br \/>\nStyl ostrza: bagnet o podw\u00f3jnej kraw\u0119dzi<br \/>\nSzlif ostrza: p\u0142aski<br \/>\nObr\u00f3bka powierzchni ostrza: Stonewash<br \/>\nMateria\u0142 r\u0119koje\u015bci: czarne aluminium lotnicze z g\u0142\u0119bokim grawerem<br \/>\nGrubo\u015b\u0107 r\u0119koje\u015bci: 0,354&#8243;<br \/>\nMechanizm blokuj\u0105cy: suwak kciukowy<br \/>\nKieszonkowy klips: Tytan (sk\u0142adany, noszony po prawej\/lewej stronie)<br \/>\nWaga: 2,01 uncji<br \/>\nProjektanci: Tony i Sean Marfione<br \/>\nWykonane w USA<\/p>\n<p><iframe title=\"Microtech Combat Troodon Torture Test\" width=\"800\" height=\"450\" src=\"https:\/\/www.youtube.com\/embed\/xE9TeOFYEjg?feature=oembed\" frameborder=\"0\" allow=\"accelerometer; autoplay; clipboard-write; encrypted-media; gyroscope; picture-in-picture; web-share\" referrerpolicy=\"strict-origin-when-cross-origin\" allowfullscreen><\/iframe><\/p>\n<p>&nbsp;<\/p>\n","protected":false},"excerpt":{"rendered":"<div class=\"elementor-element elementor-element-bbb542b elementor-widget elementor-widget-woocommerce-product-short-description\" data-id=\"bbb542b\" data-element_type=\"widget\" data-widget_type=\"woocommerce-product-short-description.default\">\n<div class=\"elementor-widget-container\">\n<div class=\"woocommerce-product-details__short-description\">\n<p><strong>Przez lata Microtech\u00ae Knives wype\u0142nia\u0142 no\u017ce pasj\u0105 i umiej\u0119tno\u015bciami, aby tworzy\u0107 niemal dzie\u0142a sztuki, kt\u00f3re s\u0105 szczytem funkcjonalno\u015bci.Wszystkie cz\u0119\u015bci s\u0105 produkowane w USA.<\/strong><br \/>\n<strong>Wszystkie no\u017ce Microtech obj\u0119te s\u0105 do\u017cywotni\u0105 gwarancj\u0105.<\/strong><\/p>\n<p><strong>Bezp\u0142atny transport.<\/strong><\/p>\n<\/div>\n<\/div>\n<\/div>\n","protected":false},"featured_media":338427,"comment_status":"open","ping_status":"closed","template":"","meta":[],"pwb-brand":[3279],"product_brand":[],"product_cat":[3296,3344],"product_tag":[3671],"class_list":{"0":"post-338473","1":"product","2":"type-product","3":"status-publish","4":"has-post-thumbnail","6":"pwb-brand-microtech-pl","7":"product_cat-noze-pl","8":"product_cat-noze-strzeleckie","9":"product_tag-b2b-pl","11":"first","12":"outofstock","13":"taxable","14":"shipping-taxable","15":"purchasable","16":"product-type-simple"},"brands":[{"id":3279,"name":"Microtech","slug":"microtech-pl"}],"_links":{"self":[{"href":"https:\/\/www.moskito.cz\/pl\/wp-json\/wp\/v2\/product\/338473","targetHints":{"allow":["GET"]}}],"collection":[{"href":"https:\/\/www.moskito.cz\/pl\/wp-json\/wp\/v2\/product"}],"about":[{"href":"https:\/\/www.moskito.cz\/pl\/wp-json\/wp\/v2\/types\/product"}],"replies":[{"embeddable":true,"href":"https:\/\/www.moskito.cz\/pl\/wp-json\/wp\/v2\/comments?post=338473"}],"wp:featuredmedia":[{"embeddable":true,"href":"https:\/\/www.moskito.cz\/pl\/wp-json\/wp\/v2\/media\/338427"}],"wp:attachment":[{"href":"https:\/\/www.moskito.cz\/pl\/wp-json\/wp\/v2\/media?parent=338473"}],"wp:term":[{"taxonomy":"pwb-brand","embeddable":true,"href":"https:\/\/www.moskito.cz\/pl\/wp-json\/wp\/v2\/pwb-brand?post=338473"},{"taxonomy":"product_brand","embeddable":true,"href":"https:\/\/www.moskito.cz\/pl\/wp-json\/wp\/v2\/product_brand?post=338473"},{"taxonomy":"product_cat","embeddable":true,"href":"https:\/\/www.moskito.cz\/pl\/wp-json\/wp\/v2\/product_cat?post=338473"},{"taxonomy":"product_tag","embeddable":true,"href":"https:\/\/www.moskito.cz\/pl\/wp-json\/wp\/v2\/product_tag?post=338473"}],"curies":[{"name":"wp","href":"https:\/\/api.w.org\/{rel}","templated":true}]}}