{"id":338992,"date":"2024-05-02T18:26:18","date_gmt":"2024-05-02T17:28:36","guid":{"rendered":"https:\/\/www.moskito.cz\/produkt\/naprawiono-extrema-ratio-noz-kiri-dark-stone\/"},"modified":"2025-05-07T11:14:27","modified_gmt":"2025-05-07T10:14:27","slug":"naprawiono-extrema-ratio-noz-kiri-dark-stone","status":"publish","type":"product","link":"https:\/\/www.moskito.cz\/pl\/produkt\/naprawiono-extrema-ratio-noz-kiri-dark-stone\/","title":{"rendered":"Naprawiono Extrema Ratio N\u00f3\u017c KIRI DARK STONE"},"content":{"rendered":"<p>Naprawiono <strong>Extrema Ratio<\/strong> N\u00f3\u017c KIRI DARK STONE.<\/p>\n<p><strong>Kiridashi<\/strong> to rodzaj japo\u0144skiego no\u017ca, wielofunkcyjnego narz\u0119dzia tn\u0105cego. Jedn\u0105 z jego osobliwo\u015bci jest asymetryczny skos; tylko jedna z dw\u00f3ch stron jest szlifowana, podczas gdy druga pozostaje p\u0142aska. Extrema Ratio na nowo zinterpretowa\u0142a ten tradycyjny japo\u0144ski n\u00f3\u017c zgodnie z jego stylem, nadaj\u0105c mu bardziej taktyczny wygl\u0105d ni\u017c orygina\u0142. KIRI posiada specjaln\u0105 ko\u0144c\u00f3wk\u0119 zaprojektowan\u0105 tak, aby osi\u0105gn\u0105\u0107 wysok\u0105 skuteczno\u015b\u0107 penetracji przy zachowaniu charakterystycznego ostrzenia d\u0142uta. Extrema Ratio KIRI jest dost\u0119pny w kolorze Dark Stone i Satin, oba wykonane ze stali B\u00f6hler N690 hartowanej do 58 HRC.<\/p>\n<p>R\u0119koje\u015b\u0107 wykonana jest z dw\u00f3ch skal z aluminium anodowanego na czarno i odpornego na korozj\u0119. Wst\u0119pnie uformowana pochewka z Kydexu wyposa\u017cona jest w metalowe oczka do wprowadzenia paracordu, kt\u00f3re umo\u017cliwiaj\u0105 r\u00f3wnie\u017c przymocowanie jej do paska systemu MOLLE.<\/p>\n<p>KIRI mo\u017cna wyposa\u017cy\u0107 w nast\u0119puj\u0105ce opcje (sprzedawane osobno): ZACZEP DO PASKU, kt\u00f3ry umo\u017cliwia przymocowanie kabury do paska. ULTICLIP SLIM 3.3 (polecamy co najmniej dwa), kt\u00f3ry pozwala przymocowa\u0107 etui nie tylko do paska, ale tak\u017ce do kieszeni, spodni, kurtek, koszul i T-shirt\u00f3w. Dost\u0119pny w dw\u00f3ch wersjach, Dark Stone i Satin.<\/p>\n<p>WAGA G: 112<br \/>\nWAGA uncji: 3,95<br \/>\nD\u0141UGO\u015a\u0106 OSTRZA: 6 cm<br \/>\nD\u0141UGO\u015a\u0106 CA\u0141KOWITA: 19 cm<br \/>\nGRUBO\u015a\u0106 OSTRZY: 0,5<br \/>\nMATERIA\u0141 OSTRZA: STAL B\u00d6HLER N690 (58HRC)<br \/>\nWYKO\u0143CZENIE OSTRZA: CIEMNY KAMIE\u0143<br \/>\nSZLIFOWANIE G\u0141\u00d3WNE: P\u0141ASKIE<br \/>\nMATERIA\u0141 UCHWYTU: ALUMINIUM ANODOWANE PRZECIWKOROZYJNIE<\/p>\n<p><iframe title=\"Extrema Ratio Kiri\" width=\"800\" height=\"450\" src=\"https:\/\/www.youtube.com\/embed\/N-s-QDb4F2Y?feature=oembed\" frameborder=\"0\" allow=\"accelerometer; autoplay; clipboard-write; encrypted-media; gyroscope; picture-in-picture; web-share\" referrerpolicy=\"strict-origin-when-cross-origin\" allowfullscreen><\/iframe><\/p>\n<p>&nbsp;<\/p>\n","protected":false},"excerpt":{"rendered":"<p><strong>Extrema Ratio z siedzib\u0105 w Prato we W\u0142oszech projektuje i produkuje wysokiej jako\u015bci no\u017ce bojowe, wojskowe, kuchenne, my\u015bliwskie i taktyczne od 1997 roku i cieszy si\u0119 reputacj\u0105 dzi\u0119ki najwy\u017cszej jako\u015bci, kt\u00f3ra nie ma sobie r\u00f3wnych w bran\u017cy no\u017cy wojskowych i taktycznych.<\/strong><\/p>\n<p><strong>Bezp\u0142atny transport.<\/strong><\/p>\n","protected":false},"featured_media":338940,"comment_status":"open","ping_status":"closed","template":"","meta":[],"pwb-brand":[3666],"product_brand":[],"product_cat":[3296,3297],"product_tag":[3671],"class_list":{"0":"post-338992","1":"product","2":"type-product","3":"status-publish","4":"has-post-thumbnail","6":"pwb-brand-stosunek-ekstremow","7":"product_cat-noze-pl","8":"product_cat-solidne-noze","9":"product_tag-b2b-pl","11":"first","12":"instock","13":"taxable","14":"shipping-taxable","15":"purchasable","16":"product-type-simple"},"brands":[{"id":3666,"name":"Stosunek ekstrem\u00f3w","slug":"stosunek-ekstremow"}],"_links":{"self":[{"href":"https:\/\/www.moskito.cz\/pl\/wp-json\/wp\/v2\/product\/338992","targetHints":{"allow":["GET"]}}],"collection":[{"href":"https:\/\/www.moskito.cz\/pl\/wp-json\/wp\/v2\/product"}],"about":[{"href":"https:\/\/www.moskito.cz\/pl\/wp-json\/wp\/v2\/types\/product"}],"replies":[{"embeddable":true,"href":"https:\/\/www.moskito.cz\/pl\/wp-json\/wp\/v2\/comments?post=338992"}],"wp:featuredmedia":[{"embeddable":true,"href":"https:\/\/www.moskito.cz\/pl\/wp-json\/wp\/v2\/media\/338940"}],"wp:attachment":[{"href":"https:\/\/www.moskito.cz\/pl\/wp-json\/wp\/v2\/media?parent=338992"}],"wp:term":[{"taxonomy":"pwb-brand","embeddable":true,"href":"https:\/\/www.moskito.cz\/pl\/wp-json\/wp\/v2\/pwb-brand?post=338992"},{"taxonomy":"product_brand","embeddable":true,"href":"https:\/\/www.moskito.cz\/pl\/wp-json\/wp\/v2\/product_brand?post=338992"},{"taxonomy":"product_cat","embeddable":true,"href":"https:\/\/www.moskito.cz\/pl\/wp-json\/wp\/v2\/product_cat?post=338992"},{"taxonomy":"product_tag","embeddable":true,"href":"https:\/\/www.moskito.cz\/pl\/wp-json\/wp\/v2\/product_tag?post=338992"}],"curies":[{"name":"wp","href":"https:\/\/api.w.org\/{rel}","templated":true}]}}