{"id":339097,"date":"2024-05-02T19:08:20","date_gmt":"2024-05-02T18:11:47","guid":{"rendered":"https:\/\/www.moskito.cz\/produkt\/noz-zamykajacy-sog-stout-sj-stonewashed-16-03-01-57\/"},"modified":"2025-05-07T11:14:29","modified_gmt":"2025-05-07T10:14:29","slug":"noz-zamykajacy-sog-stout-sj-stonewashed-16-03-01-57","status":"publish","type":"product","link":"https:\/\/www.moskito.cz\/pl\/produkt\/noz-zamykajacy-sog-stout-sj-stonewashed-16-03-01-57\/","title":{"rendered":"N\u00f3\u017c zamykaj\u0105cy SOG Stout SJ Stonewashed 16-03-01-57"},"content":{"rendered":"<p>N\u00f3\u017c zamykaj\u0105cy <strong>SOG<\/strong> Stout SJ Stonewashed 16-03-01-57.<\/p>\n<p><strong>Stout SJ<\/strong> jest wynikiem wsp\u00f3\u0142pracy du\u0144skiego projektanta no\u017cy Mikkela Willumsena i za\u0142o\u017cyciela SOG, Spencera Frazera. Posiada ostrze ze stali szlifowanej CRYO D2, ram\u0119 ze stali nierdzewnej i solidn\u0105 r\u0119koje\u015b\u0107 G10. Zaprojektowany z my\u015bl\u0105 o bezpiecze\u0144stwie, ten all-star do codziennego noszenia zapewnia \u0142atwe i p\u0142ynne otwieranie i zamykanie dzi\u0119ki mocnej i bezpiecznej pozycji otwartej.<\/p>\n<p>Dzi\u0119ki ostrzu o d\u0142ugo\u015bci mniejszej ni\u017c 3 cale i przesuwnemu przegubowi umo\u017cliwiaj\u0105cemu otwieranie obur\u0105cz, Stout SJ ma uniwersaln\u0105 konstrukcj\u0119 no\u017ca zgodn\u0105 z wymaganiami podr\u00f3\u017cy, zgodn\u0105 z przepisami obowi\u0105zuj\u0105cymi w wi\u0119kszo\u015bci miast, stan\u00f3w i kraj\u00f3w, w kt\u00f3rych zabronione jest otwieranie lub blokowanie no\u017cy jedn\u0105 r\u0119k\u0105. Ostre ostrze ze stali szlifowanej CRYO D2, chwytne uchwyty G10 i mechanizm przegubu przesuwnego zaprojektowane tak, aby by\u0142y bezpieczne i \u0142atwe do przenoszenia.<\/p>\n<p>Dane techniczne:<br \/>\nD\u0142ugo\u015b\u0107 ostrza: 6,55 cm<br \/>\nD\u0142ugo\u015b\u0107 po zamkni\u0119ciu: 9,42 cm<br \/>\nD\u0142ugo\u015b\u0107 ca\u0142kowita: 15,97 cm<br \/>\nMateria\u0142 ostrza: Stal narz\u0119dziowa D2<br \/>\nTwardo\u015b\u0107 ostrza: 60-63 HRC<br \/>\nStyl ostrza: Clip Point<br \/>\nObr\u00f3bka powierzchni ostrza: Stonewash<br \/>\nMateria\u0142 r\u0119koje\u015bci: ziele\u0144 OD G10 i stal nierdzewna<br \/>\nMechanizm blokuj\u0105cy: Przegub przesuwny<br \/>\nWaga: 3,4 uncji<\/p>\n","protected":false},"excerpt":{"rendered":"<p>Stout SJ jest wynikiem wsp\u00f3\u0142pracy du\u0144skiego projektanta no\u017cy Mikkela Willumsena i za\u0142o\u017cyciela SOG, Spencera Frazera. Jest podr\u00f3\u017cnikiem po \u015bwiecie z rodziny Stout.<\/p>\n","protected":false},"featured_media":339057,"comment_status":"open","ping_status":"closed","template":"","meta":[],"pwb-brand":[3606],"product_brand":[],"product_cat":[3296,3307],"product_tag":[3671],"class_list":{"0":"post-339097","1":"product","2":"type-product","3":"status-publish","4":"has-post-thumbnail","6":"pwb-brand-sog-pl","7":"product_cat-noze-pl","8":"product_cat-zamykanie-nozy","9":"product_tag-b2b-pl","11":"first","12":"instock","13":"taxable","14":"shipping-taxable","15":"purchasable","16":"product-type-simple"},"brands":[{"id":3606,"name":"SOG","slug":"sog-pl"}],"_links":{"self":[{"href":"https:\/\/www.moskito.cz\/pl\/wp-json\/wp\/v2\/product\/339097","targetHints":{"allow":["GET"]}}],"collection":[{"href":"https:\/\/www.moskito.cz\/pl\/wp-json\/wp\/v2\/product"}],"about":[{"href":"https:\/\/www.moskito.cz\/pl\/wp-json\/wp\/v2\/types\/product"}],"replies":[{"embeddable":true,"href":"https:\/\/www.moskito.cz\/pl\/wp-json\/wp\/v2\/comments?post=339097"}],"wp:featuredmedia":[{"embeddable":true,"href":"https:\/\/www.moskito.cz\/pl\/wp-json\/wp\/v2\/media\/339057"}],"wp:attachment":[{"href":"https:\/\/www.moskito.cz\/pl\/wp-json\/wp\/v2\/media?parent=339097"}],"wp:term":[{"taxonomy":"pwb-brand","embeddable":true,"href":"https:\/\/www.moskito.cz\/pl\/wp-json\/wp\/v2\/pwb-brand?post=339097"},{"taxonomy":"product_brand","embeddable":true,"href":"https:\/\/www.moskito.cz\/pl\/wp-json\/wp\/v2\/product_brand?post=339097"},{"taxonomy":"product_cat","embeddable":true,"href":"https:\/\/www.moskito.cz\/pl\/wp-json\/wp\/v2\/product_cat?post=339097"},{"taxonomy":"product_tag","embeddable":true,"href":"https:\/\/www.moskito.cz\/pl\/wp-json\/wp\/v2\/product_tag?post=339097"}],"curies":[{"name":"wp","href":"https:\/\/api.w.org\/{rel}","templated":true}]}}