{"id":339194,"date":"2024-05-02T20:28:24","date_gmt":"2024-05-02T19:31:51","guid":{"rendered":"https:\/\/www.moskito.cz\/produkt\/noz-zamykany-sog-stout-sj-blackout-16-03-07-57\/"},"modified":"2025-05-07T11:14:31","modified_gmt":"2025-05-07T10:14:31","slug":"noz-zamykany-sog-stout-sj-blackout-16-03-07-57","status":"publish","type":"product","link":"https:\/\/www.moskito.cz\/pl\/produkt\/noz-zamykany-sog-stout-sj-blackout-16-03-07-57\/","title":{"rendered":"N\u00f3\u017c zamykany SOG Stout SJ Blackout 16-03-07-57"},"content":{"rendered":"<p>N\u00f3\u017c zamykany <strong>SOG<\/strong> Stout SJ Blackout 16-03-07-57.<\/p>\n<p>Stout SJ jest wynikiem wsp\u00f3\u0142pracy du\u0144skiego projektanta no\u017cy Mikkela Willumsena i za\u0142o\u017cyciela SOG, Spencera Frazera. Wyposa\u017cony w ostrze ze stali CRYO D2 z czarn\u0105 pow\u0142ok\u0105 TiNi, ram\u0119 ze stali nierdzewnej i solidn\u0105 r\u0119koje\u015b\u0107 z G10. Zaprojektowany z my\u015bl\u0105 o bezpiecze\u0144stwie, ten gwiazdorski mechanizm przegubowy do codziennego u\u017cytku zapewnia \u0142atwe i p\u0142ynne otwieranie i zamykanie przy mocnej i bezpiecznej pozycji otwartej. Jest podr\u00f3\u017cnikiem po \u015bwiecie z rodziny Stout.<\/p>\n<p>Dane techniczne:<br \/>\nD\u0142ugo\u015b\u0107 ostrza: 6 cm<br \/>\nD\u0142ugo\u015b\u0107 po zamkni\u0119ciu: 9,2 cm<br \/>\nD\u0142ugo\u015b\u0107 ca\u0142kowita: 15 cm<br \/>\nMateria\u0142 ostrza: Stal narz\u0119dziowa D2<br \/>\nTwardo\u015b\u0107 ostrza: 60-63 HRC<br \/>\nStyl ostrza: tasak<br \/>\nWyko\u0144czenie ostrza: czarne<br \/>\nMateria\u0142 r\u0119koje\u015bci: czarne G10 i stal nierdzewna<br \/>\nMechanizm blokuj\u0105cy: Przegub przesuwny<br \/>\nWaga: 3,9 uncji<\/p>\n","protected":false},"excerpt":{"rendered":"<p>Nie daj si\u0119 zwie\u015b\u0107 mniejszemu rozmiarowi. To solidny n\u00f3\u017c, kt\u00f3ry bez problemu wyjmiesz z kieszeni, aby stawi\u0107 czo\u0142a wszystkim wyzwaniom dnia.<\/p>\n","protected":false},"featured_media":339155,"comment_status":"open","ping_status":"closed","template":"","meta":[],"pwb-brand":[3606],"product_brand":[],"product_cat":[3296,3307],"product_tag":[3671],"class_list":{"0":"post-339194","1":"product","2":"type-product","3":"status-publish","4":"has-post-thumbnail","6":"pwb-brand-sog-pl","7":"product_cat-noze-pl","8":"product_cat-zamykanie-nozy","9":"product_tag-b2b-pl","11":"first","12":"instock","13":"taxable","14":"shipping-taxable","15":"purchasable","16":"product-type-simple"},"brands":[{"id":3606,"name":"SOG","slug":"sog-pl"}],"_links":{"self":[{"href":"https:\/\/www.moskito.cz\/pl\/wp-json\/wp\/v2\/product\/339194","targetHints":{"allow":["GET"]}}],"collection":[{"href":"https:\/\/www.moskito.cz\/pl\/wp-json\/wp\/v2\/product"}],"about":[{"href":"https:\/\/www.moskito.cz\/pl\/wp-json\/wp\/v2\/types\/product"}],"replies":[{"embeddable":true,"href":"https:\/\/www.moskito.cz\/pl\/wp-json\/wp\/v2\/comments?post=339194"}],"wp:featuredmedia":[{"embeddable":true,"href":"https:\/\/www.moskito.cz\/pl\/wp-json\/wp\/v2\/media\/339155"}],"wp:attachment":[{"href":"https:\/\/www.moskito.cz\/pl\/wp-json\/wp\/v2\/media?parent=339194"}],"wp:term":[{"taxonomy":"pwb-brand","embeddable":true,"href":"https:\/\/www.moskito.cz\/pl\/wp-json\/wp\/v2\/pwb-brand?post=339194"},{"taxonomy":"product_brand","embeddable":true,"href":"https:\/\/www.moskito.cz\/pl\/wp-json\/wp\/v2\/product_brand?post=339194"},{"taxonomy":"product_cat","embeddable":true,"href":"https:\/\/www.moskito.cz\/pl\/wp-json\/wp\/v2\/product_cat?post=339194"},{"taxonomy":"product_tag","embeddable":true,"href":"https:\/\/www.moskito.cz\/pl\/wp-json\/wp\/v2\/product_tag?post=339194"}],"curies":[{"name":"wp","href":"https:\/\/api.w.org\/{rel}","templated":true}]}}