{"id":339243,"date":"2024-05-02T20:53:03","date_gmt":"2024-05-02T19:57:58","guid":{"rendered":"https:\/\/www.moskito.cz\/produkt\/noz-skladany-sog-stout-flk-stonewashed-14-03-11-57\/"},"modified":"2025-05-07T11:14:32","modified_gmt":"2025-05-07T10:14:32","slug":"noz-skladany-sog-stout-flk-stonewashed-14-03-11-57","status":"publish","type":"product","link":"https:\/\/www.moskito.cz\/pl\/produkt\/noz-skladany-sog-stout-flk-stonewashed-14-03-11-57\/","title":{"rendered":"N\u00f3\u017c sk\u0142adany SOG Stout FLK Stonewashed 14-03-11-57"},"content":{"rendered":"<p>N\u00f3\u017c sk\u0142adany <strong>SOG<\/strong> Stout FLK Stonewashed 14-03-11-57.<\/p>\n<p>Kompaktowy sk\u0142adany n\u00f3\u017c do codziennego noszenia z 2,39-calowym tasakiem wykonanym z niezawodnej stali CRYO D2, Stout FLK to scyzoryk z blokad\u0105 ramy typu \u201ekick-open\u201d. Wyposa\u017cony w solidn\u0105 r\u0119koje\u015b\u0107 z G10 i stal nierdzewn\u0105, Stout FLK jest wynikiem wsp\u00f3\u0142pracy projektanta no\u017cy Mikkela Willumsena i za\u0142o\u017cyciela SOG Spencera Frazera. Nie daj si\u0119 zwie\u015b\u0107 mniejszemu rozmiarowi. To solidny n\u00f3\u017c, kt\u00f3ry bez problemu wyjmiesz z kieszeni, aby stawi\u0107 czo\u0142a wszystkim wyzwaniom dnia.<\/p>\n<p>Dane techniczne:<br \/>\nD\u0142ugo\u015b\u0107 ostrza: 6 cm<br \/>\nD\u0142ugo\u015b\u0107 po zamkni\u0119ciu: 9,2 cm<br \/>\nD\u0142ugo\u015b\u0107 ca\u0142kowita: 15 cm<br \/>\nMateria\u0142 ostrza: Stal narz\u0119dziowa D2<br \/>\nGrubo\u015b\u0107 ostrza: 0,15&#8243;<br \/>\nTwardo\u015b\u0107 ostrza: 58-60 HRC<br \/>\nStyl ostrza: tasak<br \/>\nObr\u00f3bka powierzchni ostrza: Stonewash<br \/>\nMateria\u0142 r\u0119koje\u015bci: ziele\u0144 OD G10 i stal nierdzewna<br \/>\nMechanizm blokuj\u0105cy: Rama<br \/>\nWaga: 3,9 uncji<\/p>\n","protected":false},"excerpt":{"rendered":"<p>Nie daj si\u0119 zwie\u015b\u0107 mniejszemu rozmiarowi. To solidny n\u00f3\u017c, kt\u00f3ry bez problemu wyjmiesz z kieszeni, aby stawi\u0107 czo\u0142a wszystkim wyzwaniom dnia.<\/p>\n","protected":false},"featured_media":339204,"comment_status":"open","ping_status":"closed","template":"","meta":[],"pwb-brand":[3606],"product_brand":[],"product_cat":[3296,3307],"product_tag":[3671],"class_list":{"0":"post-339243","1":"product","2":"type-product","3":"status-publish","4":"has-post-thumbnail","6":"pwb-brand-sog-pl","7":"product_cat-noze-pl","8":"product_cat-zamykanie-nozy","9":"product_tag-b2b-pl","11":"first","12":"instock","13":"taxable","14":"shipping-taxable","15":"purchasable","16":"product-type-simple"},"brands":[{"id":3606,"name":"SOG","slug":"sog-pl"}],"_links":{"self":[{"href":"https:\/\/www.moskito.cz\/pl\/wp-json\/wp\/v2\/product\/339243","targetHints":{"allow":["GET"]}}],"collection":[{"href":"https:\/\/www.moskito.cz\/pl\/wp-json\/wp\/v2\/product"}],"about":[{"href":"https:\/\/www.moskito.cz\/pl\/wp-json\/wp\/v2\/types\/product"}],"replies":[{"embeddable":true,"href":"https:\/\/www.moskito.cz\/pl\/wp-json\/wp\/v2\/comments?post=339243"}],"wp:featuredmedia":[{"embeddable":true,"href":"https:\/\/www.moskito.cz\/pl\/wp-json\/wp\/v2\/media\/339204"}],"wp:attachment":[{"href":"https:\/\/www.moskito.cz\/pl\/wp-json\/wp\/v2\/media?parent=339243"}],"wp:term":[{"taxonomy":"pwb-brand","embeddable":true,"href":"https:\/\/www.moskito.cz\/pl\/wp-json\/wp\/v2\/pwb-brand?post=339243"},{"taxonomy":"product_brand","embeddable":true,"href":"https:\/\/www.moskito.cz\/pl\/wp-json\/wp\/v2\/product_brand?post=339243"},{"taxonomy":"product_cat","embeddable":true,"href":"https:\/\/www.moskito.cz\/pl\/wp-json\/wp\/v2\/product_cat?post=339243"},{"taxonomy":"product_tag","embeddable":true,"href":"https:\/\/www.moskito.cz\/pl\/wp-json\/wp\/v2\/product_tag?post=339243"}],"curies":[{"name":"wp","href":"https:\/\/api.w.org\/{rel}","templated":true}]}}