{"id":339565,"date":"2024-05-04T08:38:58","date_gmt":"2024-05-04T07:40:22","guid":{"rendered":"https:\/\/www.moskito.cz\/produkt\/noz-zamykany-spartan-blades-astor-stonewashed-sfbl8gr\/"},"modified":"2025-05-07T11:14:42","modified_gmt":"2025-05-07T10:14:42","slug":"noz-zamykany-spartan-blades-astor-stonewashed-sfbl8gr","status":"publish","type":"product","link":"https:\/\/www.moskito.cz\/pl\/produkt\/noz-zamykany-spartan-blades-astor-stonewashed-sfbl8gr\/","title":{"rendered":"N\u00f3\u017c zamykany Spartan Blades ASTOR Stonewashed SFBL8GR"},"content":{"rendered":"<p>N\u00f3\u017c zamykany <strong>Spartan Blades<\/strong> ASTOR Stonewashed SFBL8GR.<\/p>\n<p>Przedstawiamy <strong>firm\u0119 ASTOR<\/strong> , prze\u0142omow\u0105 wsp\u00f3\u0142prac\u0119 pomi\u0119dzy Spartan Blades i p\u0142odnym producentem no\u017cy Lesem Georgem. Ten sk\u0142adany n\u00f3\u017c zosta\u0142 zaprojektowany jako solidny \u201eko\u0144 roboczy\u201d, starannie wykonany, aby z \u0142atwo\u015bci\u0105 poradzi\u0107 sobie z trudnymi zadaniami. <strong>ASTOR<\/strong> ma skal\u0119 G-10, mocn\u0105 blokad\u0119 liner lock i wysokoszlifowane ostrze ze stali premium CTS-XHP, co czyni go idealnym towarzyszem do zada\u0144 wymagaj\u0105cych dodatkowej wytrzyma\u0142o\u015bci.<\/p>\n<p>Kluczowe w\u0142a\u015bciwo\u015bci:<\/p>\n<p>R\u0119koje\u015b\u0107 G-10: R\u0119koje\u015b\u0107 G-10 <strong>firmy ASTOR<\/strong> zapewnia solidny i pewny chwyt oraz zapewnia optymaln\u0105 kontrol\u0119 w r\u00f3\u017cnorodnych warunkach.<br \/>\nGruby Liner-Lock: N\u00f3\u017c posiada mocny mechanizm Liner-Lock, kt\u00f3ry zwi\u0119ksza jego wytrzyma\u0142o\u015b\u0107 i og\u00f3ln\u0105 trwa\u0142o\u015b\u0107.<br \/>\nStal ostrzy CTS-XHP: Najwy\u017cszej jako\u015bci stal ostrzy CTS-XHP gwarantuje doskona\u0142e trzymanie kraw\u0119dzi i odporno\u015b\u0107 na korozj\u0119, zwi\u0119kszaj\u0105c wydajno\u015b\u0107 no\u017ca i spe\u0142niaj\u0105c wysokie standardy.<br \/>\nG\u0142\u0119boki klips kieszonkowy: G\u0142\u0119boki klips kieszonkowy jest wszechstronny i mo\u017cna go skonfigurowa\u0107 do noszenia w lewej r\u0119ce, prze\u0142\u0105czaj\u0105c go na lew\u0105 stron\u0119. Podw\u00f3jne ko\u0142ki pod kciuk u\u0142atwiaj\u0105 otwieranie z obu stron.<br \/>\nSystem tulei z br\u0105zu infuzowanego olejem (OIBBS): P\u0142ytki z br\u0105zu klasy terenowej wyposa\u017cone s\u0105 w innowacyjny OIBBS, poprawiaj\u0105cy mechanizm otwierania ostrza, zapewniaj\u0105c szczeln\u0105, ale p\u0142ynn\u0105 prac\u0119. System ten jest szczeg\u00f3lnie korzystny przy zamykaniu no\u017cy, zapewniaj\u0105c niezawodno\u015b\u0107 przy niskich pr\u0119dko\u015bciach, sporadycznym u\u017cytkowaniu i nier\u00f3wnym obci\u0105\u017ceniu.<br \/>\nNagrody i uznanie:<\/p>\n<p>Zwyci\u0119zca Blade Show 2021: <strong>ASTOR<\/strong> zdoby\u0142 presti\u017cowy tytu\u0142 \u201eImportowanego No\u017ca Roku\u201d na Blade Show 2021, co jest dowodem jego wyj\u0105tkowego designu i wydajno\u015bci.<br \/>\nDane techniczne:<\/p>\n<p>Projektanci: Les George<br \/>\nD\u0142ugo\u015b\u0107 zamkni\u0119tego no\u017ca: 12 cm<br \/>\nD\u0142ugo\u015b\u0107 ostrza: 9,5 cm<br \/>\nGrubo\u015b\u0107 ostrza: 3 mm<br \/>\nStal ostrza: Premium CTS-XHP<br \/>\nTwardo\u015b\u0107 ostrza: 58-60 HRC (skala twardo\u015bci Rockwella)<br \/>\nStyl ostrza: Sk\u0142adane &#8211; Punkt opadania &#8211; P\u0142aska powierzchnia<br \/>\nWyko\u0144czenie ostrza: Toczone<br \/>\nRama: Liner Lock, G-10<br \/>\nWaga: 0,320 funta (oko\u0142o 5,12 uncji)<br \/>\n<strong>ASTOR<\/strong> to nie tylko n\u00f3\u017c; jest symbolem kunsztu i niezawodno\u015bci. Dzi\u0119ki zwyci\u0119skiej kombinacji najwy\u017cszej jako\u015bci materia\u0142\u00f3w, innowacyjnych funkcji i przyst\u0119pno\u015bci cenowej, ten sk\u0142adany n\u00f3\u017c jest gotowy stawi\u0107 czo\u0142a ka\u017cdemu wyzwaniu, jakie stanie na jego drodze. Podnie\u015b poziom swojego codziennego noszenia dzi\u0119ki <strong>ASTOR<\/strong> , prawdziwemu liderowi w \u015bwiecie no\u017cy polowych.<\/p>\n<p>&nbsp;<\/p>\n","protected":false},"excerpt":{"rendered":"<p><strong>Zwyci\u0119zca Blade Show 2021: ASTOR zdoby\u0142 presti\u017cowy tytu\u0142 \u201eImportowanego No\u017ca Roku\u201d na Blade Show 2021, co jest dowodem wyj\u0105tkowego designu i wydajno\u015bci.<\/strong><\/p>\n","protected":false},"featured_media":339533,"comment_status":"open","ping_status":"closed","template":"","meta":[],"pwb-brand":[3836],"product_brand":[],"product_cat":[3296,3307],"product_tag":[3671],"class_list":{"0":"post-339565","1":"product","2":"type-product","3":"status-publish","4":"has-post-thumbnail","6":"pwb-brand-spartanskie-ostrza","7":"product_cat-noze-pl","8":"product_cat-zamykanie-nozy","9":"product_tag-b2b-pl","11":"first","12":"instock","13":"taxable","14":"shipping-taxable","15":"purchasable","16":"product-type-simple"},"brands":[{"id":3836,"name":"Sparta\u0144skie Ostrza","slug":"spartanskie-ostrza"}],"_links":{"self":[{"href":"https:\/\/www.moskito.cz\/pl\/wp-json\/wp\/v2\/product\/339565","targetHints":{"allow":["GET"]}}],"collection":[{"href":"https:\/\/www.moskito.cz\/pl\/wp-json\/wp\/v2\/product"}],"about":[{"href":"https:\/\/www.moskito.cz\/pl\/wp-json\/wp\/v2\/types\/product"}],"replies":[{"embeddable":true,"href":"https:\/\/www.moskito.cz\/pl\/wp-json\/wp\/v2\/comments?post=339565"}],"wp:featuredmedia":[{"embeddable":true,"href":"https:\/\/www.moskito.cz\/pl\/wp-json\/wp\/v2\/media\/339533"}],"wp:attachment":[{"href":"https:\/\/www.moskito.cz\/pl\/wp-json\/wp\/v2\/media?parent=339565"}],"wp:term":[{"taxonomy":"pwb-brand","embeddable":true,"href":"https:\/\/www.moskito.cz\/pl\/wp-json\/wp\/v2\/pwb-brand?post=339565"},{"taxonomy":"product_brand","embeddable":true,"href":"https:\/\/www.moskito.cz\/pl\/wp-json\/wp\/v2\/product_brand?post=339565"},{"taxonomy":"product_cat","embeddable":true,"href":"https:\/\/www.moskito.cz\/pl\/wp-json\/wp\/v2\/product_cat?post=339565"},{"taxonomy":"product_tag","embeddable":true,"href":"https:\/\/www.moskito.cz\/pl\/wp-json\/wp\/v2\/product_tag?post=339565"}],"curies":[{"name":"wp","href":"https:\/\/api.w.org\/{rel}","templated":true}]}}