{"id":339581,"date":"2021-09-29T20:13:41","date_gmt":"2024-05-06T07:12:30","guid":{"rendered":"https:\/\/www.moskito.cz\/produkt\/noz-zamykajacy-sog-escape-clip-point-satyna-zabkowany\/"},"modified":"2025-05-07T11:14:42","modified_gmt":"2025-05-07T10:14:42","slug":"noz-zamykajacy-sog-escape-clip-point-satyna-zabkowany","status":"publish","type":"product","link":"https:\/\/www.moskito.cz\/pl\/produkt\/noz-zamykajacy-sog-escape-clip-point-satyna-zabkowany\/","title":{"rendered":"N\u00f3\u017c zamykaj\u0105cy SOG ESCAPE CLIP POINT SATYNA Z\u0104BKOWANY"},"content":{"rendered":"<p>Nasza historia zaczyna si\u0119 w Wietnamie, gdzie cz\u0142onkowie \u015bci\u015ble tajnych ameryka\u0144skich si\u0142 specjalnych \u2013 znanych jako MACV \u2013 <strong>SOG<\/strong> \u2013 podczas tajnych misji zabierali do d\u017cungli wyj\u0105tkowy tajny n\u00f3\u017c. Kilka lat p\u00f3\u017aniej, w 1986 roku, n\u00f3\u017c ten zainspirowa\u0142 m\u0142odego projektanta Spencera Frazera do za\u0142o\u017cenia no\u017cy specjalnych <strong>SOG<\/strong> . Jego misja: odtworzenie oryginalnego no\u017ca <strong>SOG<\/strong> Bowie i z\u0142o\u017cenie ho\u0142du jednostce operacji specjalnych, kt\u00f3ra go stworzy\u0142a. To, co zacz\u0119\u0142o si\u0119 jako pojedynczy model pami\u0105tkowy, szybko przekszta\u0142ci\u0142o si\u0119 w ca\u0142\u0105 lini\u0119 innowacyjnych narz\u0119dzi \u2013 sprawdzonych przez ameryka\u0144skie si\u0142y specjalne, a nawet nagrodzonych jako ulubiony n\u00f3\u017c Navy SEAL. Dzi\u015b no\u017ce SOG \u015bmia\u0142o mo\u017cna nosi\u0107 w najbardziej wymagaj\u0105cych sytuacjach. Wykute z tradycji, zatwardzia\u0142e w polu, z\u0142o\u017cone dla Ciebie.<\/p>\n<p>Niezale\u017cnie od tego, czy chronisz innych, prowadzisz epick\u0105 wypraw\u0119 my\u015bliwsk\u0105, stawiasz czo\u0142a codziennym wyzwaniom \u017cycia, czy te\u017c stawiasz czo\u0142a najbardziej ekstremalnym warunkom, jakie kiedykolwiek stworzy\u0142e\u015b, pokonaj <strong>SOG<\/strong> .<\/p>\n<p>N\u00f3\u017c zamykaj\u0105cy <strong>SOG<\/strong> ESCAPE CLIP POINT SATYNA Z\u0104BKOWANY.<\/p>\n<p>Escape ma idealny rozmiar do codziennego noszenia, ale nadal ma ogromne mo\u017cliwo\u015bci dzi\u0119ki pojedynczemu, otwieranemu r\u0119cznie ostrzu. W r\u0119koje\u015bci zintegrowany jest przecinak do sznurk\u00f3w (idealny do przecinania sznurk\u00f3w, sznurk\u00f3w, pas\u00f3w bezpiecze\u0144stwa itp.), element do t\u0142uczenia szk\u0142a w sytuacjach awaryjnych, nasz opatentowany \u015bci\u0105gacz izolacji i dodatkowe no\u017ce do przecinania sznurk\u00f3w (kt\u00f3re s\u0105 przechowywane pod p\u0142yt\u0105 uchwytu. Wszystko to w po\u0142\u0105czeniu z mocnym, cz\u0119\u015bciowo z\u0105bkowanym ostrzem w\u0142\u00f3czni i r\u0119koje\u015bci\u0105 z twardego anodyzowanego aluminium oznacza, \u017ce \u200b\u200bjestem gotowy na wszystko, co mo\u017ce mi si\u0119 przydarzy\u0107.<\/p>\n<p>D\u0141UGO\u015a\u0106 CA\u0141KOWITA: 20,5 cm<br \/>\nWAGA PRODUKTU: 4,80 uncji<br \/>\nD\u0141UGO\u015a\u0106 OSTRZA: 8,5 cm<br \/>\nGRUBO\u015a\u0106 OSTRZY<br \/>\nTYP PRODUKTU : N\u00f3\u017c sk\u0142adany<br \/>\nTYP KLAMRY PASKA: Sta\u0142a<br \/>\nTYP KRAW\u0118DZI: Cz\u0119\u015bciowo z\u0105bkowana<br \/>\nTYP OSTRZA STALOWEGO: 9Cr18MoV<br \/>\nTWARDO\u015a\u0106: RC 58-60<br \/>\nMATERIA\u0141 UCHWYTU: Anodowane aluminium 6061-T6<br \/>\nKOLOR UCHWYTU: Czarny<\/p>\n<p>Escape ma idealny rozmiar do codziennego noszenia, ale wci\u0105\u017c ma ogromne mo\u017cliwo\u015bci dzi\u0119ki ostrzu otwieranemu jedn\u0105 r\u0119k\u0105. W r\u0119koje\u015bci zintegrowany jest przecinak do linek (idealny do przecinania sznurk\u00f3w, sznurk\u00f3w, pas\u00f3w bezpiecze\u0144stwa itp.), element do t\u0142uczenia szk\u0142a w ekstremalnych sytuacjach, nasz zg\u0142oszony do opatentowania \u015bci\u0105gacz izolacji oraz dodatkowe ostrza do przecinania \u017cy\u0142ek (kt\u00f3re s\u0105 przechowywane pod p\u0142yt\u0105 r\u0119koje\u015bci ). Wszystko to w po\u0142\u0105czeniu z mocnym, cz\u0119\u015bciowo z\u0105bkowanym ostrzem typu Spear Point i r\u0119koje\u015bci\u0105 z twardego anodowanego aluminium, m\u00f3wi, \u017ce jestem gotowy na wszystko, co mnie spotka.<\/p>\n<p>CA\u0141KOWITA D\u0141UGO\u015a\u0106<br \/>\n8,20&#8243;<br \/>\nD\u0141UGO\u015a\u0106 ZAMKNI\u0118TA<br \/>\n4,8&#8243;<br \/>\nWAGA PRODUKTU<br \/>\n4,80 uncji<br \/>\nD\u0141UGO\u015a\u0106 OSTRZA<br \/>\n3,4&#8243;<br \/>\nGRUBO\u015a\u0106 OSTRZY<br \/>\n0,13&#8243;<br \/>\nUPC<br \/>\n7-29857-99694-5<br \/>\nDATA PRZEDSPRZEDA\u017bY<br \/>\nNA<br \/>\nJEST W PRZEDSPRZEDA\u017bY<br \/>\nNA<br \/>\nPRODUKT RODZINNY<br \/>\nUcieczka<br \/>\nRODZAJ PRODUKTU<br \/>\nN\u00f3\u017c sk\u0142adany<br \/>\nKRAJ POCHODZENIA<br \/>\nChiny<br \/>\nZAMYKAJ\u0104CY MECHANIZM<br \/>\nBlokada<br \/>\nTYP ZACISKA NA PASEK<br \/>\nNaprawi\u0142<br \/>\nOPAKOWANIE<br \/>\nUnibox &#8211; gotowy do wy\u015bwietlania<br \/>\nGRAWEROWALNE<br \/>\nTak<br \/>\nSKO\u0143CZY\u0106<br \/>\nKoralik piaskowany<br \/>\nTYP KRAW\u0118DZI<br \/>\nCz\u0119\u015bciowo z\u0105bkowany<br \/>\nTYP ostrzy ze stali<br \/>\n9Cr18MoV<br \/>\nKSZTA\u0141T OSTRZA<br \/>\nPunkt klipu<br \/>\nTWARDO\u015a\u0106<br \/>\nRc. 58-60<br \/>\nMATERIA\u0141 UCHWYTU<br \/>\nAnodowane aluminium 6061-T6<br \/>\nKOLOR UCHWYTU<br \/>\nCzarny<\/p>\n<p>&nbsp;<\/p>\n","protected":false},"excerpt":{"rendered":"<p>Niezale\u017cnie od tego, czy chronisz innych, prowadzisz epick\u0105 wypraw\u0119 my\u015bliwsk\u0105, stawiasz czo\u0142a codziennym wyzwaniom \u017cycia, czy te\u017c stawiasz czo\u0142a najbardziej ekstremalnym warunkom, jakie kiedykolwiek stworzy\u0142e\u015b, pokonaj <strong>SOG<\/strong> .<\/p>\n<p><strong>Na wszystkie no\u017ce SOG udzielamy do\u017cywotniej gwarancji!<\/strong><\/p>\n","protected":false},"featured_media":339582,"comment_status":"open","ping_status":"closed","template":"","meta":[],"pwb-brand":[3606],"product_brand":[],"product_cat":[3296,3307],"product_tag":[3671],"class_list":{"0":"post-339581","1":"product","2":"type-product","3":"status-publish","4":"has-post-thumbnail","6":"pwb-brand-sog-pl","7":"product_cat-noze-pl","8":"product_cat-zamykanie-nozy","9":"product_tag-b2b-pl","11":"first","12":"outofstock","13":"taxable","14":"shipping-taxable","15":"purchasable","16":"product-type-simple"},"brands":[{"id":3606,"name":"SOG","slug":"sog-pl"}],"_links":{"self":[{"href":"https:\/\/www.moskito.cz\/pl\/wp-json\/wp\/v2\/product\/339581","targetHints":{"allow":["GET"]}}],"collection":[{"href":"https:\/\/www.moskito.cz\/pl\/wp-json\/wp\/v2\/product"}],"about":[{"href":"https:\/\/www.moskito.cz\/pl\/wp-json\/wp\/v2\/types\/product"}],"replies":[{"embeddable":true,"href":"https:\/\/www.moskito.cz\/pl\/wp-json\/wp\/v2\/comments?post=339581"}],"wp:featuredmedia":[{"embeddable":true,"href":"https:\/\/www.moskito.cz\/pl\/wp-json\/wp\/v2\/media\/339582"}],"wp:attachment":[{"href":"https:\/\/www.moskito.cz\/pl\/wp-json\/wp\/v2\/media?parent=339581"}],"wp:term":[{"taxonomy":"pwb-brand","embeddable":true,"href":"https:\/\/www.moskito.cz\/pl\/wp-json\/wp\/v2\/pwb-brand?post=339581"},{"taxonomy":"product_brand","embeddable":true,"href":"https:\/\/www.moskito.cz\/pl\/wp-json\/wp\/v2\/product_brand?post=339581"},{"taxonomy":"product_cat","embeddable":true,"href":"https:\/\/www.moskito.cz\/pl\/wp-json\/wp\/v2\/product_cat?post=339581"},{"taxonomy":"product_tag","embeddable":true,"href":"https:\/\/www.moskito.cz\/pl\/wp-json\/wp\/v2\/product_tag?post=339581"}],"curies":[{"name":"wp","href":"https:\/\/api.w.org\/{rel}","templated":true}]}}