{"id":339618,"date":"2022-02-23T22:35:18","date_gmt":"2024-05-07T11:42:17","guid":{"rendered":"https:\/\/www.moskito.cz\/produkt\/noz-zamykany-giantmouse-ace-riv-mosiadz\/"},"modified":"2025-05-07T11:14:44","modified_gmt":"2025-05-07T10:14:44","slug":"noz-zamykany-giantmouse-ace-riv-mosiadz","status":"publish","type":"product","link":"https:\/\/www.moskito.cz\/pl\/produkt\/noz-zamykany-giantmouse-ace-riv-mosiadz\/","title":{"rendered":"N\u00f3\u017c zamykany GiantMouse ACE RIV &#8211; MOSI\u0104DZ"},"content":{"rendered":"<p>N\u00f3\u017c zamykany <strong>GiantMouse<\/strong> ACE RIV &#8211; MOSI\u0104DZ<\/p>\n<p>W\u0141A\u015aCIWE NO\u017bE.\u00ae<\/p>\n<p>Przedstawiamy Riv\u0119&#8230;<\/p>\n<p>Wiele os\u00f3b postrzega Riv jako minibiblio. Jednak nie tylko zmniejszyli\u015bmy Bibli\u0119, \u017ceby zrobi\u0107 Riv. Zacz\u0119li\u015bmy od nowa i ca\u0142kowicie przeprojektowali\u015bmy nowy n\u00f3\u017c z serii Biblio, ale z w\u0142asnym charakterem i wyrazem. W ten spos\u00f3b zaprojektowali\u015bmy Biblio na podstawie linii i koncepcji GM1. Oczywi\u015bcie \u0142atwiej by\u0142oby po prostu przeskalowa\u0107 model no\u017ca w g\u00f3r\u0119 lub w d\u00f3\u0142 do rozmiaru, kt\u00f3ry Twoim zdaniem b\u0119dzie si\u0119 dobrze sprzedawa\u0142, ale my tak nie pracujemy!<\/p>\n<p>Dlaczego n\u00f3\u017c kompaktowy?<\/p>\n<p>Nasi projektanci, Jens Anso i Jesper Voxnaes, dorastali w otoczeniu przyrody, pracuj\u0105c w lesie i wykonuj\u0105c prace domowe. Nauczono ich, aby podczas pracy lub pieszych w\u0119dr\u00f3wek nosi\u0107 ze sob\u0105 sta\u0142e ostrze i ma\u0142y pilnik. Sta\u0142e ostrze poradzi sobie z wi\u0119kszo\u015bci\u0105 zada\u0144 zwi\u0105zanych z ci\u0119ciem, ale folder nale\u017cy przechowywa\u0107 jako brzytw\u0119 do dok\u0142adniejszych prac i powinien stanowi\u0107 zabezpieczenie w przypadku zgubienia lub st\u0119pienia sta\u0142ego ostrza. Obecnie wi\u0119kszo\u015b\u0107 wysokiej jako\u015bci folder\u00f3w radzi sobie z wi\u0119kszo\u015bci\u0105 zada\u0144 \u015bredniej wielko\u015bci przy u\u017cyciu sta\u0142ej kasety, ale nadal \u015bwietnie jest mie\u0107 ostre kopie zapasowe. Dzi\u0119ki \u201eRiv\u201d otrzymujesz kompaktow\u0105 teczk\u0119, kt\u00f3ra poradzi sobie z wi\u0119kszo\u015bci\u0105 codziennych zada\u0144 zwi\u0105zanych z wycinaniem i zaskoczy Ci\u0119, gdy ju\u017c j\u0105 zdob\u0119dziesz. Narz\u0119dzie, a nie sztuczka!<\/p>\n<p>Co jest w imieniu?<\/p>\n<p>Nazywamy nasze no\u017ce na cze\u015b\u0107 wyj\u0105tkowych miejsc, kt\u00f3re wzbudzi\u0142y w nas sympati\u0119 na przestrzeni lat. Imiennik Biblio by\u0142 ulubionym wodopojem zespo\u0142u GiantMouse na Brooklynie, gdzie narodzi\u0142 si\u0119 pomys\u0142 na nasz\u0105 now\u0105 mark\u0119 no\u017cy. Nazwa Grand pochodzi od naszego ulubionego hotelu i baru w Norymberdze. Nazwa Clyde pochodzi od baru Clyde Commons w Portland, kt\u00f3ry by\u0142 cz\u0119\u015bci\u0105 hotelu ACE, od kt\u00f3rego pochodzi nazwa naszej linii no\u017cy ACE. C\u00f3\u017c, w 2020 roku GiantMouse przenios\u0142a swoj\u0105 siedzib\u0119 z obszaru Zatoki San Francisco do East Lansing w stanie Michigan. Uznali\u015bmy wi\u0119c za s\u0142uszne uczci\u0107 t\u0119 okazj\u0119, nadaj\u0105c naszemu najnowszemu modelowi imi\u0119 r\u00f3wnie znacz\u0105cego lokalnego przedsi\u0119biorstwa. Okazuje si\u0119, \u017ce \u201eThe Riv\u201d to historyczny lokalny bar nurkowy w East Lansing, kt\u00f3ry odwiedza\u0142 dyrektor generalny GiantMouse, Jim Wirth, podczas studi\u00f3w na Uniwersytecie Stanowym Michigan pod koniec lat 80. lot. Bar do dzi\u015b jest lokalnym punktem orientacyjnym, a gdy du\u0144ski kontyngent zespo\u0142u GiantMouse b\u0119dzie m\u00f3g\u0142 zn\u00f3w podr\u00f3\u017cowa\u0107, z pewno\u015bci\u0105 znajdziesz nas przesiaduj\u0105cych na rogu Albert i MAC Ave. Je\u015bli nas tam nie ma? &#8211; sprawd\u017a Pinball Pete&#8217;s obok.<\/p>\n<p>SPECYFIKACJE<\/p>\n<p>Materia\u0142y:<br \/>\nStal ostrza: Elmax. Satynowy wz\u00f3r.<br \/>\nR\u0119koje\u015b\u0107: Strona prezentacyjna z mosi\u0105dzu.<br \/>\nTylna przek\u0142adka: tytan.<br \/>\nKlips: drut.<br \/>\nMechanizm obrotowy: \u0141o\u017cyska kulkowe.<br \/>\nMechanizm blokuj\u0105cy: Blokada ramy tytanowej.<\/p>\n<p>Wymiary:<br \/>\nD\u0142ugo\u015b\u0107 ostrza: 2,44 cala (62 mm) \u2013 mierzona od czubka do przodu ramy<br \/>\nGrubo\u015b\u0107 ostrza: 0,118 cala (3 mm)<br \/>\nD\u0142ugo\u015b\u0107 r\u0119koje\u015bci: 3,375 cala (85,73 mm)<br \/>\nD\u0142ugo\u015b\u0107 ca\u0142kowita: 5,75 cala (146 mm)<br \/>\nWaga: 3,4 uncji (96,4 g)<\/p>\n<p><iframe title=\"The ACE Riv by GiantMouse Knives\" width=\"800\" height=\"450\" src=\"https:\/\/www.youtube.com\/embed\/zegLsN6zUMc?feature=oembed\" frameborder=\"0\" allow=\"accelerometer; autoplay; clipboard-write; encrypted-media; gyroscope; picture-in-picture; web-share\" referrerpolicy=\"strict-origin-when-cross-origin\" allowfullscreen><\/iframe><\/p>\n<p>&nbsp;<\/p>\n","protected":false},"excerpt":{"rendered":"<p>Pomys\u0142 na <strong>GiantMouse<\/strong> narodzi\u0142 si\u0119 pewnego wieczoru podczas American Knife Show 2015 przy drinku. Du\u0144scy projektanci\/no\u017ce Jens Ans\u00f8 i Jesper Voxnaes (Vox) zdecydowali wraz ze swoim ameryka\u0144skim przyjacielem przedsi\u0119biorc\u0105 Jimem Wirthem, \u017ce mog\u0105 zbudowa\u0107 lepsz\u0105 pu\u0142apk\u0119 na myszy. m\u00f3wi\u0107. Marka no\u017cy, kt\u00f3ra dostarcza niesamowite projekty no\u017cy, o najwy\u017cszej mo\u017cliwej jako\u015bci wykonania, za uczciw\u0105 cen\u0119, pozostaj\u0105c jednocze\u015bnie blisko spo\u0142eczno\u015bci swoich klient\u00f3w.<\/p>\n<p><strong>Bezp\u0142atny transport.<\/strong><\/p>\n","protected":false},"featured_media":339626,"comment_status":"open","ping_status":"closed","template":"","meta":[],"pwb-brand":[3802],"product_brand":[],"product_cat":[3296,3307],"product_tag":[],"class_list":{"0":"post-339618","1":"product","2":"type-product","3":"status-publish","4":"has-post-thumbnail","6":"pwb-brand-gigantyczna-mysz","7":"product_cat-noze-pl","8":"product_cat-zamykanie-nozy","10":"first","11":"outofstock","12":"taxable","13":"shipping-taxable","14":"purchasable","15":"product-type-simple"},"brands":[{"id":3802,"name":"Gigantyczna Mysz","slug":"gigantyczna-mysz"}],"_links":{"self":[{"href":"https:\/\/www.moskito.cz\/pl\/wp-json\/wp\/v2\/product\/339618","targetHints":{"allow":["GET"]}}],"collection":[{"href":"https:\/\/www.moskito.cz\/pl\/wp-json\/wp\/v2\/product"}],"about":[{"href":"https:\/\/www.moskito.cz\/pl\/wp-json\/wp\/v2\/types\/product"}],"replies":[{"embeddable":true,"href":"https:\/\/www.moskito.cz\/pl\/wp-json\/wp\/v2\/comments?post=339618"}],"wp:featuredmedia":[{"embeddable":true,"href":"https:\/\/www.moskito.cz\/pl\/wp-json\/wp\/v2\/media\/339626"}],"wp:attachment":[{"href":"https:\/\/www.moskito.cz\/pl\/wp-json\/wp\/v2\/media?parent=339618"}],"wp:term":[{"taxonomy":"pwb-brand","embeddable":true,"href":"https:\/\/www.moskito.cz\/pl\/wp-json\/wp\/v2\/pwb-brand?post=339618"},{"taxonomy":"product_brand","embeddable":true,"href":"https:\/\/www.moskito.cz\/pl\/wp-json\/wp\/v2\/product_brand?post=339618"},{"taxonomy":"product_cat","embeddable":true,"href":"https:\/\/www.moskito.cz\/pl\/wp-json\/wp\/v2\/product_cat?post=339618"},{"taxonomy":"product_tag","embeddable":true,"href":"https:\/\/www.moskito.cz\/pl\/wp-json\/wp\/v2\/product_tag?post=339618"}],"curies":[{"name":"wp","href":"https:\/\/api.w.org\/{rel}","templated":true}]}}