{"id":339764,"date":"2021-07-29T19:40:03","date_gmt":"2024-05-13T08:14:26","guid":{"rendered":"https:\/\/www.moskito.cz\/produkt\/noz-zamykajacy-crkt-m16-01z\/"},"modified":"2025-05-07T11:14:45","modified_gmt":"2025-05-07T10:14:45","slug":"noz-zamykajacy-crkt-m16-01z","status":"publish","type":"product","link":"https:\/\/www.moskito.cz\/pl\/produkt\/noz-zamykajacy-crkt-m16-01z\/","title":{"rendered":"N\u00f3\u017c zamykaj\u0105cy CRKT M16-01Z"},"content":{"rendered":"<p>N\u00f3\u017c zamykaj\u0105cy <strong>CRKT<\/strong> M16-01Z.<\/p>\n<p>Oto zestaw do noszenia na co dzie\u0144 M16\u00ae firmy Kit Carson (EDC) z nasz\u0105 konstrukcj\u0105 InterFrame z nylonu wype\u0142nionego szk\u0142em.<\/p>\n<p>U\u017cytkownicy no\u017cy powiedzieli nam: \u201eChcemy niedrogiego no\u017ca roboczego, kt\u00f3rego b\u0119dziemy mogli u\u017cywa\u0107 intensywnie bez poczucia winy i kt\u00f3ry nie z\u0142amie si\u0119, je\u015bli zostawimy go na placu budowy lub wrzucimy do rzeki\u201d. S\u0142yszeli\u015bmy ci\u0119. Dlatego zdecydowali\u015bmy, \u017ce Z EDC b\u0119dzie najlepsz\u0105 warto\u015bci\u0105 w \u015bwiecie no\u017cy roboczych i sportowych.<\/p>\n<p>Zaczyna si\u0119 od teksturowanych nylonowych \u0142usek wype\u0142nionych szk\u0142em i podw\u00f3jnej wk\u0142adki InterFrame ze stali nierdzewnej 2CR13. Po z\u0142o\u017ceniu z tylnymi przek\u0142adkami z nylonu szklanego i mocowaniami Torx\u00ae uzyskano zadziwiaj\u0105co sztywny.<\/p>\n<p>Nylon wype\u0142niony szk\u0142em zapewnia doskona\u0142\u0105 wytrzyma\u0142o\u015b\u0107 i odporno\u015b\u0107 na rozpuszczalniki. Podk\u0142adki smaruj\u0105ce na czopie ostrza i regulowana \u015bruba obrotowa zapewniaj\u0105 doskona\u0142e dzia\u0142anie ostrza. Ostrze wykonano z wysokow\u0119glowej stali nierdzewnej 8CR15MoV, kt\u00f3ra zapewnia idealne po\u0142\u0105czenie wytrzyma\u0142o\u015bci i trzymania kraw\u0119dzi no\u017ca roboczego, a tak\u017ce pozwala na \u0142atwe ostrzenie w terenie. Standardowe modele posiadaj\u0105 per\u0142owe wyko\u0144czenie.<\/p>\n<p>M16\u00ae-01Z wykorzystuje nasze popularne cienkie ostrze z ko\u0144c\u00f3wk\u0105 w\u0142\u00f3czni i ostr\u0105 kraw\u0119dzi\u0105. Idealnie nadaje si\u0119 do drobnego ci\u0119cia i rze\u017abienia. Nie zabrak\u0142o oczywi\u015bcie Carsona Flippera, kt\u00f3ry przyspiesza otwieranie ostrza oraz pe\u0142ni funkcj\u0119 os\u0142ony ostrza, gdy ostrze jest otwarte.<\/p>\n<p>N\u00f3\u017c ten wyposa\u017cony jest w automatyczne zabezpieczenie wk\u0142adu. Automatyczne zabezpieczenie wk\u0142adki to innowacja w zakresie bezpiecze\u0144stwa wk\u0142adki blokuj\u0105cej, kt\u00f3ra zosta\u0142a przeniesiona na wy\u017cszy poziom. Automatyczna blokada wk\u0142adki ustawia sworze\u0144 pomi\u0119dzy wk\u0142adk\u0105 zamka a o\u015bcie\u017cnic\u0105. Trzpie\u0144 ten pe\u0142ni rol\u0119 dodatkowej warstwy zabezpieczaj\u0105cej, zmniejszaj\u0105c prawdopodobie\u0144stwo poluzowania si\u0119 wk\u0142adki blokuj\u0105cej podczas u\u017cytkowania.<\/p>\n<p>Aby zamkn\u0105\u0107 n\u00f3\u017c nale\u017cy odci\u0105gn\u0105\u0107 d\u017awigni\u0119 zabezpieczaj\u0105c\u0105 z czerwonym przyciskiem, przesun\u0105\u0107 wk\u0142adk\u0119 blokuj\u0105c\u0105 i z\u0142o\u017cy\u0107 ostrze do pozycji zamkni\u0119tej. Chcesz mie\u0107 jeden z najbezpieczniejszych system\u00f3w bezpiecze\u0144stwa na rynku? Wyb\u00f3r jest automatyczny.<\/p>\n<p>SPECYFIKACJE<br \/>\nD\u0142ugo\u015b\u0107 ostrza 3,13 cala (79,38 mm)<br \/>\nKraw\u0119d\u017a ostrza prosta<br \/>\nOstrze ze stali 8Cr13MoV<br \/>\nUko\u0144czenie ostrza Bead Blast<br \/>\nGrubo\u015b\u0107 ostrza 0,03 cala (2,03 mm)<br \/>\nD\u0142ugo\u015b\u0107 ca\u0142kowita 7,13 cala (180,98 mm)<br \/>\nD\u0142ugo\u015b\u0107 zamkni\u0119ta 4,00 cala (101,60 mm)<br \/>\nWaga 2,30 uncji (65,20 g)<br \/>\nR\u0119koje\u015b\u0107 Nylon wzmocniony szk\u0142em<br \/>\nStylowy n\u00f3\u017c sk\u0142adany z blokad\u0105 wk\u0142adania<\/p>\n<p><strong>CRKT\u00ae<\/strong> (Columbia River Knife and Tool\u00ae) zosta\u0142a za\u0142o\u017cona w 1994 roku. Od pierwszego dnia na pierwszym miejscu stawia innowacyjno\u015b\u0107 i uczciwo\u015b\u0107. Jego zaanga\u017cowaniem jest tworzenie no\u017cy i narz\u0119dzi, kt\u00f3re inspiruj\u0105 i s\u0105 trwa\u0142e. Wsp\u00f3\u0142pracuje z najlepszymi projektantami na \u015bwiecie i kieruje si\u0119 prost\u0105 zasad\u0105: \u017ce najwspanialsz\u0105 rzecz\u0105, jak\u0105 mo\u017ce da\u0107 klientom, jest zaufanie do swoich r\u0105k.<\/p>\n<p><iframe title=\"M16-01Z Knife | by Kit Carson\" width=\"800\" height=\"450\" src=\"https:\/\/www.youtube.com\/embed\/yvsl0_4sS4Y?feature=oembed\" frameborder=\"0\" allow=\"accelerometer; autoplay; clipboard-write; encrypted-media; gyroscope; picture-in-picture; web-share\" referrerpolicy=\"strict-origin-when-cross-origin\" allowfullscreen><\/iframe><\/p>\n<p>&nbsp;<\/p>\n<p>&nbsp;<\/p>\n","protected":false},"excerpt":{"rendered":"<p>Zaprojektowany przez Kita Carsona w Vine Grove w stanie Kentucky.<\/p>\n","protected":false},"featured_media":339765,"comment_status":"open","ping_status":"closed","template":"","meta":[],"pwb-brand":[3458],"product_brand":[],"product_cat":[3307,3296],"product_tag":[3671],"class_list":{"0":"post-339764","1":"product","2":"type-product","3":"status-publish","4":"has-post-thumbnail","6":"pwb-brand-crkt-pl","7":"product_cat-zamykanie-nozy","8":"product_cat-noze-pl","9":"product_tag-b2b-pl","11":"first","12":"outofstock","13":"taxable","14":"shipping-taxable","15":"purchasable","16":"product-type-simple"},"brands":[{"id":3458,"name":"CRKT","slug":"crkt-pl"}],"_links":{"self":[{"href":"https:\/\/www.moskito.cz\/pl\/wp-json\/wp\/v2\/product\/339764","targetHints":{"allow":["GET"]}}],"collection":[{"href":"https:\/\/www.moskito.cz\/pl\/wp-json\/wp\/v2\/product"}],"about":[{"href":"https:\/\/www.moskito.cz\/pl\/wp-json\/wp\/v2\/types\/product"}],"replies":[{"embeddable":true,"href":"https:\/\/www.moskito.cz\/pl\/wp-json\/wp\/v2\/comments?post=339764"}],"wp:featuredmedia":[{"embeddable":true,"href":"https:\/\/www.moskito.cz\/pl\/wp-json\/wp\/v2\/media\/339765"}],"wp:attachment":[{"href":"https:\/\/www.moskito.cz\/pl\/wp-json\/wp\/v2\/media?parent=339764"}],"wp:term":[{"taxonomy":"pwb-brand","embeddable":true,"href":"https:\/\/www.moskito.cz\/pl\/wp-json\/wp\/v2\/pwb-brand?post=339764"},{"taxonomy":"product_brand","embeddable":true,"href":"https:\/\/www.moskito.cz\/pl\/wp-json\/wp\/v2\/product_brand?post=339764"},{"taxonomy":"product_cat","embeddable":true,"href":"https:\/\/www.moskito.cz\/pl\/wp-json\/wp\/v2\/product_cat?post=339764"},{"taxonomy":"product_tag","embeddable":true,"href":"https:\/\/www.moskito.cz\/pl\/wp-json\/wp\/v2\/product_tag?post=339764"}],"curies":[{"name":"wp","href":"https:\/\/api.w.org\/{rel}","templated":true}]}}