{"id":339871,"date":"2022-11-05T11:57:19","date_gmt":"2024-05-14T13:08:59","guid":{"rendered":"https:\/\/www.moskito.cz\/produkt\/noz-skladany-cold-steel-spartan-serrated\/"},"modified":"2025-05-07T11:14:47","modified_gmt":"2025-05-07T10:14:47","slug":"noz-skladany-cold-steel-spartan-serrated","status":"publish","type":"product","link":"https:\/\/www.moskito.cz\/pl\/produkt\/noz-skladany-cold-steel-spartan-serrated\/","title":{"rendered":"N\u00f3\u017c sk\u0142adany Cold Steel SPARTAN SERRATED"},"content":{"rendered":"<p>N\u00f3\u017c sk\u0142adany <strong>Cold Steel<\/strong> SPARTAN SERRATED.<\/p>\n<p>Super ostre ostrze Spartana wykonane zosta\u0142o z bardzo wytrzyma\u0142ej japo\u0144skiej stali AUS 10A. Ta martenzytyczna stal nierdzewna posiada bardzo dobre w\u0142a\u015bciwo\u015bci wytrzyma\u0142o\u015bciowe i stosowana jest g\u0142\u00f3wnie jako materia\u0142 na narz\u0119dzia skrawaj\u0105ce. W por\u00f3wnaniu do AUS 8A lepiej trzyma ostrze i jest bardziej odporny na \u015bcieranie. Stal zosta\u0142a nast\u0119pnie poddana obr\u00f3bce cieplnej w celu uzyskania idealnej r\u00f3wnowagi pomi\u0119dzy zachowaniem kraw\u0119dzi a \u0142atwo\u015bci\u0105 ponownego ostrzenia. Charakterystyczna r\u0119koje\u015b\u0107 inspirowana stylem Kopis jest precyzyjnie wydrukowana w Griv-Ex ze wstawkami ze stali poddanej obr\u00f3bce cieplnej. Zabezpieczenie Tri-Ad Lock przed niechcianym zamkni\u0119ciem no\u017ca to obecnie jedno z najsilniejszych, produkowanych masowo zabezpiecze\u0144 na \u015bwiecie.<\/p>\n<p>PARAMETRY PRODUKTU<br \/>\nStal: japo\u0144ski stop AUS 10A<br \/>\nD\u0142ugo\u015b\u0107 ostrza: 114 mm<br \/>\nWaga: 255 g<br \/>\nMateria\u0142 r\u0119koje\u015bci: d\u0142ugi Griv-Ex\u2122 ze stalowymi okuciami<br \/>\nGrubo\u015b\u0107 ostrza: 4 mm<br \/>\nRozmiar ca\u0142kowity: 266 mm<br \/>\nD\u0142ugo\u015b\u0107 r\u0105czki: 152 mm<br \/>\nKolor: szary\/srebrny<\/p>\n","protected":false},"excerpt":{"rendered":"<p><strong>SPARTAN, n\u00f3\u017c sk\u0142adany z z\u0105bkowanym ostrzem. Fenomen w\u015br\u00f3d no\u017cy, kt\u00f3ry sprawi absolutnie monumentalne wra\u017cenie w Twojej d\u0142oni.<\/strong><\/p>\n","protected":false},"featured_media":339872,"comment_status":"open","ping_status":"closed","template":"","meta":[],"pwb-brand":[3596],"product_brand":[],"product_cat":[3296,3307],"product_tag":[3671],"class_list":{"0":"post-339871","1":"product","2":"type-product","3":"status-publish","4":"has-post-thumbnail","6":"pwb-brand-zimna-stal","7":"product_cat-noze-pl","8":"product_cat-zamykanie-nozy","9":"product_tag-b2b-pl","11":"first","12":"outofstock","13":"taxable","14":"shipping-taxable","15":"purchasable","16":"product-type-simple"},"brands":[{"id":3596,"name":"Zimna stal","slug":"zimna-stal"}],"_links":{"self":[{"href":"https:\/\/www.moskito.cz\/pl\/wp-json\/wp\/v2\/product\/339871","targetHints":{"allow":["GET"]}}],"collection":[{"href":"https:\/\/www.moskito.cz\/pl\/wp-json\/wp\/v2\/product"}],"about":[{"href":"https:\/\/www.moskito.cz\/pl\/wp-json\/wp\/v2\/types\/product"}],"replies":[{"embeddable":true,"href":"https:\/\/www.moskito.cz\/pl\/wp-json\/wp\/v2\/comments?post=339871"}],"wp:featuredmedia":[{"embeddable":true,"href":"https:\/\/www.moskito.cz\/pl\/wp-json\/wp\/v2\/media\/339872"}],"wp:attachment":[{"href":"https:\/\/www.moskito.cz\/pl\/wp-json\/wp\/v2\/media?parent=339871"}],"wp:term":[{"taxonomy":"pwb-brand","embeddable":true,"href":"https:\/\/www.moskito.cz\/pl\/wp-json\/wp\/v2\/pwb-brand?post=339871"},{"taxonomy":"product_brand","embeddable":true,"href":"https:\/\/www.moskito.cz\/pl\/wp-json\/wp\/v2\/product_brand?post=339871"},{"taxonomy":"product_cat","embeddable":true,"href":"https:\/\/www.moskito.cz\/pl\/wp-json\/wp\/v2\/product_cat?post=339871"},{"taxonomy":"product_tag","embeddable":true,"href":"https:\/\/www.moskito.cz\/pl\/wp-json\/wp\/v2\/product_tag?post=339871"}],"curies":[{"name":"wp","href":"https:\/\/api.w.org\/{rel}","templated":true}]}}