{"id":340133,"date":"2022-04-05T15:32:42","date_gmt":"2024-05-15T12:44:42","guid":{"rendered":"https:\/\/www.moskito.cz\/produkt\/naprawiono-noz-microtech-socom-alpha-stonewashed-113-11\/"},"modified":"2025-05-07T11:14:54","modified_gmt":"2025-05-07T10:14:54","slug":"naprawiono-noz-microtech-socom-alpha-stonewashed-113-11","status":"publish","type":"product","link":"https:\/\/www.moskito.cz\/pl\/produkt\/naprawiono-noz-microtech-socom-alpha-stonewashed-113-11\/","title":{"rendered":"Naprawiono n\u00f3\u017c Microtech Socom Alpha Stonewashed 113-11"},"content":{"rendered":"<p>Naprawiono n\u00f3\u017c <strong>Microtech<\/strong> Socom Alpha Stonewashed 113-11.<\/p>\n<p>Socom Alpha to elitarne ostrze sta\u0142e oparte na popularnej wyrzynarce Socom. R\u0119koje\u015b\u0107 jest mniej wi\u0119cej tej samej wielko\u015bci, ale solidne ostrze Socom Alpha ma nieco d\u0142u\u017csze ostrze, tworz\u0105c idealnie wywa\u017cony n\u00f3\u017c. Przeznaczona jest dla u\u017cytkownik\u00f3w taktycznych, kolekcjoner\u00f3w oraz ka\u017cdego, kto ceni sobie ostrze najwy\u017cszej jako\u015bci.<\/p>\n<p>Konstrukcja typu full tang posiada kraw\u0119dzie wok\u00f3\u0142 r\u0119koje\u015bci, co zapewnia najbezpieczniejsze mo\u017cliwe trzymanie tego taktycznego sta\u0142ego ostrza. Frezowane skale G10 maj\u0105 wyprofilowany kszta\u0142t zapewniaj\u0105cy maksymalnie ergonomiczny chwyt i tworz\u0105 idealn\u0105 harmoni\u0119 mi\u0119dzy u\u017cytkownikiem a narz\u0119dziem. Ostrze Clip Point jest szlifowane p\u0142asko z zaokr\u0105glonym grzbietem i szorstk\u0105 kamienn\u0105 powierzchni\u0105. Socom Alpha emanuje aur\u0105 najlepszego u\u017cytkownika, zar\u00f3wno jako taktyczne, jak i u\u017cytkowe ostrze sta\u0142e. Jest produkowany z zachowaniem idealnie w\u0105skich tolerancji, wi\u0119c wiesz, \u017ce poradzi sobie ze wszystkim, co na niego rzucisz. W zestawie pochwa Kydex pokryta w\u0142\u00f3knem w\u0119glowym z technologi\u0105 Blade-Tech TEK-LOK zapewniaj\u0105c\u0105 wiele opcji noszenia w zale\u017cno\u015bci od konkretnych preferencji.<\/p>\n<p>Dane techniczne:<\/p>\n<p>Stal: M390<\/p>\n<p>D\u0142ugo\u015b\u0107 ostrza: 14 cm<br \/>\nD\u0142ugo\u015b\u0107 ca\u0142kowita: 27 cm<br \/>\nGrubo\u015b\u0107 ostrza: 0,42 cm<\/p>\n<p>Styl ostrza: Clip Point<br \/>\nSzlif ostrza: p\u0142aski<br \/>\nObr\u00f3bka powierzchni ostrza: Stonewash<br \/>\nMateria\u0142 r\u0119koje\u015bci: czarny G10<br \/>\nGrubo\u015b\u0107 r\u0105czki: 1,8 cm<br \/>\nMateria\u0142 os\u0142ony: Kydex z wyko\u0144czeniem w\u0142\u00f3knem w\u0119glowym<br \/>\nWaga: 8,0 uncji<br \/>\nWaga z etui: 12,2 uncji.<br \/>\nProjektant: Tony Marfione<br \/>\nWykonane w USA<\/p>\n<p><iframe title=\"Microtech Combat Troodon Torture Test\" width=\"800\" height=\"450\" src=\"https:\/\/www.youtube.com\/embed\/xE9TeOFYEjg?feature=oembed\" frameborder=\"0\" allow=\"accelerometer; autoplay; clipboard-write; encrypted-media; gyroscope; picture-in-picture; web-share\" referrerpolicy=\"strict-origin-when-cross-origin\" allowfullscreen><\/iframe><\/p>\n<p>&nbsp;<\/p>\n","protected":false},"excerpt":{"rendered":"<p>Przez lata <strong>firma Microtech\u00ae Knives<\/strong> wype\u0142nia\u0142a no\u017ce pasj\u0105 i umiej\u0119tno\u015bciami, aby tworzy\u0107 niemal dzie\u0142a sztuki, kt\u00f3re s\u0105 szczytem funkcjonalno\u015bci.Wszystkie cz\u0119\u015bci s\u0105 produkowane w USA.<br \/>\n<strong>Wszystkie no\u017ce Microtech obj\u0119te s\u0105 do\u017cywotni\u0105 gwarancj\u0105.<\/strong><\/p>\n<p><strong>Bezp\u0142atny transport.<\/strong><\/p>\n","protected":false},"featured_media":340134,"comment_status":"open","ping_status":"closed","template":"","meta":[],"pwb-brand":[3279],"product_brand":[],"product_cat":[3297,3296],"product_tag":[3671],"class_list":{"0":"post-340133","1":"product","2":"type-product","3":"status-publish","4":"has-post-thumbnail","6":"pwb-brand-microtech-pl","7":"product_cat-solidne-noze","8":"product_cat-noze-pl","9":"product_tag-b2b-pl","11":"first","12":"instock","13":"sale","14":"taxable","15":"shipping-taxable","16":"purchasable","17":"product-type-simple"},"brands":[{"id":3279,"name":"Microtech","slug":"microtech-pl"}],"_links":{"self":[{"href":"https:\/\/www.moskito.cz\/pl\/wp-json\/wp\/v2\/product\/340133","targetHints":{"allow":["GET"]}}],"collection":[{"href":"https:\/\/www.moskito.cz\/pl\/wp-json\/wp\/v2\/product"}],"about":[{"href":"https:\/\/www.moskito.cz\/pl\/wp-json\/wp\/v2\/types\/product"}],"replies":[{"embeddable":true,"href":"https:\/\/www.moskito.cz\/pl\/wp-json\/wp\/v2\/comments?post=340133"}],"wp:featuredmedia":[{"embeddable":true,"href":"https:\/\/www.moskito.cz\/pl\/wp-json\/wp\/v2\/media\/340134"}],"wp:attachment":[{"href":"https:\/\/www.moskito.cz\/pl\/wp-json\/wp\/v2\/media?parent=340133"}],"wp:term":[{"taxonomy":"pwb-brand","embeddable":true,"href":"https:\/\/www.moskito.cz\/pl\/wp-json\/wp\/v2\/pwb-brand?post=340133"},{"taxonomy":"product_brand","embeddable":true,"href":"https:\/\/www.moskito.cz\/pl\/wp-json\/wp\/v2\/product_brand?post=340133"},{"taxonomy":"product_cat","embeddable":true,"href":"https:\/\/www.moskito.cz\/pl\/wp-json\/wp\/v2\/product_cat?post=340133"},{"taxonomy":"product_tag","embeddable":true,"href":"https:\/\/www.moskito.cz\/pl\/wp-json\/wp\/v2\/product_tag?post=340133"}],"curies":[{"name":"wp","href":"https:\/\/api.w.org\/{rel}","templated":true}]}}