{"id":340201,"date":"2024-05-15T13:52:44","date_gmt":"2024-05-15T12:55:43","guid":{"rendered":"https:\/\/www.moskito.cz\/produkt\/noz-staly-microtech-signature-series-socom-alpha-mini-114m-3dlccfs\/"},"modified":"2025-05-07T11:14:55","modified_gmt":"2025-05-07T10:14:55","slug":"noz-staly-microtech-signature-series-socom-alpha-mini-114m-3dlccfs","status":"publish","type":"product","link":"https:\/\/www.moskito.cz\/pl\/produkt\/noz-staly-microtech-signature-series-socom-alpha-mini-114m-3dlccfs\/","title":{"rendered":"N\u00f3\u017c sta\u0142y Microtech Signature Series Socom Alpha Mini 114M-3DLCCFS"},"content":{"rendered":"<p>N\u00f3\u017c sta\u0142y <strong>Microtech<\/strong> Signature Series Socom Alpha Mini 114M-3DLCCFS.<\/p>\n<p>Socom Alpha Mini to elitarne ostrze sta\u0142e oparte na popularnej wyrzynarce Socom. R\u0119koje\u015b\u0107 jest mniej wi\u0119cej tej samej wielko\u015bci, ale pe\u0142ne ostrze Socom Alpha ma nieco kr\u00f3tsze ostrze, tworz\u0105c idealnie wywa\u017cony n\u00f3\u017c. Przeznaczona jest dla u\u017cytkownik\u00f3w taktycznych, kolekcjoner\u00f3w oraz ka\u017cdego, kto ceni sobie ostrze najwy\u017cszej jako\u015bci.<\/p>\n<p>Konstrukcja typu full tang posiada kraw\u0119dzie wok\u00f3\u0142 r\u0119koje\u015bci, co zapewnia najbezpieczniejsze mo\u017cliwe trzymanie tego taktycznego sta\u0142ego ostrza. Frezowane wagi z w\u0142\u00f3kna w\u0119glowego maj\u0105 wyprofilowany kszta\u0142t zapewniaj\u0105cy maksymalnie ergonomiczny chwyt i tworz\u0105 idealn\u0105 harmoni\u0119 mi\u0119dzy u\u017cytkownikiem a instrumentem. Ostrze tanto jest p\u0142asko szlifowane z zaokr\u0105glonym grzbietem i szorstk\u0105 kamienn\u0105 powierzchni\u0105. Socom Alpha mini emanuje aur\u0105 najlepszego u\u017cytkownika zar\u00f3wno jako taktyczne, jak i u\u017cytkowe ostrze sta\u0142e. Jest produkowany z zachowaniem idealnie w\u0105skich tolerancji, wi\u0119c wiesz, \u017ce poradzi sobie ze wszystkim, co na niego rzucisz. W zestawie pochwa Kydex pokryta w\u0142\u00f3knem w\u0119glowym z technologi\u0105 Blade-Tech TEK-LOK zapewniaj\u0105c\u0105 wiele opcji noszenia w zale\u017cno\u015bci od konkretnych preferencji.<br \/>\nDane techniczne:<\/p>\n<p>D\u0142ugo\u015b\u0107 ostrza: 9,3 cm<br \/>\nD\u0142ugo\u015b\u0107 r\u0105czki: 11 cm<br \/>\nD\u0142ugo\u015b\u0107 ca\u0142kowita: 20,42 cm<br \/>\nStal: M 390<br \/>\nStyl ostrza: Tanto<br \/>\nSzlif ostrza: p\u0142aski<br \/>\nWyko\u0144czenie ostrza: czarne DLC<br \/>\nMateria\u0142 r\u0119koje\u015bci: w\u0142\u00f3kno w\u0119glowe<br \/>\nMateria\u0142 os\u0142ony: Kydex z wyko\u0144czeniem w\u0142\u00f3knem w\u0119glowym<br \/>\nWaga: 6,7 uncji<br \/>\nWaga z etui: 10,1 uncji.<br \/>\nProjektant: Tony Marfione<br \/>\nWykonane w USA<\/p>\n<p><iframe title=\"Microtech Combat Troodon Torture Test\" width=\"800\" height=\"450\" src=\"https:\/\/www.youtube.com\/embed\/xE9TeOFYEjg?feature=oembed\" frameborder=\"0\" allow=\"accelerometer; autoplay; clipboard-write; encrypted-media; gyroscope; picture-in-picture; web-share\" referrerpolicy=\"strict-origin-when-cross-origin\" allowfullscreen><\/iframe><\/p>\n<p>&nbsp;<\/p>\n","protected":false},"excerpt":{"rendered":"<div class=\"elementor-element elementor-element-bbb542b elementor-widget elementor-widget-woocommerce-product-short-description\" data-id=\"bbb542b\" data-element_type=\"widget\" data-widget_type=\"woocommerce-product-short-description.default\">\n<div class=\"elementor-widget-container\">\n<div class=\"woocommerce-product-details__short-description\">\n<p><strong>Przez lata Microtech\u00ae Knives wype\u0142nia\u0142 no\u017ce pasj\u0105 i umiej\u0119tno\u015bciami, aby tworzy\u0107 niemal dzie\u0142a sztuki, kt\u00f3re s\u0105 szczytem funkcjonalno\u015bci.Wszystkie cz\u0119\u015bci s\u0105 produkowane w USA.<\/strong><br \/>\n<strong>Wszystkie no\u017ce Microtech obj\u0119te s\u0105 do\u017cywotni\u0105 gwarancj\u0105.<\/strong><\/p>\n<p><strong>Bezp\u0142atny transport.<\/strong><\/p>\n<\/div>\n<\/div>\n<\/div>\n","protected":false},"featured_media":340163,"comment_status":"open","ping_status":"closed","template":"","meta":[],"pwb-brand":[3279],"product_brand":[],"product_cat":[3296,3297],"product_tag":[3671],"class_list":{"0":"post-340201","1":"product","2":"type-product","3":"status-publish","4":"has-post-thumbnail","6":"pwb-brand-microtech-pl","7":"product_cat-noze-pl","8":"product_cat-solidne-noze","9":"product_tag-b2b-pl","11":"first","12":"instock","13":"taxable","14":"shipping-taxable","15":"purchasable","16":"product-type-simple"},"brands":[{"id":3279,"name":"Microtech","slug":"microtech-pl"}],"_links":{"self":[{"href":"https:\/\/www.moskito.cz\/pl\/wp-json\/wp\/v2\/product\/340201","targetHints":{"allow":["GET"]}}],"collection":[{"href":"https:\/\/www.moskito.cz\/pl\/wp-json\/wp\/v2\/product"}],"about":[{"href":"https:\/\/www.moskito.cz\/pl\/wp-json\/wp\/v2\/types\/product"}],"replies":[{"embeddable":true,"href":"https:\/\/www.moskito.cz\/pl\/wp-json\/wp\/v2\/comments?post=340201"}],"wp:featuredmedia":[{"embeddable":true,"href":"https:\/\/www.moskito.cz\/pl\/wp-json\/wp\/v2\/media\/340163"}],"wp:attachment":[{"href":"https:\/\/www.moskito.cz\/pl\/wp-json\/wp\/v2\/media?parent=340201"}],"wp:term":[{"taxonomy":"pwb-brand","embeddable":true,"href":"https:\/\/www.moskito.cz\/pl\/wp-json\/wp\/v2\/pwb-brand?post=340201"},{"taxonomy":"product_brand","embeddable":true,"href":"https:\/\/www.moskito.cz\/pl\/wp-json\/wp\/v2\/product_brand?post=340201"},{"taxonomy":"product_cat","embeddable":true,"href":"https:\/\/www.moskito.cz\/pl\/wp-json\/wp\/v2\/product_cat?post=340201"},{"taxonomy":"product_tag","embeddable":true,"href":"https:\/\/www.moskito.cz\/pl\/wp-json\/wp\/v2\/product_tag?post=340201"}],"curies":[{"name":"wp","href":"https:\/\/api.w.org\/{rel}","templated":true}]}}