{"id":340314,"date":"2024-05-15T14:16:51","date_gmt":"2024-05-15T13:19:19","guid":{"rendered":"https:\/\/www.moskito.cz\/produkt\/noz-zamykany-microtech-socom-bravo-mini-260m-8cfti\/"},"modified":"2025-05-07T11:15:02","modified_gmt":"2025-05-07T10:15:02","slug":"noz-zamykany-microtech-socom-bravo-mini-260m-8cfti","status":"publish","type":"product","link":"https:\/\/www.moskito.cz\/pl\/produkt\/noz-zamykany-microtech-socom-bravo-mini-260m-8cfti\/","title":{"rendered":"N\u00f3\u017c zamykany Microtech Socom Bravo Mini 260M-8CFTI"},"content":{"rendered":"<p>N\u00f3\u017c zamykany <strong>Microtech<\/strong> Socom Bravo Mini 260M-8CFTI.<\/p>\n<p>No\u017ce firmy Microtech<\/p>\n<p>Zaprojektowany przez Microtech i wyprodukowany przez Rike Knife, Socom Bravo Mini to n\u00f3\u017c kolaboracyjny wzorowany na klasycznym Socom. Ten kompaktowy, sk\u0142adany n\u00f3\u017c r\u0119czny jest doskona\u0142ym no\u017cem taktycznym o du\u017cej wytrzyma\u0142o\u015bci. Posiada wzmocnion\u0105 r\u0119koje\u015b\u0107 z tytanu 6Al4V ze skalami z w\u0142\u00f3kna w\u0119glowego i jest oferowany zar\u00f3wno z ostrzem jednoostrzowym, jak i tanto. Otw\u00f3r na smycz i klips na kiesze\u0144 pozwalaj\u0105 na funkcjonalne noszenie, a ergonomia nadal nale\u017cy do najlepszych w bran\u017cy.<br \/>\nDane techniczne:<\/p>\n<p>D\u0142ugo\u015b\u0107 ostrza: <span id=\"cwos\" class=\"qv3Wpe\">8,75<\/span> cm<br \/>\nD\u0142ugo\u015b\u0107 po zamkni\u0119ciu: <span id=\"cwos\" class=\"qv3Wpe\">10,62<\/span> cm<br \/>\nD\u0142ugo\u015b\u0107 ca\u0142kowita: <span id=\"cwos\" class=\"qv3Wpe\">19,37<\/span> cm<br \/>\nMateria\u0142 ostrza: stal nierdzewna Bohler M390<br \/>\nStyl ostrza: Clip Point<br \/>\nSzlif ostrza: p\u0142aski<br \/>\nWyko\u0144czenie ostrza: Bead Blast<br \/>\nMateria\u0142 r\u0119koje\u015bci: wzmocniony tytan 6Al4V ze skal\u0105 z w\u0142\u00f3kna w\u0119glowego<br \/>\nGrubo\u015b\u0107 r\u0119koje\u015bci: 0,488&#8243;<br \/>\nMechanizm blokuj\u0105cy: Blokada ramy<br \/>\nZesp\u00f3\u0142 sworznia: \u0142o\u017cyska<br \/>\nKieszonkowy klips: Tytan (wysuwany, noszony po prawej stronie)<br \/>\nWaga: 3,32 uncji<br \/>\nProjektant: Tony Marfione<\/p>\n<p><iframe title=\"Microtech Combat Troodon Torture Test\" width=\"800\" height=\"450\" src=\"https:\/\/www.youtube.com\/embed\/xE9TeOFYEjg?feature=oembed\" frameborder=\"0\" allow=\"accelerometer; autoplay; clipboard-write; encrypted-media; gyroscope; picture-in-picture; web-share\" referrerpolicy=\"strict-origin-when-cross-origin\" allowfullscreen><\/iframe><\/p>\n<p>&nbsp;<\/p>\n","protected":false},"excerpt":{"rendered":"<div class=\"elementor-element elementor-element-bbb542b elementor-widget elementor-widget-woocommerce-product-short-description\" data-id=\"bbb542b\" data-element_type=\"widget\" data-widget_type=\"woocommerce-product-short-description.default\">\n<div class=\"elementor-widget-container\">\n<div class=\"woocommerce-product-details__short-description\">\n<div class=\"elementor-element elementor-element-bbb542b elementor-widget elementor-widget-woocommerce-product-short-description\" data-id=\"bbb542b\" data-element_type=\"widget\" data-widget_type=\"woocommerce-product-short-description.default\">\n<div class=\"elementor-widget-container\">\n<div class=\"woocommerce-product-details__short-description\">\n<div class=\"elementor-element elementor-element-bbb542b elementor-widget elementor-widget-woocommerce-product-short-description\" data-id=\"bbb542b\" data-element_type=\"widget\" data-widget_type=\"woocommerce-product-short-description.default\">\n<div class=\"elementor-widget-container\">\n<div class=\"woocommerce-product-details__short-description\">\n<p><strong>Przez lata Microtech\u00ae Knives wype\u0142nia\u0142 no\u017ce pasj\u0105 i umiej\u0119tno\u015bciami, aby tworzy\u0107 niemal dzie\u0142a sztuki, kt\u00f3re s\u0105 szczytem funkcjonalno\u015bci.Wszystkie cz\u0119\u015bci s\u0105 produkowane w USA.<\/strong><br \/>\n<strong>Wszystkie no\u017ce Microtech obj\u0119te s\u0105 do\u017cywotni\u0105 gwarancj\u0105.<\/strong><\/p>\n<p><strong>Bezp\u0142atny transport.<\/strong><\/p>\n<\/div>\n<\/div>\n<\/div>\n<\/div>\n<\/div>\n<\/div>\n<\/div>\n<\/div>\n<\/div>\n","protected":false},"featured_media":340266,"comment_status":"open","ping_status":"closed","template":"","meta":[],"pwb-brand":[3279],"product_brand":[],"product_cat":[3296,3307],"product_tag":[3671],"class_list":{"0":"post-340314","1":"product","2":"type-product","3":"status-publish","4":"has-post-thumbnail","6":"pwb-brand-microtech-pl","7":"product_cat-noze-pl","8":"product_cat-zamykanie-nozy","9":"product_tag-b2b-pl","11":"first","12":"outofstock","13":"taxable","14":"shipping-taxable","15":"purchasable","16":"product-type-simple"},"brands":[{"id":3279,"name":"Microtech","slug":"microtech-pl"}],"_links":{"self":[{"href":"https:\/\/www.moskito.cz\/pl\/wp-json\/wp\/v2\/product\/340314","targetHints":{"allow":["GET"]}}],"collection":[{"href":"https:\/\/www.moskito.cz\/pl\/wp-json\/wp\/v2\/product"}],"about":[{"href":"https:\/\/www.moskito.cz\/pl\/wp-json\/wp\/v2\/types\/product"}],"replies":[{"embeddable":true,"href":"https:\/\/www.moskito.cz\/pl\/wp-json\/wp\/v2\/comments?post=340314"}],"wp:featuredmedia":[{"embeddable":true,"href":"https:\/\/www.moskito.cz\/pl\/wp-json\/wp\/v2\/media\/340266"}],"wp:attachment":[{"href":"https:\/\/www.moskito.cz\/pl\/wp-json\/wp\/v2\/media?parent=340314"}],"wp:term":[{"taxonomy":"pwb-brand","embeddable":true,"href":"https:\/\/www.moskito.cz\/pl\/wp-json\/wp\/v2\/pwb-brand?post=340314"},{"taxonomy":"product_brand","embeddable":true,"href":"https:\/\/www.moskito.cz\/pl\/wp-json\/wp\/v2\/product_brand?post=340314"},{"taxonomy":"product_cat","embeddable":true,"href":"https:\/\/www.moskito.cz\/pl\/wp-json\/wp\/v2\/product_cat?post=340314"},{"taxonomy":"product_tag","embeddable":true,"href":"https:\/\/www.moskito.cz\/pl\/wp-json\/wp\/v2\/product_tag?post=340314"}],"curies":[{"name":"wp","href":"https:\/\/api.w.org\/{rel}","templated":true}]}}