{"id":340368,"date":"2023-06-27T21:26:39","date_gmt":"2023-06-27T20:26:39","guid":{"rendered":"https:\/\/www.moskito.cz\/produkt\/noz-skladany-spyderco-delica-4-flat-ground-c11fpbk\/"},"modified":"2025-05-07T11:15:03","modified_gmt":"2025-05-07T10:15:03","slug":"noz-skladany-spyderco-delica-4-flat-ground-c11fpbk","status":"publish","type":"product","link":"https:\/\/www.moskito.cz\/pl\/produkt\/noz-skladany-spyderco-delica-4-flat-ground-c11fpbk\/","title":{"rendered":"N\u00f3\u017c sk\u0142adany Spyderco Delica 4 Flat Ground C11FPBK"},"content":{"rendered":"<p>N\u00f3\u017c sk\u0142adany <strong>Spyderco<\/strong> Delica 4 Flat Ground C11FPBK<\/p>\n<p>Lekkie Delica4 s\u0105 dost\u0119pne w r\u00f3\u017cnych kolorach r\u0119koje\u015bci ze szlifowanymi ostrzami, w tym w tym czarnym wariancie. Chwyty FRN s\u0105 dwukierunkowe teksturowane\u00ae, co zapewnia przyczepno\u015b\u0107 dotykow\u0105, z podw\u00f3jnymi szkieletowymi wstawkami ze stali nierdzewnej i czterokierunkowym klipsem kieszeniowym. Ostrza VG-10 w pe\u0142ni szlifowane p\u0142asko maj\u0105 cienk\u0105, wyrafinowan\u0105 kraw\u0119d\u017a tn\u0105c\u0105, rowek grzbietowy i okr\u0105g\u0142y otw\u00f3r Spyderco 13 mm.<\/p>\n<p>Dane techniczne<br \/>\nD\u0142ugo\u015b\u0107 ca\u0142kowita: 18,1 cm<br \/>\nD\u0142ugo\u015b\u0107 po zamkni\u0119ciu: 10,8 cm<br \/>\nD\u0142ugo\u015b\u0107 ostrza: 7,3 cm<br \/>\nGrubo\u015b\u0107 ostrza: 0,25 cm<br \/>\nStal ostrza: VG-10<br \/>\nWaga: 2,5 uncji (71g)<br \/>\nMateria\u0142 r\u0119koje\u015bci: FRN<br \/>\nWyprodukowano w Seki-City w Japonii<\/p>\n","protected":false},"excerpt":{"rendered":"<p><strong>Lekkie Delica4 s\u0105 dost\u0119pne w r\u00f3\u017cnych kolorach r\u0119koje\u015bci ze szlifowanymi ostrzami, w tym w tym czarnym wariancie.<\/strong><\/p>\n","protected":false},"featured_media":340371,"comment_status":"open","ping_status":"closed","template":"","meta":[],"pwb-brand":[3432],"product_brand":[],"product_cat":[3307,3296],"product_tag":[3671],"class_list":{"0":"post-340368","1":"product","2":"type-product","3":"status-publish","4":"has-post-thumbnail","6":"pwb-brand-spyderco-pl","7":"product_cat-zamykanie-nozy","8":"product_cat-noze-pl","9":"product_tag-b2b-pl","11":"first","12":"instock","13":"taxable","14":"shipping-taxable","15":"purchasable","16":"product-type-simple"},"brands":[{"id":3432,"name":"Spyderco","slug":"spyderco-pl"}],"_links":{"self":[{"href":"https:\/\/www.moskito.cz\/pl\/wp-json\/wp\/v2\/product\/340368","targetHints":{"allow":["GET"]}}],"collection":[{"href":"https:\/\/www.moskito.cz\/pl\/wp-json\/wp\/v2\/product"}],"about":[{"href":"https:\/\/www.moskito.cz\/pl\/wp-json\/wp\/v2\/types\/product"}],"replies":[{"embeddable":true,"href":"https:\/\/www.moskito.cz\/pl\/wp-json\/wp\/v2\/comments?post=340368"}],"wp:featuredmedia":[{"embeddable":true,"href":"https:\/\/www.moskito.cz\/pl\/wp-json\/wp\/v2\/media\/340371"}],"wp:attachment":[{"href":"https:\/\/www.moskito.cz\/pl\/wp-json\/wp\/v2\/media?parent=340368"}],"wp:term":[{"taxonomy":"pwb-brand","embeddable":true,"href":"https:\/\/www.moskito.cz\/pl\/wp-json\/wp\/v2\/pwb-brand?post=340368"},{"taxonomy":"product_brand","embeddable":true,"href":"https:\/\/www.moskito.cz\/pl\/wp-json\/wp\/v2\/product_brand?post=340368"},{"taxonomy":"product_cat","embeddable":true,"href":"https:\/\/www.moskito.cz\/pl\/wp-json\/wp\/v2\/product_cat?post=340368"},{"taxonomy":"product_tag","embeddable":true,"href":"https:\/\/www.moskito.cz\/pl\/wp-json\/wp\/v2\/product_tag?post=340368"}],"curies":[{"name":"wp","href":"https:\/\/api.w.org\/{rel}","templated":true}]}}