{"id":340575,"date":"2021-05-11T20:01:54","date_gmt":"2024-05-17T11:09:19","guid":{"rendered":"https:\/\/www.moskito.cz\/?post_type=product&#038;p=340575"},"modified":"2025-05-07T11:15:08","modified_gmt":"2025-05-07T10:15:08","slug":"noz-rzucania-sportu-na-zimna-stal-pro","status":"publish","type":"product","link":"https:\/\/www.moskito.cz\/pl\/produkt\/noz-rzucania-sportu-na-zimna-stal-pro\/","title":{"rendered":"N\u00f3\u017c rzucania sportu na zimn\u0105 stal Pro"},"content":{"rendered":"<p>N\u00f3\u017c rzucaj\u0105cy sport <strong>z zimn\u0105 stal\u0105<\/strong> profesjonalist\u0105.<\/p>\n<p>Ca\u0142kowita d\u0142ugo\u015b\u0107 no\u017ca wynosi 33 cm. Stal w\u0119glowa 1055. Czarna powierzchnia. R\u0119koje\u015b\u0107: Czarna stal w\u0119glowa. Jednocz\u0119\u015bciowa konstrukcja z obosiecznym szpicem.<\/p>\n","protected":false},"excerpt":{"rendered":"<p>Rzucanie no\u017ca treningowego.<\/p>\n","protected":false},"featured_media":340576,"comment_status":"open","ping_status":"closed","template":"","meta":[],"pwb-brand":[3596],"product_brand":[],"product_cat":[3296,3543],"product_tag":[],"class_list":{"0":"post-340575","1":"product","2":"type-product","3":"status-publish","4":"has-post-thumbnail","6":"pwb-brand-zimna-stal","7":"product_cat-noze-pl","8":"product_cat-rzucac-nozami","10":"first","11":"outofstock","12":"taxable","13":"shipping-taxable","14":"purchasable","15":"product-type-simple"},"brands":[{"id":3596,"name":"Zimna stal","slug":"zimna-stal"}],"_links":{"self":[{"href":"https:\/\/www.moskito.cz\/pl\/wp-json\/wp\/v2\/product\/340575","targetHints":{"allow":["GET"]}}],"collection":[{"href":"https:\/\/www.moskito.cz\/pl\/wp-json\/wp\/v2\/product"}],"about":[{"href":"https:\/\/www.moskito.cz\/pl\/wp-json\/wp\/v2\/types\/product"}],"replies":[{"embeddable":true,"href":"https:\/\/www.moskito.cz\/pl\/wp-json\/wp\/v2\/comments?post=340575"}],"wp:featuredmedia":[{"embeddable":true,"href":"https:\/\/www.moskito.cz\/pl\/wp-json\/wp\/v2\/media\/340576"}],"wp:attachment":[{"href":"https:\/\/www.moskito.cz\/pl\/wp-json\/wp\/v2\/media?parent=340575"}],"wp:term":[{"taxonomy":"pwb-brand","embeddable":true,"href":"https:\/\/www.moskito.cz\/pl\/wp-json\/wp\/v2\/pwb-brand?post=340575"},{"taxonomy":"product_brand","embeddable":true,"href":"https:\/\/www.moskito.cz\/pl\/wp-json\/wp\/v2\/product_brand?post=340575"},{"taxonomy":"product_cat","embeddable":true,"href":"https:\/\/www.moskito.cz\/pl\/wp-json\/wp\/v2\/product_cat?post=340575"},{"taxonomy":"product_tag","embeddable":true,"href":"https:\/\/www.moskito.cz\/pl\/wp-json\/wp\/v2\/product_tag?post=340575"}],"curies":[{"name":"wp","href":"https:\/\/api.w.org\/{rel}","templated":true}]}}