{"id":340750,"date":"2024-05-17T14:56:13","date_gmt":"2024-05-17T13:56:13","guid":{"rendered":"https:\/\/www.moskito.cz\/produkt\/noz-skladany-cold-steel-mayhem-black-fl-60dplm\/"},"modified":"2025-05-07T11:15:14","modified_gmt":"2025-05-07T10:15:14","slug":"noz-skladany-cold-steel-mayhem-black-fl-60dplm","status":"publish","type":"product","link":"https:\/\/www.moskito.cz\/pl\/produkt\/noz-skladany-cold-steel-mayhem-black-fl-60dplm\/","title":{"rendered":"N\u00f3\u017c sk\u0142adany Cold Steel MAYHEM BLACK FL-60DPLM"},"content":{"rendered":"<p>N\u00f3\u017c zamykany <strong>Cold Steel<\/strong> MAYHEM BLACK FL-60DPLM.<\/p>\n<p>Przedstawiamy Mayhem firmy Cold Steel \u2013 najnowocze\u015bniejszy n\u00f3\u017c zaprojektowany, aby na nowo zdefiniowa\u0107 Twoje oczekiwania wobec wszechstronnego i pot\u0119\u017cnego narz\u0119dzia. Wykonana z precyzj\u0105 i perfekcj\u0105, Mayhem to idealne po\u0142\u0105czenie wydajno\u015bci ci\u0119cia, trwa\u0142o\u015bci i ergonomii.<\/p>\n<p>Sercem tej bestii jest imponuj\u0105ce 6-calowe zmodyfikowane ostrze tasaka wykonane z wysokiej jako\u015bci stali AUS10A. Znana ze swojej wyj\u0105tkowej trwa\u0142o\u015bci kraw\u0119dzi i odporno\u015bci na korozj\u0119, stal AUS10A sprawia, \u017ce \u200b\u200bMayhem jest gotowy na ka\u017cde zadanie ci\u0119cia, kt\u00f3re stanie na Twojej drodze. Ostrze to o grubo\u015bci 4 mm zapewnia niezr\u00f3wnan\u0105 wytrzyma\u0142o\u015b\u0107 i stabilno\u015b\u0107, dzi\u0119ki czemu idealnie nadaje si\u0119 do intensywnego u\u017cytkowania i wymagaj\u0105cych zastosowa\u0144.<\/p>\n<p>Wykonany z najwy\u017csz\u0105 dba\u0142o\u015bci\u0105 o szczeg\u00f3\u0142y, Mayhem posiada elegancki i solidny uchwyt G10. G10 to lekki, a jednocze\u015bnie niezwykle wytrzyma\u0142y materia\u0142, kt\u00f3ry zapewnia wyj\u0105tkow\u0105 przyczepno\u015b\u0107 i zapewnia pe\u0142n\u0105 kontrol\u0119 nad no\u017cem, nawet w mokrych lub \u015bliskich warunkach. Niezale\u017cnie od tego, czy kroisz, siekasz, siekasz czy wykonujesz delikatne manewry, uchwyt G10 zapewnia niezr\u00f3wnany komfort i pewno\u015b\u0107 trzymania d\u0142oni.<\/p>\n<p>Mayhem to nie tylko czysta moc; zosta\u0142 zaprojektowany z my\u015bl\u0105 o bezpiecze\u0144stwie i \u0142atwo\u015bci u\u017cytkowania. Dzi\u0119ki niezawodnemu i bezpiecznemu mechanizmowi blokuj\u0105cemu Atlas, mo\u017cesz pewnie za\u0142o\u017cy\u0107 i z\u0142o\u017cy\u0107 ostrze za pomoc\u0105 prostych, ale intuicyjnych element\u00f3w steruj\u0105cych. Blokada Atlas zapewnia, \u017ce \u200b\u200bostrze pozostaje stabilnie na miejscu podczas u\u017cytkowania, eliminuj\u0105c przypadkowe zamkni\u0119cie, kt\u00f3re mog\u0142oby zagrozi\u0107 Twojemu bezpiecze\u0144stwu.<\/p>\n<p>Wszechstronny, trwa\u0142y i zaprojektowany z my\u015bl\u0105 o wysokiej wydajno\u015bci, Mayhem firmy Cold Steel jest idealnym towarzyszem poszukiwaczy przyg\u00f3d, my\u015bliwych, wczasowicz\u00f3w, survivalowc\u00f3w i zwyk\u0142ych u\u017cytkownik\u00f3w. Niezale\u017cnie od tego, czy stawiasz czo\u0142a wyzwaniom na \u015bwie\u017cym powietrzu, czy te\u017c strzy\u017cesz codzienne fryzury, Mayhem z pewno\u015bci\u0105 przekroczy Twoje oczekiwania i stanie si\u0119 nieodzown\u0105 cz\u0119\u015bci\u0105 Twojej kolekcji sprz\u0119tu.<\/p>\n<p>Rozmiar ca\u0142kowity: 33,5 cm<br \/>\nKolor: czarny\/szary<br \/>\nGrubo\u015b\u0107 ostrza: 0,4 cm<br \/>\nD\u0142ugo\u015b\u0107 ostrza: 15,2 cm<br \/>\nWaga: 337,4 g<br \/>\nD\u0142ugo\u015b\u0107 r\u0105czki: 18,3 cm<br \/>\nStal: AUS 10A<br \/>\nMateria\u0142 r\u0119koje\u015bci: G10<br \/>\nRodzaj bezpiecznika: Atlas<\/p>\n<p><iframe title=\"COLD STEEL MAYHEM\" width=\"800\" height=\"450\" src=\"https:\/\/www.youtube.com\/embed\/I7WAMZ2KQdM?feature=oembed\" frameborder=\"0\" allow=\"accelerometer; autoplay; clipboard-write; encrypted-media; gyroscope; picture-in-picture; web-share\" referrerpolicy=\"strict-origin-when-cross-origin\" allowfullscreen><\/iframe><\/p>\n<p>&nbsp;<\/p>\n","protected":false},"excerpt":{"rendered":"<p><strong>Przedstawiamy Mayhem firmy Cold Steel \u2013 najnowocze\u015bniejszy n\u00f3\u017c zaprojektowany, aby na nowo zdefiniowa\u0107 Twoje oczekiwania wobec wszechstronnego i pot\u0119\u017cnego narz\u0119dzia. Wykonana z precyzj\u0105 i perfekcj\u0105, Mayhem to idealne po\u0142\u0105czenie wydajno\u015bci ci\u0119cia, trwa\u0142o\u015bci i ergonomii.<\/strong><\/p>\n<p><strong>Bezp\u0142atny transport.<\/strong><\/p>\n","protected":false},"featured_media":340680,"comment_status":"open","ping_status":"closed","template":"","meta":[],"pwb-brand":[3596],"product_brand":[],"product_cat":[3307,3296],"product_tag":[3671],"class_list":{"0":"post-340750","1":"product","2":"type-product","3":"status-publish","4":"has-post-thumbnail","6":"pwb-brand-zimna-stal","7":"product_cat-zamykanie-nozy","8":"product_cat-noze-pl","9":"product_tag-b2b-pl","11":"first","12":"instock","13":"taxable","14":"shipping-taxable","15":"purchasable","16":"product-type-simple"},"brands":[{"id":3596,"name":"Zimna stal","slug":"zimna-stal"}],"_links":{"self":[{"href":"https:\/\/www.moskito.cz\/pl\/wp-json\/wp\/v2\/product\/340750","targetHints":{"allow":["GET"]}}],"collection":[{"href":"https:\/\/www.moskito.cz\/pl\/wp-json\/wp\/v2\/product"}],"about":[{"href":"https:\/\/www.moskito.cz\/pl\/wp-json\/wp\/v2\/types\/product"}],"replies":[{"embeddable":true,"href":"https:\/\/www.moskito.cz\/pl\/wp-json\/wp\/v2\/comments?post=340750"}],"wp:featuredmedia":[{"embeddable":true,"href":"https:\/\/www.moskito.cz\/pl\/wp-json\/wp\/v2\/media\/340680"}],"wp:attachment":[{"href":"https:\/\/www.moskito.cz\/pl\/wp-json\/wp\/v2\/media?parent=340750"}],"wp:term":[{"taxonomy":"pwb-brand","embeddable":true,"href":"https:\/\/www.moskito.cz\/pl\/wp-json\/wp\/v2\/pwb-brand?post=340750"},{"taxonomy":"product_brand","embeddable":true,"href":"https:\/\/www.moskito.cz\/pl\/wp-json\/wp\/v2\/product_brand?post=340750"},{"taxonomy":"product_cat","embeddable":true,"href":"https:\/\/www.moskito.cz\/pl\/wp-json\/wp\/v2\/product_cat?post=340750"},{"taxonomy":"product_tag","embeddable":true,"href":"https:\/\/www.moskito.cz\/pl\/wp-json\/wp\/v2\/product_tag?post=340750"}],"curies":[{"name":"wp","href":"https:\/\/api.w.org\/{rel}","templated":true}]}}