{"id":340923,"date":"2024-05-18T00:08:00","date_gmt":"2024-05-17T23:08:00","guid":{"rendered":"https:\/\/www.moskito.cz\/produkt\/noz-skladany-cold-steel-ti-lite-6-lynn-thompson-signature\/"},"modified":"2025-05-07T11:15:22","modified_gmt":"2025-05-07T10:15:22","slug":"noz-skladany-cold-steel-ti-lite-6-lynn-thompson-signature","status":"publish","type":"product","link":"https:\/\/www.moskito.cz\/pl\/produkt\/noz-skladany-cold-steel-ti-lite-6-lynn-thompson-signature\/","title":{"rendered":"N\u00f3\u017c sk\u0142adany Cold Steel Ti-Lite 6&#8243; Lynn Thompson Signature"},"content":{"rendered":"<p>N\u00f3\u017c sk\u0142adany <strong>Cold Steel<\/strong> Ti-Lite 6&#8243; Lynn Thompson Signature.<\/p>\n<p>To marzenie powa\u017cnego kolekcjonera no\u017cy. Limitowany do 3000 sztuk na ca\u0142ym \u015bwiecie, ka\u017cdy n\u00f3\u017c ma wygrawerowany podpis Lynn i unikalny numer seryjny. Ka\u017cde pude\u0142ko jest podpisane przez Lynn!<\/p>\n<p>B\u0119d\u0105cy cz\u0119\u015bci\u0105 <strong>kolekcji Lynn Thompson Signature, stworzonej wy\u0142\u0105cznie przez Cold Steel, zupe\u0142nie nowy n\u00f3\u017c sk\u0142adany Lynn Thompson Signature Cold Steel Tri-Lite<\/strong> to prawdziwe arcydzie\u0142o \u2013 kute z my\u015bl\u0105 o niezr\u00f3wnanej precyzji i wyj\u0105tkowej wytrzyma\u0142o\u015bci. Stworzony we wsp\u00f3\u0142pracy z Lynn Thompson, znan\u0105 pionierk\u0105 no\u017cy, kt\u00f3rej wiedza i pasja do ostrzy widoczna jest w ka\u017cdym szczeg\u00f3le, Ti-Lite jest niezb\u0119dnym dodatkiem do ka\u017cdej kolekcji.<\/p>\n<p>Jego sercem jest wyj\u0105tkowe 6-calowe ostrze ze stali nierdzewnej S35VN, kt\u00f3re charakteryzuje si\u0119 wyj\u0105tkow\u0105 trwa\u0142o\u015bci\u0105 i zachowaniem kraw\u0119dzi, dzi\u0119ki czemu Twoje nowe, niezawodne narz\u0119dzie pozostanie ostre jak brzytwa nawet w przypadku najbardziej wymagaj\u0105cych zada\u0144 EDC. To solidne ostrze mocuje si\u0119 do solidnej 7-calowej r\u0119koje\u015bci G10, kt\u00f3ra zapewnia pewny, antypo\u015blizgowy chwyt w ka\u017cdych warunkach, a jednocze\u015bnie dopasowuje si\u0119 do d\u0142oni i zapobiega zm\u0119czeniu podczas d\u0142ugotrwa\u0142ej pracy. \u0141\u0105cznie oznacza to, \u017ce masz \u0142\u0105cznie 13 cali wszechstronnej mocy ci\u0119cia, kt\u00f3ra poradzi sobie ze wszystkim, od krojenia po przek\u0142uwanie i wszystko pomi\u0119dzy.<\/p>\n<p>Ponadto niezawodny zamek spr\u0119\u017cynowy u\u0142atwia otwieranie i zamykanie jedn\u0105 r\u0119k\u0105, a po zatrza\u015bni\u0119ciu blokuje si\u0119 bezpiecznie na miejscu, wi\u0119c nie musisz si\u0119 martwi\u0107 o przypadkowe zamkni\u0119cie. A poniewa\u017c wa\u017cy zaledwie 7,6 uncji, b\u0119dziesz m\u00f3g\u0142 wygodnie nosi\u0107 go na pasku, w kieszeni, w plecaku lub gdziekolwiek indziej, bez poczucia ograniczenia ze wzgl\u0119du na niepotrzebn\u0105 wag\u0119 lub obj\u0119to\u015b\u0107. Prosz\u0119 bardzo, Lynn Thompson Signature Cold Steel Tri-Lite. To znacznie wi\u0119cej ni\u017c kolejny n\u00f3\u017c sk\u0142adany, to precyzyjne narz\u0119dzie zosta\u0142o zbudowane tak, aby wytrzyma\u0107 intensywne u\u017cytkowanie w najtrudniejszych warunkach zewn\u0119trznych, co czyni go idealnym towarzyszem wszystkich nadchodz\u0105cych przyg\u00f3d.<\/p>\n<p>\u2022 Stworzony wy\u0142\u0105cznie dla Cold Steel we wsp\u00f3\u0142pracy z ekspertk\u0105 od no\u017cy Lynn Thompson<br \/>\n\u2022 Wytrzyma\u0142e, 6-calowe ostrze ze stali nierdzewnej S35VN zachowuje ostro\u015b\u0107 nawet przy wymagaj\u0105cych zadaniach<br \/>\n\u2022 R\u0119koje\u015b\u0107 G10 zapewnia antypo\u015blizgowy chwyt nawet gdy jest mokry<br \/>\n\u2022 Lekka, 13-calowa konstrukcja idealnie nadaje si\u0119 do noszenia na co dzie\u0144<br \/>\n\u2022 Wystarczaj\u0105co wszechstronne, aby poradzi\u0107 sobie ze wszystkim, od krojenia po przek\u0142uwanie i nie tylko<\/p>\n<p>Rodzaj bezpiecznika: linerlock<br \/>\nStal: CPM-S35VN<br \/>\nD\u0142ugo\u015b\u0107 ostrza: 15,2 cm<br \/>\nMateria\u0142 r\u0119koje\u015bci: G10<br \/>\nZielony kolor<br \/>\nD\u0142ugo\u015b\u0107 r\u0105czki: 177 mm<br \/>\nGrubo\u015b\u0107 ostrza: 0,4 cm<br \/>\nRozmiar ca\u0142kowity: 33 cm<br \/>\nWaga: 215 g<\/p>\n<p><iframe title=\"COLD STEEL&#039;S LYNN THOMPSON SIGNATURE SERIES TI LITE\" width=\"800\" height=\"450\" src=\"https:\/\/www.youtube.com\/embed\/TpPZQr5jN84?feature=oembed\" frameborder=\"0\" allow=\"accelerometer; autoplay; clipboard-write; encrypted-media; gyroscope; picture-in-picture; web-share\" referrerpolicy=\"strict-origin-when-cross-origin\" allowfullscreen><\/iframe><\/p>\n<p>&nbsp;<\/p>\n","protected":false},"excerpt":{"rendered":"<p><strong>To marzenie powa\u017cnego kolekcjonera no\u017cy. Limitowany do 3000 sztuk na ca\u0142ym \u015bwiecie, ka\u017cdy n\u00f3\u017c ma wygrawerowany podpis Lynn i unikalny numer seryjny.<\/strong><\/p>\n<p><strong>Bezp\u0142atny transport.<\/strong><\/p>\n","protected":false},"featured_media":340845,"comment_status":"open","ping_status":"closed","template":"","meta":[],"pwb-brand":[3596],"product_brand":[],"product_cat":[3307,3296],"product_tag":[3671],"class_list":{"0":"post-340923","1":"product","2":"type-product","3":"status-publish","4":"has-post-thumbnail","6":"pwb-brand-zimna-stal","7":"product_cat-zamykanie-nozy","8":"product_cat-noze-pl","9":"product_tag-b2b-pl","11":"first","12":"instock","13":"taxable","14":"shipping-taxable","15":"purchasable","16":"product-type-simple"},"brands":[{"id":3596,"name":"Zimna stal","slug":"zimna-stal"}],"_links":{"self":[{"href":"https:\/\/www.moskito.cz\/pl\/wp-json\/wp\/v2\/product\/340923","targetHints":{"allow":["GET"]}}],"collection":[{"href":"https:\/\/www.moskito.cz\/pl\/wp-json\/wp\/v2\/product"}],"about":[{"href":"https:\/\/www.moskito.cz\/pl\/wp-json\/wp\/v2\/types\/product"}],"replies":[{"embeddable":true,"href":"https:\/\/www.moskito.cz\/pl\/wp-json\/wp\/v2\/comments?post=340923"}],"wp:featuredmedia":[{"embeddable":true,"href":"https:\/\/www.moskito.cz\/pl\/wp-json\/wp\/v2\/media\/340845"}],"wp:attachment":[{"href":"https:\/\/www.moskito.cz\/pl\/wp-json\/wp\/v2\/media?parent=340923"}],"wp:term":[{"taxonomy":"pwb-brand","embeddable":true,"href":"https:\/\/www.moskito.cz\/pl\/wp-json\/wp\/v2\/pwb-brand?post=340923"},{"taxonomy":"product_brand","embeddable":true,"href":"https:\/\/www.moskito.cz\/pl\/wp-json\/wp\/v2\/product_brand?post=340923"},{"taxonomy":"product_cat","embeddable":true,"href":"https:\/\/www.moskito.cz\/pl\/wp-json\/wp\/v2\/product_cat?post=340923"},{"taxonomy":"product_tag","embeddable":true,"href":"https:\/\/www.moskito.cz\/pl\/wp-json\/wp\/v2\/product_tag?post=340923"}],"curies":[{"name":"wp","href":"https:\/\/api.w.org\/{rel}","templated":true}]}}