{"id":341066,"date":"2024-05-18T00:48:59","date_gmt":"2024-05-17T23:50:52","guid":{"rendered":"https:\/\/www.moskito.cz\/produkt\/noz-skladany-cold-steel-espada-xl-ruby-red\/"},"modified":"2025-05-07T11:15:24","modified_gmt":"2025-05-07T10:15:24","slug":"noz-skladany-cold-steel-espada-xl-ruby-red","status":"publish","type":"product","link":"https:\/\/www.moskito.cz\/pl\/produkt\/noz-skladany-cold-steel-espada-xl-ruby-red\/","title":{"rendered":"N\u00f3\u017c sk\u0142adany Cold Steel ESPADA XL RUBY RED"},"content":{"rendered":"<p>N\u00f3\u017c sk\u0142adany <strong>Cold Steel<\/strong> ESPADA XL RUBY RED.<\/p>\n<p><strong>Firma Cold Steel<\/strong> nigdy nie ba\u0142a si\u0119 \u0142ama\u0107 konwencji. Dlatego w\u0142a\u015bnie, kiedy wszyscy w bran\u017cy tworzyli najmniejsze, najsmuklejsze i najlepsze ma\u0142e no\u017ce, jakie tylko mogli, firma Cold Steel wypu\u015bci\u0142a lini\u0119 ostrzy, kt\u00f3re mo\u017cna opisa\u0107 tylko jednym \u2013 mieczami kieszonkowymi!<\/p>\n<p><strong>Espada Cold Steel<\/strong> zosta\u0142a zainspirowana klasycznymi no\u017cami Navajo z Hiszpanii, ale by\u0142a ca\u0142kowicie nowoczesna zar\u00f3wno pod wzgl\u0119dem wygl\u0105du, jak i materia\u0142\u00f3w. Te megafoldery podbi\u0142y rynek szturmem! Stworzone we wsp\u00f3\u0142pracy mi\u0119dzy tw\u00f3rc\u0105 no\u017cy na zam\u00f3wienie Andrew Demke i Lynn C. Thompson, Espady s\u0105 dost\u0119pne w dw\u00f3ch rozmiarach, aby zadowoli\u0107 zar\u00f3wno odwa\u017cne, jak i najbardziej odwa\u017cne osoby! Pomimo imponuj\u0105cych rozmiar\u00f3w, zosta\u0142y one fachowo zaprojektowane tak, aby wygodnie i dyskretnie mie\u015bci\u0142y si\u0119 w kieszeni. Wkr\u00f3tce zapomnisz, \u017ce nosisz tak du\u017ce i imponuj\u0105ce ostrze. Wyposa\u017cone w opatentowan\u0105 p\u0142ytk\u0119 Demko Thumb Plate, du\u017ce i bardzo du\u017ce espady mieszcz\u0105 si\u0119 w kieszeni, otwieraj\u0105c n\u00f3\u017c w trakcie wyci\u0105gania &#8211; i otwieraj\u0105 si\u0119 w mgnieniu oka! Pi\u0119kne ostrza Espady wykonane s\u0105 z japo\u0144skiej stali nierdzewnej AUS-10A. Ka\u017cda Espada posiada opatentowany mechanizm blokuj\u0105cy Tri-Ad, kt\u00f3ry ma udowodnion\u0105 niesamowit\u0105 odporno\u015b\u0107 na uderzenia i wytrzyma\u0142o\u015b\u0107. W swoich notorycznie brutalnych testach produktu XL Espada nie tylko by\u0142a w stanie utrzyma\u0107 600 funt\u00f3w swobodnie wisz\u0105cego ci\u0119\u017caru, ale nawet u\u017cy\u0142a go do podparcia wisz\u0105cego bloku silnika!<\/p>\n<p>Czarny kolor<br \/>\nMateria\u0142 r\u0119koje\u015bci: D\u0142ugi G10<br \/>\nWaga: 402,56 g<br \/>\nRodzaj zamka: Blokada Tri-Ad<br \/>\nRozmiar ca\u0142kowity: 42,5 cm<br \/>\nD\u0142ugo\u015b\u0107 ostrza: 19 cm<br \/>\nD\u0142ugo\u015b\u0107 r\u0105czki: 23,4 cm<br \/>\nStal: AUS 10A<br \/>\nGrubo\u015b\u0107 ostrza: 0,4 cm<\/p>\n<p><iframe title=\"COLD STEEL&#039;S DEADLIEST WEAPON; ESPADA XL G10\" width=\"800\" height=\"450\" src=\"https:\/\/www.youtube.com\/embed\/iRajrg6Ku78?feature=oembed\" frameborder=\"0\" allow=\"accelerometer; autoplay; clipboard-write; encrypted-media; gyroscope; picture-in-picture; web-share\" referrerpolicy=\"strict-origin-when-cross-origin\" allowfullscreen><\/iframe><\/p>\n<p>&nbsp;<\/p>\n","protected":false},"excerpt":{"rendered":"<p><strong>Firma Cold Steel nigdy nie ba\u0142a si\u0119 \u0142ama\u0107 konwencji. Dlatego w\u0142a\u015bnie, kiedy wszyscy w bran\u017cy tworzyli najmniejsze, najsmuklejsze i najlepsze ma\u0142e no\u017ce, jakie tylko mogli, firma Cold Steel wypu\u015bci\u0142a lini\u0119 ostrzy, kt\u00f3re mo\u017cna opisa\u0107 tylko jednym \u2013 mieczami kieszonkowymi!<\/strong><\/p>\n<p><strong>Bezp\u0142atny transport.<\/strong><\/p>\n","protected":false},"featured_media":341027,"comment_status":"open","ping_status":"closed","template":"","meta":[],"pwb-brand":[3596],"product_brand":[],"product_cat":[3296,3307],"product_tag":[3671],"class_list":{"0":"post-341066","1":"product","2":"type-product","3":"status-publish","4":"has-post-thumbnail","6":"pwb-brand-zimna-stal","7":"product_cat-noze-pl","8":"product_cat-zamykanie-nozy","9":"product_tag-b2b-pl","11":"first","12":"instock","13":"taxable","14":"shipping-taxable","15":"purchasable","16":"product-type-simple"},"brands":[{"id":3596,"name":"Zimna stal","slug":"zimna-stal"}],"_links":{"self":[{"href":"https:\/\/www.moskito.cz\/pl\/wp-json\/wp\/v2\/product\/341066","targetHints":{"allow":["GET"]}}],"collection":[{"href":"https:\/\/www.moskito.cz\/pl\/wp-json\/wp\/v2\/product"}],"about":[{"href":"https:\/\/www.moskito.cz\/pl\/wp-json\/wp\/v2\/types\/product"}],"replies":[{"embeddable":true,"href":"https:\/\/www.moskito.cz\/pl\/wp-json\/wp\/v2\/comments?post=341066"}],"wp:featuredmedia":[{"embeddable":true,"href":"https:\/\/www.moskito.cz\/pl\/wp-json\/wp\/v2\/media\/341027"}],"wp:attachment":[{"href":"https:\/\/www.moskito.cz\/pl\/wp-json\/wp\/v2\/media?parent=341066"}],"wp:term":[{"taxonomy":"pwb-brand","embeddable":true,"href":"https:\/\/www.moskito.cz\/pl\/wp-json\/wp\/v2\/pwb-brand?post=341066"},{"taxonomy":"product_brand","embeddable":true,"href":"https:\/\/www.moskito.cz\/pl\/wp-json\/wp\/v2\/product_brand?post=341066"},{"taxonomy":"product_cat","embeddable":true,"href":"https:\/\/www.moskito.cz\/pl\/wp-json\/wp\/v2\/product_cat?post=341066"},{"taxonomy":"product_tag","embeddable":true,"href":"https:\/\/www.moskito.cz\/pl\/wp-json\/wp\/v2\/product_tag?post=341066"}],"curies":[{"name":"wp","href":"https:\/\/api.w.org\/{rel}","templated":true}]}}