{"id":341272,"date":"2024-05-19T20:11:47","date_gmt":"2024-05-19T19:12:41","guid":{"rendered":"https:\/\/www.moskito.cz\/produkt\/noz-skladany-cold-steel-verdict-spear\/"},"modified":"2025-05-07T11:15:28","modified_gmt":"2025-05-07T10:15:28","slug":"noz-skladany-cold-steel-verdict-spear","status":"publish","type":"product","link":"https:\/\/www.moskito.cz\/pl\/produkt\/noz-skladany-cold-steel-verdict-spear\/","title":{"rendered":"N\u00f3\u017c sk\u0142adany Cold Steel VERDICT SPEAR"},"content":{"rendered":"<p>N\u00f3\u017c sk\u0142adany <strong>Cold Steel<\/strong> VERDICT SPEAR.<\/p>\n<p>Lekki, \u0142atwy do otwarcia i wyposa\u017cony w bezpieczny zamek Tri-Ad\u00ae firmy Cold Steel, Verdict jest idealnym wyborem do codziennego noszenia. 3-calowe ostrze ze stali nierdzewnej 4116, hartowanej w kamieniu, z \u0142atwo\u015bci\u0105 chwyta i utrzymuje kraw\u0119d\u017a. Dzi\u0119ki wytrzyma\u0142ej r\u0119koje\u015bci GFN zaprojektowanej tak, aby wytrzyma\u0107 lata intensywnego u\u017cytkowania, ta obur\u0119czna jest dost\u0119pna w kombinacji styl\u00f3w ostrzy (clip point i spear point) oraz kolor\u00f3w r\u0119koje\u015bci.<\/p>\n<p>Werdykt serii:<\/p>\n<p>Werdykt jest decyzj\u0105, a seria sk\u0142adanych no\u017cy Cold Steel Verdict zapewnia u\u017cytkownikom zdecydowan\u0105 opcj\u0119 codziennego noszenia jak kamie\u0144. Verdict posiada sprawdzony i zaufany zamek Tri-Ad\u00ae, jest dost\u0119pny w dw\u00f3ch stalowych i dw\u00f3ch materia\u0142ach r\u0119koje\u015bci oraz r\u00f3\u017cnych kszta\u0142tach ostrzy.<\/p>\n<p>Stal: 4116SS<br \/>\nKolor: Stone Wash\/czarny<br \/>\nMateria\u0142 r\u0119koje\u015bci: GFN<br \/>\nWaga: 75 g<br \/>\nGrubo\u015b\u0107 ostrza: 0,3 cm<br \/>\nRozmiar ca\u0142kowity: 18,5 cm<br \/>\nD\u0142ugo\u015b\u0107 r\u0105czki: 10,6 cm<br \/>\nD\u0142ugo\u015b\u0107 ostrza: 7,9 cm<\/p>\n<p><iframe title=\"COLD STEEL VERDICT LINE OF KNIVES\" width=\"800\" height=\"450\" src=\"https:\/\/www.youtube.com\/embed\/6vn_iWyLzhQ?feature=oembed\" frameborder=\"0\" allow=\"accelerometer; autoplay; clipboard-write; encrypted-media; gyroscope; picture-in-picture; web-share\" referrerpolicy=\"strict-origin-when-cross-origin\" allowfullscreen><\/iframe><\/p>\n<p>&nbsp;<\/p>\n<p>&nbsp;<\/p>\n","protected":false},"excerpt":{"rendered":"<p><strong>Lekki, \u0142atwy do otwarcia i wyposa\u017cony w bezpieczny zamek Tri-Ad\u00ae firmy Cold Steel, Verdict jest idealnym wyborem do codziennego noszenia.<\/strong><\/p>\n","protected":false},"featured_media":341252,"comment_status":"open","ping_status":"closed","template":"","meta":[],"pwb-brand":[3596],"product_brand":[],"product_cat":[3296,3307],"product_tag":[3671],"class_list":{"0":"post-341272","1":"product","2":"type-product","3":"status-publish","4":"has-post-thumbnail","6":"pwb-brand-zimna-stal","7":"product_cat-noze-pl","8":"product_cat-zamykanie-nozy","9":"product_tag-b2b-pl","11":"first","12":"instock","13":"taxable","14":"shipping-taxable","15":"purchasable","16":"product-type-simple"},"brands":[{"id":3596,"name":"Zimna stal","slug":"zimna-stal"}],"_links":{"self":[{"href":"https:\/\/www.moskito.cz\/pl\/wp-json\/wp\/v2\/product\/341272","targetHints":{"allow":["GET"]}}],"collection":[{"href":"https:\/\/www.moskito.cz\/pl\/wp-json\/wp\/v2\/product"}],"about":[{"href":"https:\/\/www.moskito.cz\/pl\/wp-json\/wp\/v2\/types\/product"}],"replies":[{"embeddable":true,"href":"https:\/\/www.moskito.cz\/pl\/wp-json\/wp\/v2\/comments?post=341272"}],"wp:featuredmedia":[{"embeddable":true,"href":"https:\/\/www.moskito.cz\/pl\/wp-json\/wp\/v2\/media\/341252"}],"wp:attachment":[{"href":"https:\/\/www.moskito.cz\/pl\/wp-json\/wp\/v2\/media?parent=341272"}],"wp:term":[{"taxonomy":"pwb-brand","embeddable":true,"href":"https:\/\/www.moskito.cz\/pl\/wp-json\/wp\/v2\/pwb-brand?post=341272"},{"taxonomy":"product_brand","embeddable":true,"href":"https:\/\/www.moskito.cz\/pl\/wp-json\/wp\/v2\/product_brand?post=341272"},{"taxonomy":"product_cat","embeddable":true,"href":"https:\/\/www.moskito.cz\/pl\/wp-json\/wp\/v2\/product_cat?post=341272"},{"taxonomy":"product_tag","embeddable":true,"href":"https:\/\/www.moskito.cz\/pl\/wp-json\/wp\/v2\/product_tag?post=341272"}],"curies":[{"name":"wp","href":"https:\/\/api.w.org\/{rel}","templated":true}]}}